{"id":664,"date":"2020-01-20T14:50:47","date_gmt":"2020-01-20T13:50:47","guid":{"rendered":"http:\/\/gwgyaakhw.preview.infomaniak.website\/?page_id=664"},"modified":"2020-01-29T11:59:41","modified_gmt":"2020-01-29T10:59:41","slug":"demain-hier","status":"publish","type":"page","link":"https:\/\/mirjamlandolt.com\/de\/demain-hier\/","title":{"rendered":"morgen heute"},"content":{"rendered":"<p>[et_pb_section fb_built=\u00a0\u00bb1&Prime; _builder_version=\u00a0\u00bb4.2.2&Prime; background_color=\u00a0\u00bb#fffffb\u00a0\u00bb custom_margin=\u00a0\u00bb||||false|true\u00a0\u00bb custom_padding=\u00a0\u00bb8%|5%|5%|5%|false|true\u00a0\u00bb hover_enabled=\u00a0\u00bb0&Prime; custom_padding_last_edited=\u00a0\u00bbon|phone\u00a0\u00bb custom_padding_phone=\u00a0\u00bb1%||||false|true\u00a0\u00bb][et_pb_row column_structure=\u00a0\u00bb3_5,2_5&Prime; custom_padding_last_edited=\u00a0\u00bbon|phone\u00a0\u00bb _builder_version=\u00a0\u00bb4.2.2&Prime; width=\u00a0\u00bb100%\u00a0\u00bb max_width=\u00a0\u00bb2560px\u00a0\u00bb custom_margin=\u00a0\u00bb||||false|false\u00a0\u00bb custom_padding=\u00a0\u00bb||||true|true\u00a0\u00bb custom_padding_tablet=\u00a0\u00bb||||false|true\u00a0\u00bb custom_padding_phone=\u00a0\u00bb||||false|true\u00a0\u00bb][et_pb_column type=\u00a0\u00bb3_5&Prime; _builder_version=\u00a0\u00bb4.1&Prime;][et_pb_code _builder_version=\u00a0\u00bb4.2.2&Prime; background_color=\u00a0\u00bb#000000&Prime; custom_margin=\u00a0\u00bb0px||0px||true|false\u00a0\u00bb custom_padding=\u00a0\u00bb||0px||false|false\u00a0\u00bb]<iframe loading=\"lazy\" src=\"https:\/\/player.vimeo.com\/video\/35899611?color=b2dfdb&#038;title=0&#038;byline=0&#038;portrait=0\" width=\"640\" height=\"480\" frameborder=\"0\" allow=\"autoplay; fullscreen\" allowfullscreen><\/iframe>[\/et_pb_code][et_pb_text _builder_version=\u00a0\u00bb4.2.2&Prime; custom_padding=\u00a0\u00bb||||false|false\u00a0\u00bb hover_enabled=\u00a0\u00bb0&Prime; text_font_size_last_edited=\u00a0\u00bbon|phone\u00a0\u00bb text_font_size_phone=\u00a0\u00bb12px\u00a0\u00bb text_line_height_last_edited=\u00a0\u00bbon|phone\u00a0\u00bb text_line_height_phone=\u00a0\u00bb1em\u00a0\u00bb custom_padding_last_edited=\u00a0\u00bbon|phone\u00a0\u00bb custom_padding_phone=\u00a0\u00bb2%||||false|false\u00a0\u00bb content_last_edited=\u00a0\u00bbon|desktop\u00a0\u00bb content_phone=\u00a0\u00bb<\/p>\n<p>demain hier \u2013 court-m\u00e9trage\u00a0<br \/>\u00a9 2010, mirjam landolt<\/p>\n<p>\u00ab\u00a0]<\/p>\n<p>morgen heute \u2013 kurzfilm \u00a9 2010, mirjam landolt<\/p>\n<p>[\/et_pb_text][\/et_pb_column][et_pb_column type=\u00a0\u00bb2_5&Prime; _builder_version=\u00a0\u00bb4.1&Prime;][et_pb_text _builder_version=\u00a0\u00bb4.1&Prime; header_font=\u00a0\u00bbDM Sans||||||||\u00a0\u00bb header_font_size=\u00a0\u00bb4vw\u00a0\u00bb custom_padding=\u00a0\u00bb0px|||||\u00a0\u00bb header_font_size_tablet=\u00a0\u00bb7vw\u00a0\u00bb header_font_size_phone=\u00a0\u00bb10vw\u00a0\u00bb header_font_size_last_edited=\u00a0\u00bbon|phone\u00a0\u00bb]<\/p>\n<h1>morgen heute<\/h1>\n<p>von <span style=\"text-decoration: underline;\">mirjam landolt<\/span>, 2010<br \/> mit <span style=\"text-decoration: underline;\">alice rey<\/span> und <span style=\"text-decoration: underline;\">no\u00e9mie brinkley<\/span><\/p>\n<p>[\/et_pb_text][et_pb_text _builder_version=\u00a0\u00bb4.2.2&Prime; custom_padding=\u00a0\u00bb3%||3%|0%|true|false\u00a0\u00bb border_width_top=\u00a0\u00bb2px\u00a0\u00bb border_width_bottom=\u00a0\u00bb2px\u00a0\u00bb]<\/p>\n<p class=\"translation-block\"><span><b><span class=\"Apple-tab-span\"> <\/span><\/b><\/span>super 8 \/ schwarz-weiss \/ 9 min \/ Schweiz<br> Produktion <span style=\"text-decoration: underline\">HEAD<\/span><span><span class=\"Apple-converted-space\"><br> \u2605 <\/span><\/span>Selektion <span style=\"text-decoration: underline\">Flare #13 in Montpellier<\/span>, 2010<\/p>\n<p>[\/et_pb_text][et_pb_text _builder_version=\u00a0\u00bb4.2.2&Prime;]<\/p>\n<p class=\"translation-block\">eine junge Schlafende<br> in der Einsamkeit einer nebligen Landschaft<br> Bilder eines Tagtraums<br> der zum Licht, zur Kindheit f\u00fchrt<br> dem Gewicht der Erde entfliehen<\/p>\n<p>[\/et_pb_text][\/et_pb_column][\/et_pb_row][\/et_pb_section]<\/p>","protected":false},"excerpt":{"rendered":"<p>demain hier \u2013 court-m\u00e9trage\u00a0\u00a9 2010, mirjam landolt demain hier de mirjam landolt, 2010 avec alice rey et no\u00e9mie brinkley super 8 \/ noir-blanc \/ 9 min. \/ Suisse Production HEAD \u2605\u00a0S\u00e9lection Flare #13 \u00e0 Montpellier,\u00a02010Une jeune dormeuse dans la solitude d\u2019un paysage de brume, images d\u2019un r\u00eave \u00e9veill\u00e9 menant \u00e0 la lumi\u00e8re, \u00e0 l\u2019enfance s\u2019\u00e9chapper [&hellip;]<\/p>","protected":false},"author":1,"featured_media":0,"parent":0,"menu_order":0,"comment_status":"closed","ping_status":"closed","template":"","meta":{"_et_pb_use_builder":"on","_et_pb_old_content":"","_et_gb_content_width":"","footnotes":""},"class_list":["post-664","page","type-page","status-publish","hentry"],"yoast_head":"<!-- This site is optimized with the Yoast SEO plugin v23.9 - https:\/\/yoast.com\/wordpress\/plugins\/seo\/ -->\n<title>demain hier - Mirjam Landolt<\/title>\n<meta name=\"description\" content=\"court-m\u00e9trage de la cin\u00e9aste mirjam landolt. 2010. Avec Alice Rey et No\u00e9mie Brinkley. Super 8 \/ noir-blanc \/ 9 min. \/ Suisse. Production HEAD.\" \/>\n<meta name=\"robots\" content=\"index, follow, max-snippet:-1, max-image-preview:large, max-video-preview:-1\" \/>\n<link rel=\"canonical\" href=\"https:\/\/mirjamlandolt.com\/de\/demain-hier\/\" \/>\n<meta property=\"og:locale\" content=\"de_DE\" \/>\n<meta property=\"og:type\" content=\"article\" \/>\n<meta property=\"og:title\" content=\"demain hier - Mirjam Landolt\" \/>\n<meta property=\"og:description\" content=\"court-m\u00e9trage de la cin\u00e9aste mirjam landolt. 2010. Avec Alice Rey et No\u00e9mie Brinkley. Super 8 \/ noir-blanc \/ 9 min. \/ Suisse. Production HEAD.\" \/>\n<meta property=\"og:url\" content=\"https:\/\/mirjamlandolt.com\/de\/demain-hier\/\" \/>\n<meta property=\"og:site_name\" content=\"Mirjam Landolt\" \/>\n<meta property=\"article:modified_time\" content=\"2020-01-29T10:59:41+00:00\" \/>\n<meta name=\"twitter:card\" content=\"summary_large_image\" \/>\n<meta name=\"twitter:label1\" content=\"Gesch\u00e4tzte Lesezeit\" \/>\n\t<meta name=\"twitter:data1\" content=\"1\u00a0Minute\" \/>\n<script type=\"application\/ld+json\" class=\"yoast-schema-graph\">{\"@context\":\"https:\/\/schema.org\",\"@graph\":[{\"@type\":\"WebPage\",\"@id\":\"https:\/\/mirjamlandolt.com\/demain-hier\/\",\"url\":\"https:\/\/mirjamlandolt.com\/demain-hier\/\",\"name\":\"demain hier - Mirjam Landolt\",\"isPartOf\":{\"@id\":\"https:\/\/mirjamlandolt.com\/#website\"},\"datePublished\":\"2020-01-20T13:50:47+00:00\",\"dateModified\":\"2020-01-29T10:59:41+00:00\",\"description\":\"court-m\u00e9trage de la cin\u00e9aste mirjam landolt. 2010. Avec Alice Rey et No\u00e9mie Brinkley. Super 8 \/ noir-blanc \/ 9 min. \/ Suisse. Production HEAD.\",\"breadcrumb\":{\"@id\":\"https:\/\/mirjamlandolt.com\/demain-hier\/#breadcrumb\"},\"inLanguage\":\"de-CH\",\"potentialAction\":[{\"@type\":\"ReadAction\",\"target\":[\"https:\/\/mirjamlandolt.com\/demain-hier\/\"]}]},{\"@type\":\"BreadcrumbList\",\"@id\":\"https:\/\/mirjamlandolt.com\/demain-hier\/#breadcrumb\",\"itemListElement\":[{\"@type\":\"ListItem\",\"position\":1,\"name\":\"Accueil\",\"item\":\"https:\/\/mirjamlandolt.com\/\"},{\"@type\":\"ListItem\",\"position\":2,\"name\":\"demain hier\"}]},{\"@type\":\"WebSite\",\"@id\":\"https:\/\/mirjamlandolt.com\/#website\",\"url\":\"https:\/\/mirjamlandolt.com\/\",\"name\":\"Mirjam Landolt\",\"description\":\"Portfolio\",\"potentialAction\":[{\"@type\":\"SearchAction\",\"target\":{\"@type\":\"EntryPoint\",\"urlTemplate\":\"https:\/\/mirjamlandolt.com\/?s={search_term_string}\"},\"query-input\":{\"@type\":\"PropertyValueSpecification\",\"valueRequired\":true,\"valueName\":\"search_term_string\"}}],\"inLanguage\":\"de-CH\"}]}<\/script>\n<!-- \/ Yoast SEO plugin. -->","yoast_head_json":{"title":"demain hier - Mirjam Landolt","description":"court-m\u00e9trage de la cin\u00e9aste mirjam landolt. 2010. Avec Alice Rey et No\u00e9mie Brinkley. Super 8 \/ noir-blanc \/ 9 min. \/ Suisse. Production HEAD.","robots":{"index":"index","follow":"follow","max-snippet":"max-snippet:-1","max-image-preview":"max-image-preview:large","max-video-preview":"max-video-preview:-1"},"canonical":"https:\/\/mirjamlandolt.com\/de\/demain-hier\/","og_locale":"de_DE","og_type":"article","og_title":"demain hier - Mirjam Landolt","og_description":"court-m\u00e9trage de la cin\u00e9aste mirjam landolt. 2010. Avec Alice Rey et No\u00e9mie Brinkley. Super 8 \/ noir-blanc \/ 9 min. \/ Suisse. Production HEAD.","og_url":"https:\/\/mirjamlandolt.com\/de\/demain-hier\/","og_site_name":"Mirjam Landolt","article_modified_time":"2020-01-29T10:59:41+00:00","twitter_card":"summary_large_image","twitter_misc":{"Gesch\u00e4tzte Lesezeit":"1\u00a0Minute"},"schema":{"@context":"https:\/\/schema.org","@graph":[{"@type":"WebPage","@id":"https:\/\/mirjamlandolt.com\/demain-hier\/","url":"https:\/\/mirjamlandolt.com\/demain-hier\/","name":"demain hier - Mirjam Landolt","isPartOf":{"@id":"https:\/\/mirjamlandolt.com\/#website"},"datePublished":"2020-01-20T13:50:47+00:00","dateModified":"2020-01-29T10:59:41+00:00","description":"court-m\u00e9trage de la cin\u00e9aste mirjam landolt. 2010. Avec Alice Rey et No\u00e9mie Brinkley. Super 8 \/ noir-blanc \/ 9 min. \/ Suisse. Production HEAD.","breadcrumb":{"@id":"https:\/\/mirjamlandolt.com\/demain-hier\/#breadcrumb"},"inLanguage":"de-CH","potentialAction":[{"@type":"ReadAction","target":["https:\/\/mirjamlandolt.com\/demain-hier\/"]}]},{"@type":"BreadcrumbList","@id":"https:\/\/mirjamlandolt.com\/demain-hier\/#breadcrumb","itemListElement":[{"@type":"ListItem","position":1,"name":"Accueil","item":"https:\/\/mirjamlandolt.com\/"},{"@type":"ListItem","position":2,"name":"demain hier"}]},{"@type":"WebSite","@id":"https:\/\/mirjamlandolt.com\/#website","url":"https:\/\/mirjamlandolt.com\/","name":"Mirjam Landolt","description":"Portfolio","potentialAction":[{"@type":"SearchAction","target":{"@type":"EntryPoint","urlTemplate":"https:\/\/mirjamlandolt.com\/?s={search_term_string}"},"query-input":{"@type":"PropertyValueSpecification","valueRequired":true,"valueName":"search_term_string"}}],"inLanguage":"de-CH"}]}},"_links":{"self":[{"href":"https:\/\/mirjamlandolt.com\/de\/wp-json\/wp\/v2\/pages\/664","targetHints":{"allow":["GET"]}}],"collection":[{"href":"https:\/\/mirjamlandolt.com\/de\/wp-json\/wp\/v2\/pages"}],"about":[{"href":"https:\/\/mirjamlandolt.com\/de\/wp-json\/wp\/v2\/types\/page"}],"author":[{"embeddable":true,"href":"https:\/\/mirjamlandolt.com\/de\/wp-json\/wp\/v2\/users\/1"}],"replies":[{"embeddable":true,"href":"https:\/\/mirjamlandolt.com\/de\/wp-json\/wp\/v2\/comments?post=664"}],"version-history":[{"count":21,"href":"https:\/\/mirjamlandolt.com\/de\/wp-json\/wp\/v2\/pages\/664\/revisions"}],"predecessor-version":[{"id":1528,"href":"https:\/\/mirjamlandolt.com\/de\/wp-json\/wp\/v2\/pages\/664\/revisions\/1528"}],"wp:attachment":[{"href":"https:\/\/mirjamlandolt.com\/de\/wp-json\/wp\/v2\/media?parent=664"}],"curies":[{"name":"wp","href":"https:\/\/api.w.org\/{rel}","templated":true}]}}