{"id":659,"date":"2020-01-20T14:49:55","date_gmt":"2020-01-20T13:49:55","guid":{"rendered":"http:\/\/gwgyaakhw.preview.infomaniak.website\/?page_id=659"},"modified":"2022-09-27T15:03:34","modified_gmt":"2022-09-27T13:03:34","slug":"kiss","status":"publish","type":"page","link":"https:\/\/mirjamlandolt.com\/de\/kiss\/","title":{"rendered":"kiss"},"content":{"rendered":"<p>[et_pb_section fb_built=\u00a0\u00bb1&Prime; custom_padding_last_edited=\u00a0\u00bbon|phone\u00a0\u00bb _builder_version=\u00a0\u00bb4.16&Prime; background_color=\u00a0\u00bb#fffffb\u00a0\u00bb custom_margin=\u00a0\u00bb||||false|true\u00a0\u00bb custom_padding=\u00a0\u00bb8%|5%|5%|5%|false|true\u00a0\u00bb custom_padding_tablet=\u00a0\u00bb\u00a0\u00bb custom_padding_phone=\u00a0\u00bb1%||||false|true\u00a0\u00bb global_colors_info=\u00a0\u00bb{}\u00a0\u00bb][et_pb_row column_structure=\u00a0\u00bb3_5,2_5&Prime; custom_padding_last_edited=\u00a0\u00bbon|phone\u00a0\u00bb _builder_version=\u00a0\u00bb4.16&Prime; width=\u00a0\u00bb100%\u00a0\u00bb max_width=\u00a0\u00bb2560px\u00a0\u00bb custom_margin=\u00a0\u00bb||||false|false\u00a0\u00bb custom_padding=\u00a0\u00bb||||false|true\u00a0\u00bb custom_padding_tablet=\u00a0\u00bb||||false|true\u00a0\u00bb custom_padding_phone=\u00a0\u00bb||||false|true\u00a0\u00bb global_colors_info=\u00a0\u00bb{}\u00a0\u00bb][et_pb_column type=\u00a0\u00bb3_5&Prime; _builder_version=\u00a0\u00bb4.16&Prime; global_colors_info=\u00a0\u00bb{}\u00a0\u00bb][et_pb_image src=\u00a0\u00bbhttp:\/\/gwgyaakhw.preview.infomaniak.website\/wp-content\/uploads\/2020\/01\/kiss.gif\u00a0\u00bb align=\u00a0\u00bbcenter\u00a0\u00bb _builder_version=\u00a0\u00bb4.16&Prime; background_color=\u00a0\u00bb#000000&Prime; custom_margin=\u00a0\u00bb||0px||false|false\u00a0\u00bb global_colors_info=\u00a0\u00bb{}\u00a0\u00bb][\/et_pb_image][et_pb_text _builder_version=\u00a0\u00bb4.16&Prime; custom_padding=\u00a0\u00bb||||false|false\u00a0\u00bb custom_padding_tablet=\u00a0\u00bb\u00a0\u00bb custom_padding_phone=\u00a0\u00bb2%||||false|false\u00a0\u00bb custom_padding_last_edited=\u00a0\u00bbon|phone\u00a0\u00bb text_font_size_tablet=\u00a0\u00bb\u00a0\u00bb text_font_size_phone=\u00a0\u00bb12px\u00a0\u00bb text_font_size_last_edited=\u00a0\u00bbon|phone\u00a0\u00bb text_line_height_tablet=\u00a0\u00bb\u00a0\u00bb text_line_height_phone=\u00a0\u00bb1em\u00a0\u00bb text_line_height_last_edited=\u00a0\u00bbon|desktop\u00a0\u00bb global_colors_info=\u00a0\u00bb{}\u00a0\u00bb]<\/p>\n<p>kiss \u2013 photos \u00a9 2011, mirjam landolt<\/p>\n<p>[\/et_pb_text][\/et_pb_column][et_pb_column type=\u00a0\u00bb2_5&Prime; _builder_version=\u00a0\u00bb4.16&Prime; global_colors_info=\u00a0\u00bb{}\u00a0\u00bb][et_pb_text _builder_version=\u00a0\u00bb4.17.4&Prime; header_font=\u00a0\u00bbDM Sans||||||||\u00a0\u00bb header_font_size=\u00a0\u00bb4vw\u00a0\u00bb custom_padding=\u00a0\u00bb0px|||||\u00a0\u00bb header_font_size_tablet=\u00a0\u00bb7vw\u00a0\u00bb header_font_size_phone=\u00a0\u00bb10vw\u00a0\u00bb header_font_size_last_edited=\u00a0\u00bbon|phone\u00a0\u00bb global_colors_info=\u00a0\u00bb{}\u00a0\u00bb]<\/p>\n<h1>kiss<\/h1>\n<p><span>eine Serie von 15 photographien von <\/span><span class=\"\">mirjam landolt<\/span><span>, 2011<br \/>mit <span style=\"text-decoration: underline;\">c<\/span><u class=\"\">hristophe kiss<\/u> &amp; <u class=\"\">seinen marionnetten<\/u><\/span><\/p>\n<p>[\/et_pb_text][et_pb_text _builder_version=\u00a0\u00bb4.18.0&Prime; custom_padding=\u00a0\u00bb3%||3%|0%|true|false\u00a0\u00bb hover_enabled=\u00a0\u00bb0&Prime; border_width_top=\u00a0\u00bb2px\u00a0\u00bb border_width_bottom=\u00a0\u00bb2px\u00a0\u00bb global_colors_info=\u00a0\u00bb{}\u00a0\u00bb sticky_enabled=\u00a0\u00bb0&Prime;]<\/p>\n<p><span>\u2605 Ausstellung eines Teils der Serie im Rahmen der Ausstellung von <a href=\"https:\/\/www.sculpturemarionnettes.com\/exposition-ao\u00fbt-2022-\u00e0-rolle\/\">Atelier ORNICAR - Olga Giner &amp; Christophe Kiss<\/a> im <a href=\"http:\/\/chateauderolle.ch\">ch\u00e2teau de Rolle<\/a> (2022)<\/span><br \/><span>\u2605\u00a0<\/span>Ausstellung auf Einladung der <span style=\"text-decoration: underline;\">Stiftung WIF<\/span> in Meggen (2011)<br \/><span>\u2605 Ausstellung in der <span style=\"text-decoration: underline;\">Villa Dutoit<\/span> in Genf (2011)<\/span><\/p>\n<p>[\/et_pb_text][et_pb_text _builder_version=\u00a0\u00bb4.17.4&Prime; global_colors_info=\u00a0\u00bb{}\u00a0\u00bb]<\/p>\n<p class=\"translation-block\"><span>Auf Einladung der Villa Dutoit, im Rahmen einer kollektiven Ausstellung, eine Serie von Photographien ums Thema <u class=\"\">Studio<\/u> zu kreieren, habe ich w\u00e4hrend mehreren Monaten die Arbeit vom Marionnetten-Skulpteur <a href=\"https:\/\/www.sculpturemarionnettes.com\" target=\"_blank\" rel=\"noopener noreferrer\">Christophe Kiss<\/a><a href=\"https:\/\/www.sculpturemarionnettes.com\/\" target=\"_blank\" rel=\"noopener noreferrer\" class=\"\"><\/a> begleitet. Seine H\u00e4nde haben die Charakteren f\u00fcr das St\u00fcck <u class=\"\">Rabelais, la nuit<\/u> von <u class=\"\"> Serge Martin<\/u><\/span> zum Leben erweckt<\/p>\n<p>[\/et_pb_text][\/et_pb_column][\/et_pb_row][\/et_pb_section]<\/p>","protected":false},"excerpt":{"rendered":"<p>kiss \u2013 photos \u00a9 2011, mirjam landoltkiss s\u00e9rie de 15 photographies\u00a0de mirjam landolt, 2011avec christophe kiss &amp; ses marionnettes\u2605 exposition d&rsquo;une partie de la s\u00e9rie dans le cadre de l&rsquo;exposition de l&rsquo;atelier ORNICAR &#8211; Olga Giner &amp; Christophe Kiss au ch\u00e2teau de Rolle (2022)\u2605\u00a0exposition invit\u00e9e par la fondation WIF \u00e0 Meggen (2011)\u2605 exposition \u00e0 la [&hellip;]<\/p>","protected":false},"author":1,"featured_media":0,"parent":0,"menu_order":0,"comment_status":"closed","ping_status":"closed","template":"","meta":{"_et_pb_use_builder":"on","_et_pb_old_content":"","_et_gb_content_width":"","footnotes":""},"class_list":["post-659","page","type-page","status-publish","hentry"],"yoast_head":"<!-- This site is optimized with the Yoast SEO plugin v23.9 - https:\/\/yoast.com\/wordpress\/plugins\/seo\/ -->\n<title>kiss - Mirjam Landolt<\/title>\n<meta name=\"description\" content=\"Images argentiques en noir blanc sur le travail du sculpteur de marionettes Christope Kiss de la photographe Mirjam Landolt. 2011.\" \/>\n<meta name=\"robots\" content=\"index, follow, max-snippet:-1, max-image-preview:large, max-video-preview:-1\" \/>\n<link rel=\"canonical\" href=\"https:\/\/mirjamlandolt.com\/de\/kiss\/\" \/>\n<meta property=\"og:locale\" content=\"de_DE\" \/>\n<meta property=\"og:type\" content=\"article\" \/>\n<meta property=\"og:title\" content=\"kiss - Mirjam Landolt\" \/>\n<meta property=\"og:description\" content=\"Images argentiques en noir blanc sur le travail du sculpteur de marionettes Christope Kiss de la photographe Mirjam Landolt. 2011.\" \/>\n<meta property=\"og:url\" content=\"https:\/\/mirjamlandolt.com\/de\/kiss\/\" \/>\n<meta property=\"og:site_name\" content=\"Mirjam Landolt\" \/>\n<meta property=\"article:modified_time\" content=\"2022-09-27T13:03:34+00:00\" \/>\n<meta name=\"twitter:card\" content=\"summary_large_image\" \/>\n<meta name=\"twitter:label1\" content=\"Gesch\u00e4tzte Lesezeit\" \/>\n\t<meta name=\"twitter:data1\" content=\"1\u00a0Minute\" \/>\n<script type=\"application\/ld+json\" class=\"yoast-schema-graph\">{\"@context\":\"https:\/\/schema.org\",\"@graph\":[{\"@type\":\"WebPage\",\"@id\":\"https:\/\/mirjamlandolt.com\/kiss\/\",\"url\":\"https:\/\/mirjamlandolt.com\/kiss\/\",\"name\":\"kiss - Mirjam Landolt\",\"isPartOf\":{\"@id\":\"https:\/\/mirjamlandolt.com\/#website\"},\"datePublished\":\"2020-01-20T13:49:55+00:00\",\"dateModified\":\"2022-09-27T13:03:34+00:00\",\"description\":\"Images argentiques en noir blanc sur le travail du sculpteur de marionettes Christope Kiss de la photographe Mirjam Landolt. 2011.\",\"breadcrumb\":{\"@id\":\"https:\/\/mirjamlandolt.com\/kiss\/#breadcrumb\"},\"inLanguage\":\"de-CH\",\"potentialAction\":[{\"@type\":\"ReadAction\",\"target\":[\"https:\/\/mirjamlandolt.com\/kiss\/\"]}]},{\"@type\":\"BreadcrumbList\",\"@id\":\"https:\/\/mirjamlandolt.com\/kiss\/#breadcrumb\",\"itemListElement\":[{\"@type\":\"ListItem\",\"position\":1,\"name\":\"Accueil\",\"item\":\"https:\/\/mirjamlandolt.com\/\"},{\"@type\":\"ListItem\",\"position\":2,\"name\":\"kiss\"}]},{\"@type\":\"WebSite\",\"@id\":\"https:\/\/mirjamlandolt.com\/#website\",\"url\":\"https:\/\/mirjamlandolt.com\/\",\"name\":\"Mirjam Landolt\",\"description\":\"Portfolio\",\"potentialAction\":[{\"@type\":\"SearchAction\",\"target\":{\"@type\":\"EntryPoint\",\"urlTemplate\":\"https:\/\/mirjamlandolt.com\/?s={search_term_string}\"},\"query-input\":{\"@type\":\"PropertyValueSpecification\",\"valueRequired\":true,\"valueName\":\"search_term_string\"}}],\"inLanguage\":\"de-CH\"}]}<\/script>\n<!-- \/ Yoast SEO plugin. -->","yoast_head_json":{"title":"kiss - Mirjam Landolt","description":"Images argentiques en noir blanc sur le travail du sculpteur de marionettes Christope Kiss de la photographe Mirjam Landolt. 2011.","robots":{"index":"index","follow":"follow","max-snippet":"max-snippet:-1","max-image-preview":"max-image-preview:large","max-video-preview":"max-video-preview:-1"},"canonical":"https:\/\/mirjamlandolt.com\/de\/kiss\/","og_locale":"de_DE","og_type":"article","og_title":"kiss - Mirjam Landolt","og_description":"Images argentiques en noir blanc sur le travail du sculpteur de marionettes Christope Kiss de la photographe Mirjam Landolt. 2011.","og_url":"https:\/\/mirjamlandolt.com\/de\/kiss\/","og_site_name":"Mirjam Landolt","article_modified_time":"2022-09-27T13:03:34+00:00","twitter_card":"summary_large_image","twitter_misc":{"Gesch\u00e4tzte Lesezeit":"1\u00a0Minute"},"schema":{"@context":"https:\/\/schema.org","@graph":[{"@type":"WebPage","@id":"https:\/\/mirjamlandolt.com\/kiss\/","url":"https:\/\/mirjamlandolt.com\/kiss\/","name":"kiss - Mirjam Landolt","isPartOf":{"@id":"https:\/\/mirjamlandolt.com\/#website"},"datePublished":"2020-01-20T13:49:55+00:00","dateModified":"2022-09-27T13:03:34+00:00","description":"Images argentiques en noir blanc sur le travail du sculpteur de marionettes Christope Kiss de la photographe Mirjam Landolt. 2011.","breadcrumb":{"@id":"https:\/\/mirjamlandolt.com\/kiss\/#breadcrumb"},"inLanguage":"de-CH","potentialAction":[{"@type":"ReadAction","target":["https:\/\/mirjamlandolt.com\/kiss\/"]}]},{"@type":"BreadcrumbList","@id":"https:\/\/mirjamlandolt.com\/kiss\/#breadcrumb","itemListElement":[{"@type":"ListItem","position":1,"name":"Accueil","item":"https:\/\/mirjamlandolt.com\/"},{"@type":"ListItem","position":2,"name":"kiss"}]},{"@type":"WebSite","@id":"https:\/\/mirjamlandolt.com\/#website","url":"https:\/\/mirjamlandolt.com\/","name":"Mirjam Landolt","description":"Portfolio","potentialAction":[{"@type":"SearchAction","target":{"@type":"EntryPoint","urlTemplate":"https:\/\/mirjamlandolt.com\/?s={search_term_string}"},"query-input":{"@type":"PropertyValueSpecification","valueRequired":true,"valueName":"search_term_string"}}],"inLanguage":"de-CH"}]}},"_links":{"self":[{"href":"https:\/\/mirjamlandolt.com\/de\/wp-json\/wp\/v2\/pages\/659","targetHints":{"allow":["GET"]}}],"collection":[{"href":"https:\/\/mirjamlandolt.com\/de\/wp-json\/wp\/v2\/pages"}],"about":[{"href":"https:\/\/mirjamlandolt.com\/de\/wp-json\/wp\/v2\/types\/page"}],"author":[{"embeddable":true,"href":"https:\/\/mirjamlandolt.com\/de\/wp-json\/wp\/v2\/users\/1"}],"replies":[{"embeddable":true,"href":"https:\/\/mirjamlandolt.com\/de\/wp-json\/wp\/v2\/comments?post=659"}],"version-history":[{"count":30,"href":"https:\/\/mirjamlandolt.com\/de\/wp-json\/wp\/v2\/pages\/659\/revisions"}],"predecessor-version":[{"id":2099,"href":"https:\/\/mirjamlandolt.com\/de\/wp-json\/wp\/v2\/pages\/659\/revisions\/2099"}],"wp:attachment":[{"href":"https:\/\/mirjamlandolt.com\/de\/wp-json\/wp\/v2\/media?parent=659"}],"curies":[{"name":"wp","href":"https:\/\/api.w.org\/{rel}","templated":true}]}}