{"id":646,"date":"2020-01-20T14:46:20","date_gmt":"2020-01-20T13:46:20","guid":{"rendered":"http:\/\/gwgyaakhw.preview.infomaniak.website\/?page_id=646"},"modified":"2023-06-28T15:36:42","modified_gmt":"2023-06-28T13:36:42","slug":"lachez-les-renes","status":"publish","type":"page","link":"https:\/\/mirjamlandolt.com\/de\/lachez-les-renes\/","title":{"rendered":"l\u00e2chez les r\u00eanes !"},"content":{"rendered":"<p>[et_pb_section fb_built=\u00a0\u00bb1&Prime; custom_padding_last_edited=\u00a0\u00bbon|phone\u00a0\u00bb _builder_version=\u00a0\u00bb4.16&Prime; background_color=\u00a0\u00bb#fffffb\u00a0\u00bb custom_margin=\u00a0\u00bb||||false|true\u00a0\u00bb custom_padding=\u00a0\u00bb8%|5%|5%|5%|false|true\u00a0\u00bb custom_padding_tablet=\u00a0\u00bb\u00a0\u00bb custom_padding_phone=\u00a0\u00bb1%||||false|true\u00a0\u00bb global_colors_info=\u00a0\u00bb{}\u00a0\u00bb][et_pb_row column_structure=\u00a0\u00bb3_5,2_5&Prime; custom_padding_last_edited=\u00a0\u00bbon|phone\u00a0\u00bb _builder_version=\u00a0\u00bb4.16&Prime; width=\u00a0\u00bb100%\u00a0\u00bb max_width=\u00a0\u00bb2560px\u00a0\u00bb custom_margin=\u00a0\u00bb||||false|false\u00a0\u00bb custom_padding=\u00a0\u00bb||||true|true\u00a0\u00bb custom_padding_tablet=\u00a0\u00bb||||false|true\u00a0\u00bb custom_padding_phone=\u00a0\u00bb||||false|true\u00a0\u00bb global_colors_info=\u00a0\u00bb{}\u00a0\u00bb][et_pb_column type=\u00a0\u00bb3_5&Prime; _builder_version=\u00a0\u00bb4.16&Prime; global_colors_info=\u00a0\u00bb{}\u00a0\u00bb][et_pb_image src=\u00a0\u00bbhttp:\/\/mirjamlandolt.com\/wp-content\/uploads\/2021\/03\/GaloppRichtungFreiheit_Boire.gif\u00a0\u00bb title_text=\u00a0\u00bbGaloppRichtungFreiheit_Boire\u00a0\u00bb _builder_version=\u00a0\u00bb4.16&Prime; _module_preset=\u00a0\u00bbdefault\u00a0\u00bb global_colors_info=\u00a0\u00bb{}\u00a0\u00bb][\/et_pb_image][et_pb_text _builder_version=\u00a0\u00bb4.18.0&Prime; custom_padding=\u00a0\u00bb||3px|||\u00a0\u00bb custom_padding_tablet=\u00a0\u00bb\u00a0\u00bb custom_padding_phone=\u00a0\u00bb2%||||false|false\u00a0\u00bb custom_padding_last_edited=\u00a0\u00bbon|phone\u00a0\u00bb text_font_size_tablet=\u00a0\u00bb\u00a0\u00bb text_font_size_phone=\u00a0\u00bb12px\u00a0\u00bb text_font_size_last_edited=\u00a0\u00bbon|phone\u00a0\u00bb text_line_height_tablet=\u00a0\u00bb\u00a0\u00bb text_line_height_phone=\u00a0\u00bb1em\u00a0\u00bb text_line_height_last_edited=\u00a0\u00bbon|phone\u00a0\u00bb global_colors_info=\u00a0\u00bb{}\u00a0\u00bb]<\/p>\n<p>l\u00e2chez les r\u00eanes ! \u2013 images de rep\u00e9rage \u00a9 2020, mirjam landolt<\/p>\n<p>[\/et_pb_text][\/et_pb_column][et_pb_column type=\u00a0\u00bb2_5&Prime; _builder_version=\u00a0\u00bb4.16&Prime; global_colors_info=\u00a0\u00bb{}\u00a0\u00bb][et_pb_text _builder_version=\u00a0\u00bb4.18.0&Prime; header_font=\u00a0\u00bbDM Sans||||||||\u00a0\u00bb header_font_size=\u00a0\u00bb4vw\u00a0\u00bb custom_padding=\u00a0\u00bb||||false|false\u00a0\u00bb header_font_size_tablet=\u00a0\u00bb8vw\u00a0\u00bb header_font_size_phone=\u00a0\u00bb10vw\u00a0\u00bb header_font_size_last_edited=\u00a0\u00bbon|phone\u00a0\u00bb global_colors_info=\u00a0\u00bb{}\u00a0\u00bb]<\/p>\n<h1>l\u00e2chez les r\u00eanes!<\/h1>\n<p>Dokumentaressai in Entwicklung<br \/>von\u00a0<span style=\"text-decoration: underline;\">mirjam landolt<\/span>, seit 2019<\/p>\n<p>[\/et_pb_text][et_pb_text _builder_version=\u00a0\u00bb4.18.0&Prime; custom_padding=\u00a0\u00bb3%||3%||true|false\u00a0\u00bb hover_enabled=\u00a0\u00bb0&Prime; border_width_top=\u00a0\u00bb2px\u00a0\u00bb border_width_bottom=\u00a0\u00bb2px\u00a0\u00bb global_colors_info=\u00a0\u00bb{}\u00a0\u00bb sticky_enabled=\u00a0\u00bb0&Prime;]<\/p>\n<p style=\"text-align: left;\">Produktion <a href=\"https:\/\/virgulefilms.ch\">VIRGULE FILMS<\/a><\/p>\n<p>[\/et_pb_text][et_pb_text _builder_version=\u00a0\u00bb4.16&Prime; custom_margin=\u00a0\u00bb||||false|false\u00a0\u00bb global_colors_info=\u00a0\u00bb{}\u00a0\u00bb]<\/p>\n<p>Pferde &amp; Menschen<br \/>Die wilde Natur<br \/> und das Z\u00e4hmen von ihr.<br \/> Ein Film \u00fcber was Freiheit ist,<br \/> oder was sie sein k\u00f6nnte.<\/p>\n<p>[\/et_pb_text][\/et_pb_column][\/et_pb_row][\/et_pb_section]<\/p>","protected":false},"excerpt":{"rendered":"<p>l\u00e2chez les r\u00eanes ! \u2013 images de rep\u00e9rage \u00a9 2020, mirjam landoltl\u00e2chez les r\u00eanes! d\u00e9veloppement d&rsquo;un essai documentairede\u00a0mirjam landolt, depuis 2019Production VIRGULE FILMSLes chevaux &amp; les humains.La nature sauvage et l&rsquo;apprivoisement d&rsquo;elle. Un film sur ce que c&rsquo;est la libert\u00e9, ou ce que \u00e7a pourrait \u00eatre.<\/p>","protected":false},"author":1,"featured_media":0,"parent":0,"menu_order":0,"comment_status":"closed","ping_status":"closed","template":"","meta":{"_et_pb_use_builder":"on","_et_pb_old_content":"","_et_gb_content_width":"","footnotes":""},"class_list":["post-646","page","type-page","status-publish","hentry"],"yoast_head":"<!-- This site is optimized with the Yoast SEO plugin v23.9 - https:\/\/yoast.com\/wordpress\/plugins\/seo\/ -->\n<title>l\u00e2chez les r\u00eanes ! - Mirjam Landolt<\/title>\n<meta name=\"description\" content=\"D\u00e9v\u00e9loppement d\u2019un essai documentaire de mirjam landolt. Un film sur ce que c\u2019est la libert\u00e9, ou ce que \u00e7a pourrait \u00eatre.\" \/>\n<meta name=\"robots\" content=\"index, follow, max-snippet:-1, max-image-preview:large, max-video-preview:-1\" \/>\n<link rel=\"canonical\" href=\"https:\/\/mirjamlandolt.com\/de\/lachez-les-renes\/\" \/>\n<meta property=\"og:locale\" content=\"de_DE\" \/>\n<meta property=\"og:type\" content=\"article\" \/>\n<meta property=\"og:title\" content=\"l\u00e2chez les r\u00eanes ! - Mirjam Landolt\" \/>\n<meta property=\"og:description\" content=\"D\u00e9v\u00e9loppement d\u2019un essai documentaire de mirjam landolt. Un film sur ce que c\u2019est la libert\u00e9, ou ce que \u00e7a pourrait \u00eatre.\" \/>\n<meta property=\"og:url\" content=\"https:\/\/mirjamlandolt.com\/de\/lachez-les-renes\/\" \/>\n<meta property=\"og:site_name\" content=\"Mirjam Landolt\" \/>\n<meta property=\"article:modified_time\" content=\"2023-06-28T13:36:42+00:00\" \/>\n<meta name=\"twitter:card\" content=\"summary_large_image\" \/>\n<meta name=\"twitter:label1\" content=\"Gesch\u00e4tzte Lesezeit\" \/>\n\t<meta name=\"twitter:data1\" content=\"1\u00a0Minute\" \/>\n<script type=\"application\/ld+json\" class=\"yoast-schema-graph\">{\"@context\":\"https:\/\/schema.org\",\"@graph\":[{\"@type\":\"WebPage\",\"@id\":\"https:\/\/mirjamlandolt.com\/lachez-les-renes\/\",\"url\":\"https:\/\/mirjamlandolt.com\/lachez-les-renes\/\",\"name\":\"l\u00e2chez les r\u00eanes ! - Mirjam Landolt\",\"isPartOf\":{\"@id\":\"https:\/\/mirjamlandolt.com\/#website\"},\"datePublished\":\"2020-01-20T13:46:20+00:00\",\"dateModified\":\"2023-06-28T13:36:42+00:00\",\"description\":\"D\u00e9v\u00e9loppement d\u2019un essai documentaire de mirjam landolt. Un film sur ce que c\u2019est la libert\u00e9, ou ce que \u00e7a pourrait \u00eatre.\",\"breadcrumb\":{\"@id\":\"https:\/\/mirjamlandolt.com\/lachez-les-renes\/#breadcrumb\"},\"inLanguage\":\"de-CH\",\"potentialAction\":[{\"@type\":\"ReadAction\",\"target\":[\"https:\/\/mirjamlandolt.com\/lachez-les-renes\/\"]}]},{\"@type\":\"BreadcrumbList\",\"@id\":\"https:\/\/mirjamlandolt.com\/lachez-les-renes\/#breadcrumb\",\"itemListElement\":[{\"@type\":\"ListItem\",\"position\":1,\"name\":\"Accueil\",\"item\":\"https:\/\/mirjamlandolt.com\/\"},{\"@type\":\"ListItem\",\"position\":2,\"name\":\"l\u00e2chez les r\u00eanes !\"}]},{\"@type\":\"WebSite\",\"@id\":\"https:\/\/mirjamlandolt.com\/#website\",\"url\":\"https:\/\/mirjamlandolt.com\/\",\"name\":\"Mirjam Landolt\",\"description\":\"Portfolio\",\"potentialAction\":[{\"@type\":\"SearchAction\",\"target\":{\"@type\":\"EntryPoint\",\"urlTemplate\":\"https:\/\/mirjamlandolt.com\/?s={search_term_string}\"},\"query-input\":{\"@type\":\"PropertyValueSpecification\",\"valueRequired\":true,\"valueName\":\"search_term_string\"}}],\"inLanguage\":\"de-CH\"}]}<\/script>\n<!-- \/ Yoast SEO plugin. -->","yoast_head_json":{"title":"l\u00e2chez les r\u00eanes ! - Mirjam Landolt","description":"D\u00e9v\u00e9loppement d\u2019un essai documentaire de mirjam landolt. Un film sur ce que c\u2019est la libert\u00e9, ou ce que \u00e7a pourrait \u00eatre.","robots":{"index":"index","follow":"follow","max-snippet":"max-snippet:-1","max-image-preview":"max-image-preview:large","max-video-preview":"max-video-preview:-1"},"canonical":"https:\/\/mirjamlandolt.com\/de\/lachez-les-renes\/","og_locale":"de_DE","og_type":"article","og_title":"l\u00e2chez les r\u00eanes ! - Mirjam Landolt","og_description":"D\u00e9v\u00e9loppement d\u2019un essai documentaire de mirjam landolt. Un film sur ce que c\u2019est la libert\u00e9, ou ce que \u00e7a pourrait \u00eatre.","og_url":"https:\/\/mirjamlandolt.com\/de\/lachez-les-renes\/","og_site_name":"Mirjam Landolt","article_modified_time":"2023-06-28T13:36:42+00:00","twitter_card":"summary_large_image","twitter_misc":{"Gesch\u00e4tzte Lesezeit":"1\u00a0Minute"},"schema":{"@context":"https:\/\/schema.org","@graph":[{"@type":"WebPage","@id":"https:\/\/mirjamlandolt.com\/lachez-les-renes\/","url":"https:\/\/mirjamlandolt.com\/lachez-les-renes\/","name":"l\u00e2chez les r\u00eanes ! - Mirjam Landolt","isPartOf":{"@id":"https:\/\/mirjamlandolt.com\/#website"},"datePublished":"2020-01-20T13:46:20+00:00","dateModified":"2023-06-28T13:36:42+00:00","description":"D\u00e9v\u00e9loppement d\u2019un essai documentaire de mirjam landolt. Un film sur ce que c\u2019est la libert\u00e9, ou ce que \u00e7a pourrait \u00eatre.","breadcrumb":{"@id":"https:\/\/mirjamlandolt.com\/lachez-les-renes\/#breadcrumb"},"inLanguage":"de-CH","potentialAction":[{"@type":"ReadAction","target":["https:\/\/mirjamlandolt.com\/lachez-les-renes\/"]}]},{"@type":"BreadcrumbList","@id":"https:\/\/mirjamlandolt.com\/lachez-les-renes\/#breadcrumb","itemListElement":[{"@type":"ListItem","position":1,"name":"Accueil","item":"https:\/\/mirjamlandolt.com\/"},{"@type":"ListItem","position":2,"name":"l\u00e2chez les r\u00eanes !"}]},{"@type":"WebSite","@id":"https:\/\/mirjamlandolt.com\/#website","url":"https:\/\/mirjamlandolt.com\/","name":"Mirjam Landolt","description":"Portfolio","potentialAction":[{"@type":"SearchAction","target":{"@type":"EntryPoint","urlTemplate":"https:\/\/mirjamlandolt.com\/?s={search_term_string}"},"query-input":{"@type":"PropertyValueSpecification","valueRequired":true,"valueName":"search_term_string"}}],"inLanguage":"de-CH"}]}},"_links":{"self":[{"href":"https:\/\/mirjamlandolt.com\/de\/wp-json\/wp\/v2\/pages\/646","targetHints":{"allow":["GET"]}}],"collection":[{"href":"https:\/\/mirjamlandolt.com\/de\/wp-json\/wp\/v2\/pages"}],"about":[{"href":"https:\/\/mirjamlandolt.com\/de\/wp-json\/wp\/v2\/types\/page"}],"author":[{"embeddable":true,"href":"https:\/\/mirjamlandolt.com\/de\/wp-json\/wp\/v2\/users\/1"}],"replies":[{"embeddable":true,"href":"https:\/\/mirjamlandolt.com\/de\/wp-json\/wp\/v2\/comments?post=646"}],"version-history":[{"count":63,"href":"https:\/\/mirjamlandolt.com\/de\/wp-json\/wp\/v2\/pages\/646\/revisions"}],"predecessor-version":[{"id":2137,"href":"https:\/\/mirjamlandolt.com\/de\/wp-json\/wp\/v2\/pages\/646\/revisions\/2137"}],"wp:attachment":[{"href":"https:\/\/mirjamlandolt.com\/de\/wp-json\/wp\/v2\/media?parent=646"}],"curies":[{"name":"wp","href":"https:\/\/api.w.org\/{rel}","templated":true}]}}