{"id":2072,"date":"2022-07-08T12:25:41","date_gmt":"2022-07-08T10:25:41","guid":{"rendered":"https:\/\/mirjamlandolt.com\/?page_id=2072"},"modified":"2022-07-08T12:26:02","modified_gmt":"2022-07-08T10:26:02","slug":"eins-werden","status":"publish","type":"page","link":"https:\/\/mirjamlandolt.com\/de\/eins-werden\/","title":{"rendered":"eins werden"},"content":{"rendered":"<p>[et_pb_section fb_built=\u00a0\u00bb1&Prime; custom_padding_last_edited=\u00a0\u00bbon|phone\u00a0\u00bb _builder_version=\u00a0\u00bb4.16&Prime; background_color=\u00a0\u00bb#fffffb\u00a0\u00bb custom_margin=\u00a0\u00bb||||false|true\u00a0\u00bb custom_padding=\u00a0\u00bb8%|5%|5%|5%|false|true\u00a0\u00bb custom_padding_tablet=\u00a0\u00bb\u00a0\u00bb custom_padding_phone=\u00a0\u00bb1%||||false|true\u00a0\u00bb global_colors_info=\u00a0\u00bb{}\u00a0\u00bb][et_pb_row column_structure=\u00a0\u00bb3_5,2_5&Prime; custom_padding_last_edited=\u00a0\u00bbon|phone\u00a0\u00bb _builder_version=\u00a0\u00bb4.16&Prime; width=\u00a0\u00bb100%\u00a0\u00bb max_width=\u00a0\u00bb2560px\u00a0\u00bb custom_margin=\u00a0\u00bb||||false|false\u00a0\u00bb custom_padding=\u00a0\u00bb||||false|true\u00a0\u00bb custom_padding_tablet=\u00a0\u00bb||||false|true\u00a0\u00bb custom_padding_phone=\u00a0\u00bb||||false|true\u00a0\u00bb global_colors_info=\u00a0\u00bb{}\u00a0\u00bb][et_pb_column type=\u00a0\u00bb3_5&Prime; _builder_version=\u00a0\u00bb4.16&Prime; global_colors_info=\u00a0\u00bb{}\u00a0\u00bb][et_pb_image src=\u00a0\u00bbhttps:\/\/mirjamlandolt.com\/wp-content\/uploads\/2022\/06\/EINS_WERDEN.gif\u00a0\u00bb title_text=\u00a0\u00bbEINS_WERDEN\u00a0\u00bb _builder_version=\u00a0\u00bb4.16&Prime; _module_preset=\u00a0\u00bbdefault\u00a0\u00bb global_colors_info=\u00a0\u00bb{}\u00a0\u00bb][\/et_pb_image][et_pb_text _builder_version=\u00a0\u00bb4.16&Prime; custom_padding=\u00a0\u00bb||||false|false\u00a0\u00bb custom_padding_tablet=\u00a0\u00bb\u00a0\u00bb custom_padding_phone=\u00a0\u00bb2%||||false|false\u00a0\u00bb custom_padding_last_edited=\u00a0\u00bbon|phone\u00a0\u00bb text_font_size_tablet=\u00a0\u00bb\u00a0\u00bb text_font_size_phone=\u00a0\u00bb12px\u00a0\u00bb text_font_size_last_edited=\u00a0\u00bbon|phone\u00a0\u00bb text_line_height_tablet=\u00a0\u00bb\u00a0\u00bb text_line_height_phone=\u00a0\u00bb1em\u00a0\u00bb text_line_height_last_edited=\u00a0\u00bbon|desktop\u00a0\u00bb global_colors_info=\u00a0\u00bb{}\u00a0\u00bb]<\/p>\n<p>eins werden \u00a9 2022, mirjam landolt<\/p>\n<p>[\/et_pb_text][\/et_pb_column][et_pb_column type=\u00a0\u00bb2_5&Prime; _builder_version=\u00a0\u00bb4.16&Prime; global_colors_info=\u00a0\u00bb{}\u00a0\u00bb][et_pb_text _builder_version=\u00a0\u00bb4.16&Prime; header_font=\u00a0\u00bbDM Sans||||||||\u00a0\u00bb header_font_size=\u00a0\u00bb4vw\u00a0\u00bb custom_padding=\u00a0\u00bb0px|||||\u00a0\u00bb header_font_size_tablet=\u00a0\u00bb7vw\u00a0\u00bb header_font_size_phone=\u00a0\u00bb10vw\u00a0\u00bb header_font_size_last_edited=\u00a0\u00bbon|phone\u00a0\u00bb global_colors_info=\u00a0\u00bb{}\u00a0\u00bb]<\/p>\n<h1>eins werden<\/h1>\n<p><span>Serie von 6 Photogravuren auf Papier<\/span><span><\/span><span><\/span><\/p>\n<p>[\/et_pb_text][et_pb_text _builder_version=\u00a0\u00bb4.17.4&Prime; custom_padding=\u00a0\u00bb3%||3%|0%|true|false\u00a0\u00bb border_width_top=\u00a0\u00bb2px\u00a0\u00bb border_width_bottom=\u00a0\u00bb2px\u00a0\u00bb global_colors_info=\u00a0\u00bb{}\u00a0\u00bb]<\/p>\n<p><span>\u2605 war ausgestellt im\u00a0<a href=\"https:\/\/www.b74-luzern.ch\">B74 &#8211; Raum f\u00fcr Kunst<\/a>\u00a0in Luzern. eine Ausstellung von <a href=\"http:\/\/www.visarte-zentralschweiz.ch\/ausstellungen.html\">Visarte Zentralschweiz<\/a>\u00a0<\/span><span>vom 10 Juni bis 2 Juli 2022<br \/><\/span><span>\u2605 war ausgestellt im <a href=\"https:\/\/www.b74-luzern.ch\">M\u00fcsigricht<\/a>\u00a0in Steinen\u00a0vom 13.Mai bis 6.Juni 2022<\/span><\/p>\n<p><span><\/span><\/p>\n<p>[\/et_pb_text][et_pb_text _builder_version=\u00a0\u00bb4.16&Prime; custom_padding=\u00a0\u00bb||0px|||\u00a0\u00bb global_colors_info=\u00a0\u00bb{}\u00a0\u00bb]<\/p>\n<p>Wie und warum versucht der Mensch die Natur zu konservieren ? <br \/>Versucht er so unsterblich zu werden ? <br \/>Wie altert und ver\u00e4ndert sich die Natur mit der Zeit ? <br \/>Ist Stadt Natur ? <br \/>F\u00fchlen wir uns sicherer urban oder rural ?<\/p>\n<p>[\/et_pb_text][\/et_pb_column][\/et_pb_row][\/et_pb_section]<\/p>","protected":false},"excerpt":{"rendered":"<p>eins werden \u00a9 2022, mirjam landolts&rsquo;unir serie de 6 photogravures sur papier\u2605 a \u00e9t\u00e9 expos\u00e9\u00a0au\u00a0B74 &#8211; Raum f\u00fcr Kunst\u00a0\u00e0 Lucerne,\u00a0une exposition de Visarte Zentralschweiz\u00a0du 10 juin au 2 juillet 2022\u2605 a \u00e9t\u00e9 expos\u00e9 au M\u00fcsigricht\u00a0\u00e0 Steinen\u00a0du 13 mai au 6 juin 2022 Comment et pourquoi les humains essaient-ils de conserver la nature ? Essaient-t-ils ainsi [&hellip;]<\/p>","protected":false},"author":1,"featured_media":0,"parent":0,"menu_order":0,"comment_status":"closed","ping_status":"closed","template":"","meta":{"_et_pb_use_builder":"on","_et_pb_old_content":"","_et_gb_content_width":"","footnotes":""},"class_list":["post-2072","page","type-page","status-publish","hentry"],"yoast_head":"<!-- This site is optimized with the Yoast SEO plugin v23.9 - https:\/\/yoast.com\/wordpress\/plugins\/seo\/ -->\n<title>eins werden - Mirjam Landolt<\/title>\n<meta name=\"description\" content=\"Mirjam Landolt arbeitet arbeitet als selbst\u00e4ndige Filmemacherin und K\u00fcnstlerin, mit bewegten und unbewegten Bildern. Ihre Themen, drehen sich um Natur, Gemeinschaften, Gewohnheiten, Rituale und die Verschmelzung von Realit\u00e4t und Imagin\u00e4rem, welche Bilder zu kreieren wissen.\" \/>\n<meta name=\"robots\" content=\"index, follow, max-snippet:-1, max-image-preview:large, max-video-preview:-1\" \/>\n<link rel=\"canonical\" href=\"https:\/\/mirjamlandolt.com\/de\/eins-werden\/\" \/>\n<meta property=\"og:locale\" content=\"de_DE\" \/>\n<meta property=\"og:type\" content=\"article\" \/>\n<meta property=\"og:title\" content=\"eins werden - Mirjam Landolt\" \/>\n<meta property=\"og:description\" content=\"Mirjam Landolt arbeitet arbeitet als selbst\u00e4ndige Filmemacherin und K\u00fcnstlerin, mit bewegten und unbewegten Bildern. Ihre Themen, drehen sich um Natur, Gemeinschaften, Gewohnheiten, Rituale und die Verschmelzung von Realit\u00e4t und Imagin\u00e4rem, welche Bilder zu kreieren wissen.\" \/>\n<meta property=\"og:url\" content=\"https:\/\/mirjamlandolt.com\/de\/eins-werden\/\" \/>\n<meta property=\"og:site_name\" content=\"Mirjam Landolt\" \/>\n<meta property=\"article:modified_time\" content=\"2022-07-08T10:26:02+00:00\" \/>\n<meta name=\"twitter:card\" content=\"summary_large_image\" \/>\n<meta name=\"twitter:label1\" content=\"Gesch\u00e4tzte Lesezeit\" \/>\n\t<meta name=\"twitter:data1\" content=\"2\u00a0Minuten\" \/>\n<script type=\"application\/ld+json\" class=\"yoast-schema-graph\">{\"@context\":\"https:\/\/schema.org\",\"@graph\":[{\"@type\":\"WebPage\",\"@id\":\"https:\/\/mirjamlandolt.com\/eins-werden\/\",\"url\":\"https:\/\/mirjamlandolt.com\/eins-werden\/\",\"name\":\"eins werden - Mirjam Landolt\",\"isPartOf\":{\"@id\":\"https:\/\/mirjamlandolt.com\/#website\"},\"datePublished\":\"2022-07-08T10:25:41+00:00\",\"dateModified\":\"2022-07-08T10:26:02+00:00\",\"description\":\"Mirjam Landolt arbeitet arbeitet als selbst\u00e4ndige Filmemacherin und K\u00fcnstlerin, mit bewegten und unbewegten Bildern. Ihre Themen, drehen sich um Natur, Gemeinschaften, Gewohnheiten, Rituale und die Verschmelzung von Realit\u00e4t und Imagin\u00e4rem, welche Bilder zu kreieren wissen.\",\"breadcrumb\":{\"@id\":\"https:\/\/mirjamlandolt.com\/eins-werden\/#breadcrumb\"},\"inLanguage\":\"de-CH\",\"potentialAction\":[{\"@type\":\"ReadAction\",\"target\":[\"https:\/\/mirjamlandolt.com\/eins-werden\/\"]}]},{\"@type\":\"BreadcrumbList\",\"@id\":\"https:\/\/mirjamlandolt.com\/eins-werden\/#breadcrumb\",\"itemListElement\":[{\"@type\":\"ListItem\",\"position\":1,\"name\":\"Accueil\",\"item\":\"https:\/\/mirjamlandolt.com\/\"},{\"@type\":\"ListItem\",\"position\":2,\"name\":\"eins werden\"}]},{\"@type\":\"WebSite\",\"@id\":\"https:\/\/mirjamlandolt.com\/#website\",\"url\":\"https:\/\/mirjamlandolt.com\/\",\"name\":\"Mirjam Landolt\",\"description\":\"Portfolio\",\"potentialAction\":[{\"@type\":\"SearchAction\",\"target\":{\"@type\":\"EntryPoint\",\"urlTemplate\":\"https:\/\/mirjamlandolt.com\/?s={search_term_string}\"},\"query-input\":{\"@type\":\"PropertyValueSpecification\",\"valueRequired\":true,\"valueName\":\"search_term_string\"}}],\"inLanguage\":\"de-CH\"}]}<\/script>\n<!-- \/ Yoast SEO plugin. -->","yoast_head_json":{"title":"eins werden - Mirjam Landolt","description":"Mirjam Landolt arbeitet arbeitet als selbst\u00e4ndige Filmemacherin und K\u00fcnstlerin, mit bewegten und unbewegten Bildern. Ihre Themen, drehen sich um Natur, Gemeinschaften, Gewohnheiten, Rituale und die Verschmelzung von Realit\u00e4t und Imagin\u00e4rem, welche Bilder zu kreieren wissen.","robots":{"index":"index","follow":"follow","max-snippet":"max-snippet:-1","max-image-preview":"max-image-preview:large","max-video-preview":"max-video-preview:-1"},"canonical":"https:\/\/mirjamlandolt.com\/de\/eins-werden\/","og_locale":"de_DE","og_type":"article","og_title":"eins werden - Mirjam Landolt","og_description":"Mirjam Landolt arbeitet arbeitet als selbst\u00e4ndige Filmemacherin und K\u00fcnstlerin, mit bewegten und unbewegten Bildern. Ihre Themen, drehen sich um Natur, Gemeinschaften, Gewohnheiten, Rituale und die Verschmelzung von Realit\u00e4t und Imagin\u00e4rem, welche Bilder zu kreieren wissen.","og_url":"https:\/\/mirjamlandolt.com\/de\/eins-werden\/","og_site_name":"Mirjam Landolt","article_modified_time":"2022-07-08T10:26:02+00:00","twitter_card":"summary_large_image","twitter_misc":{"Gesch\u00e4tzte Lesezeit":"2\u00a0Minuten"},"schema":{"@context":"https:\/\/schema.org","@graph":[{"@type":"WebPage","@id":"https:\/\/mirjamlandolt.com\/eins-werden\/","url":"https:\/\/mirjamlandolt.com\/eins-werden\/","name":"eins werden - Mirjam Landolt","isPartOf":{"@id":"https:\/\/mirjamlandolt.com\/#website"},"datePublished":"2022-07-08T10:25:41+00:00","dateModified":"2022-07-08T10:26:02+00:00","description":"Mirjam Landolt arbeitet arbeitet als selbst\u00e4ndige Filmemacherin und K\u00fcnstlerin, mit bewegten und unbewegten Bildern. Ihre Themen, drehen sich um Natur, Gemeinschaften, Gewohnheiten, Rituale und die Verschmelzung von Realit\u00e4t und Imagin\u00e4rem, welche Bilder zu kreieren wissen.","breadcrumb":{"@id":"https:\/\/mirjamlandolt.com\/eins-werden\/#breadcrumb"},"inLanguage":"de-CH","potentialAction":[{"@type":"ReadAction","target":["https:\/\/mirjamlandolt.com\/eins-werden\/"]}]},{"@type":"BreadcrumbList","@id":"https:\/\/mirjamlandolt.com\/eins-werden\/#breadcrumb","itemListElement":[{"@type":"ListItem","position":1,"name":"Accueil","item":"https:\/\/mirjamlandolt.com\/"},{"@type":"ListItem","position":2,"name":"eins werden"}]},{"@type":"WebSite","@id":"https:\/\/mirjamlandolt.com\/#website","url":"https:\/\/mirjamlandolt.com\/","name":"Mirjam Landolt","description":"Portfolio","potentialAction":[{"@type":"SearchAction","target":{"@type":"EntryPoint","urlTemplate":"https:\/\/mirjamlandolt.com\/?s={search_term_string}"},"query-input":{"@type":"PropertyValueSpecification","valueRequired":true,"valueName":"search_term_string"}}],"inLanguage":"de-CH"}]}},"_links":{"self":[{"href":"https:\/\/mirjamlandolt.com\/de\/wp-json\/wp\/v2\/pages\/2072","targetHints":{"allow":["GET"]}}],"collection":[{"href":"https:\/\/mirjamlandolt.com\/de\/wp-json\/wp\/v2\/pages"}],"about":[{"href":"https:\/\/mirjamlandolt.com\/de\/wp-json\/wp\/v2\/types\/page"}],"author":[{"embeddable":true,"href":"https:\/\/mirjamlandolt.com\/de\/wp-json\/wp\/v2\/users\/1"}],"replies":[{"embeddable":true,"href":"https:\/\/mirjamlandolt.com\/de\/wp-json\/wp\/v2\/comments?post=2072"}],"version-history":[{"count":3,"href":"https:\/\/mirjamlandolt.com\/de\/wp-json\/wp\/v2\/pages\/2072\/revisions"}],"predecessor-version":[{"id":2075,"href":"https:\/\/mirjamlandolt.com\/de\/wp-json\/wp\/v2\/pages\/2072\/revisions\/2075"}],"wp:attachment":[{"href":"https:\/\/mirjamlandolt.com\/de\/wp-json\/wp\/v2\/media?parent=2072"}],"curies":[{"name":"wp","href":"https:\/\/api.w.org\/{rel}","templated":true}]}}