{"id":2033,"date":"2022-06-13T17:17:21","date_gmt":"2022-06-13T15:17:21","guid":{"rendered":"https:\/\/mirjamlandolt.com\/?page_id=2033"},"modified":"2022-06-13T17:28:02","modified_gmt":"2022-06-13T15:28:02","slug":"ver-keit","status":"publish","type":"page","link":"https:\/\/mirjamlandolt.com\/de\/ver-keit\/","title":{"rendered":"ver-keit"},"content":{"rendered":"<p>[et_pb_section fb_built=\u00a0\u00bb1&Prime; custom_padding_last_edited=\u00a0\u00bbon|phone\u00a0\u00bb _builder_version=\u00a0\u00bb4.2.2&Prime; background_color=\u00a0\u00bb#fffffb\u00a0\u00bb custom_margin=\u00a0\u00bb||||false|true\u00a0\u00bb custom_padding=\u00a0\u00bb8%|5%|5%|5%|false|true\u00a0\u00bb custom_padding_tablet=\u00a0\u00bb\u00a0\u00bb custom_padding_phone=\u00a0\u00bb1%||||false|true\u00a0\u00bb][et_pb_row column_structure=\u00a0\u00bb3_5,2_5&Prime; custom_padding_last_edited=\u00a0\u00bbon|phone\u00a0\u00bb _builder_version=\u00a0\u00bb4.2.2&Prime; width=\u00a0\u00bb100%\u00a0\u00bb max_width=\u00a0\u00bb2560px\u00a0\u00bb custom_margin=\u00a0\u00bb||||false|false\u00a0\u00bb custom_padding=\u00a0\u00bb||||false|true\u00a0\u00bb custom_padding_tablet=\u00a0\u00bb||||false|true\u00a0\u00bb custom_padding_phone=\u00a0\u00bb||||false|true\u00a0\u00bb][et_pb_column type=\u00a0\u00bb3_5&Prime; _builder_version=\u00a0\u00bb4.1&Prime;][et_pb_image src=\u00a0\u00bbhttps:\/\/mirjamlandolt.com\/wp-content\/uploads\/2022\/06\/VER-KEIT_Gif.gif\u00a0\u00bb title_text=\u00a0\u00bbVER-KEIT_Gif\u00a0\u00bb _builder_version=\u00a0\u00bb4.9.4&Prime; _module_preset=\u00a0\u00bbdefault\u00a0\u00bb hover_enabled=\u00a0\u00bb0&Prime; sticky_enabled=\u00a0\u00bb0&Prime;][\/et_pb_image][et_pb_text _builder_version=\u00a0\u00bb4.9.4&Prime; custom_padding=\u00a0\u00bb||||false|false\u00a0\u00bb custom_padding_tablet=\u00a0\u00bb\u00a0\u00bb custom_padding_phone=\u00a0\u00bb2%||||false|false\u00a0\u00bb custom_padding_last_edited=\u00a0\u00bbon|phone\u00a0\u00bb hover_enabled=\u00a0\u00bb0&Prime; text_font_size_tablet=\u00a0\u00bb\u00a0\u00bb text_font_size_phone=\u00a0\u00bb12px\u00a0\u00bb text_font_size_last_edited=\u00a0\u00bbon|phone\u00a0\u00bb text_line_height_tablet=\u00a0\u00bb\u00a0\u00bb text_line_height_phone=\u00a0\u00bb1em\u00a0\u00bb text_line_height_last_edited=\u00a0\u00bbon|desktop\u00a0\u00bb sticky_enabled=\u00a0\u00bb0&Prime;]<\/p>\n<p>ver-keit \u00a9 2022, mirjam landolt &amp; natalia wespi<\/p>\n<p>[\/et_pb_text][\/et_pb_column][et_pb_column type=\u00a0\u00bb2_5&Prime; _builder_version=\u00a0\u00bb4.1&Prime;][et_pb_text _builder_version=\u00a0\u00bb4.9.4&Prime; header_font=\u00a0\u00bbDM Sans||||||||\u00a0\u00bb header_font_size=\u00a0\u00bb4vw\u00a0\u00bb custom_padding=\u00a0\u00bb0px|||||\u00a0\u00bb hover_enabled=\u00a0\u00bb0&Prime; header_font_size_tablet=\u00a0\u00bb7vw\u00a0\u00bb header_font_size_phone=\u00a0\u00bb10vw\u00a0\u00bb header_font_size_last_edited=\u00a0\u00bbon|phone\u00a0\u00bb sticky_enabled=\u00a0\u00bb0&Prime;]<\/p>\n<h1>ver-keit<\/h1>\n<p><span>Installation\u00a0<\/span><span>in Zusammenarbeit mit <a href=\"http:\/\/www.nataliawespi.ch\">Natalia Wespi<\/a><\/span><span><\/span><span><\/span><\/p>\n<p>mit Aronia gef\u00e4rbte Wollstoffe, dreimal 85x120cm<\/p>\n<p>[\/et_pb_text][et_pb_text _builder_version=\u00a0\u00bb4.9.4&Prime; custom_padding=\u00a0\u00bb3%||3%|0%|true|false\u00a0\u00bb border_width_top=\u00a0\u00bb2px\u00a0\u00bb border_width_bottom=\u00a0\u00bb2px\u00a0\u00bb]<\/p>\n<p><span>\u2605\u00a0<\/span>war ausgestellt im <a href=\"http:\/\/www.m\u00fcsigricht.ch\/verwachsen\">M\u00fcsigricht<\/a> in Steinen<br \/><span>Vom 13. Mai bis 6. Juni 2022<br \/><\/span><span><\/span><span><\/span><span><\/span><span><\/span><\/p>\n<p>[\/et_pb_text][et_pb_text _builder_version=\u00a0\u00bb4.9.4&Prime; custom_padding=\u00a0\u00bb||0px|||\u00a0\u00bb hover_enabled=\u00a0\u00bb0&Prime; sticky_enabled=\u00a0\u00bb0&Prime;]<\/p>\n<p>Diese Installation ist unmittelbarer N\u00e4he der Aroniabeeren-Stauden, welche auf dem M\u00fcsigricht angepflanzt werden. Der Stoff wurde, mit Aussparung \t\t\t\t\teiner Wortabfolge mit Aroniabeeren-Saft eingef\u00e4rbt. Mit der Zeit verblasst das eingef\u00e4rbte und der gesamte Stoff wird immer mehr eins mit der Umgebung. Die Wortabfolge unterstreicht den Prozess, den Zyklus der Verg\u00e4nglichkeit und des Wiederkehrenden.<\/p>\n<p>[\/et_pb_text][\/et_pb_column][\/et_pb_row][\/et_pb_section]<\/p>","protected":false},"excerpt":{"rendered":"<p>ver-keit \u00a9 2022, mirjam landolt &amp; natalia wespiver-keit installation\u00a0en collaboration avec Natalia Wespi tissus en laine teints \u00e0 l&rsquo;aronia, trois fois 85x120cm\u2605\u00a0a \u00e9t\u00e9 expos\u00e9 au M\u00fcsigricht \u00e0 Steinendu 13 mai au 6 juin 2022Cette installation se trouve \u00e0 proximit\u00e9 imm\u00e9diate des baies d&rsquo;aronia qui sont plant\u00e9es sur le site du M\u00fcsigricht. Le tissu a \u00e9t\u00e9 [&hellip;]<\/p>","protected":false},"author":1,"featured_media":0,"parent":0,"menu_order":0,"comment_status":"closed","ping_status":"closed","template":"","meta":{"_et_pb_use_builder":"on","_et_pb_old_content":"","_et_gb_content_width":"","footnotes":""},"class_list":["post-2033","page","type-page","status-publish","hentry"],"yoast_head":"<!-- This site is optimized with the Yoast SEO plugin v23.9 - https:\/\/yoast.com\/wordpress\/plugins\/seo\/ -->\n<title>ver-keit - Mirjam Landolt<\/title>\n<meta name=\"description\" content=\"Ausstellung von Mirjam Landolt, Fotografien, K\u00fcssnacht am Rigi, FOTOSZ, FOTOBOX, Stadt&amp; Landschaften\" \/>\n<meta name=\"robots\" content=\"index, follow, max-snippet:-1, max-image-preview:large, max-video-preview:-1\" \/>\n<link rel=\"canonical\" href=\"https:\/\/mirjamlandolt.com\/de\/ver-keit\/\" \/>\n<meta property=\"og:locale\" content=\"de_DE\" \/>\n<meta property=\"og:type\" content=\"article\" \/>\n<meta property=\"og:title\" content=\"ver-keit - Mirjam Landolt\" \/>\n<meta property=\"og:description\" content=\"Ausstellung von Mirjam Landolt, Fotografien, K\u00fcssnacht am Rigi, FOTOSZ, FOTOBOX, Stadt&amp; Landschaften\" \/>\n<meta property=\"og:url\" content=\"https:\/\/mirjamlandolt.com\/de\/ver-keit\/\" \/>\n<meta property=\"og:site_name\" content=\"Mirjam Landolt\" \/>\n<meta property=\"article:modified_time\" content=\"2022-06-13T15:28:02+00:00\" \/>\n<meta name=\"twitter:card\" content=\"summary_large_image\" \/>\n<meta name=\"twitter:label1\" content=\"Gesch\u00e4tzte Lesezeit\" \/>\n\t<meta name=\"twitter:data1\" content=\"2\u00a0Minuten\" \/>\n<script type=\"application\/ld+json\" class=\"yoast-schema-graph\">{\"@context\":\"https:\/\/schema.org\",\"@graph\":[{\"@type\":\"WebPage\",\"@id\":\"https:\/\/mirjamlandolt.com\/ver-keit\/\",\"url\":\"https:\/\/mirjamlandolt.com\/ver-keit\/\",\"name\":\"ver-keit - Mirjam Landolt\",\"isPartOf\":{\"@id\":\"https:\/\/mirjamlandolt.com\/#website\"},\"datePublished\":\"2022-06-13T15:17:21+00:00\",\"dateModified\":\"2022-06-13T15:28:02+00:00\",\"description\":\"Ausstellung von Mirjam Landolt, Fotografien, K\u00fcssnacht am Rigi, FOTOSZ, FOTOBOX, Stadt& Landschaften\",\"breadcrumb\":{\"@id\":\"https:\/\/mirjamlandolt.com\/ver-keit\/#breadcrumb\"},\"inLanguage\":\"de-CH\",\"potentialAction\":[{\"@type\":\"ReadAction\",\"target\":[\"https:\/\/mirjamlandolt.com\/ver-keit\/\"]}]},{\"@type\":\"BreadcrumbList\",\"@id\":\"https:\/\/mirjamlandolt.com\/ver-keit\/#breadcrumb\",\"itemListElement\":[{\"@type\":\"ListItem\",\"position\":1,\"name\":\"Accueil\",\"item\":\"https:\/\/mirjamlandolt.com\/\"},{\"@type\":\"ListItem\",\"position\":2,\"name\":\"ver-keit\"}]},{\"@type\":\"WebSite\",\"@id\":\"https:\/\/mirjamlandolt.com\/#website\",\"url\":\"https:\/\/mirjamlandolt.com\/\",\"name\":\"Mirjam Landolt\",\"description\":\"Portfolio\",\"potentialAction\":[{\"@type\":\"SearchAction\",\"target\":{\"@type\":\"EntryPoint\",\"urlTemplate\":\"https:\/\/mirjamlandolt.com\/?s={search_term_string}\"},\"query-input\":{\"@type\":\"PropertyValueSpecification\",\"valueRequired\":true,\"valueName\":\"search_term_string\"}}],\"inLanguage\":\"de-CH\"}]}<\/script>\n<!-- \/ Yoast SEO plugin. -->","yoast_head_json":{"title":"ver-keit - Mirjam Landolt","description":"Ausstellung von Mirjam Landolt, Fotografien, K\u00fcssnacht am Rigi, FOTOSZ, FOTOBOX, Stadt& Landschaften","robots":{"index":"index","follow":"follow","max-snippet":"max-snippet:-1","max-image-preview":"max-image-preview:large","max-video-preview":"max-video-preview:-1"},"canonical":"https:\/\/mirjamlandolt.com\/de\/ver-keit\/","og_locale":"de_DE","og_type":"article","og_title":"ver-keit - Mirjam Landolt","og_description":"Ausstellung von Mirjam Landolt, Fotografien, K\u00fcssnacht am Rigi, FOTOSZ, FOTOBOX, Stadt& Landschaften","og_url":"https:\/\/mirjamlandolt.com\/de\/ver-keit\/","og_site_name":"Mirjam Landolt","article_modified_time":"2022-06-13T15:28:02+00:00","twitter_card":"summary_large_image","twitter_misc":{"Gesch\u00e4tzte Lesezeit":"2\u00a0Minuten"},"schema":{"@context":"https:\/\/schema.org","@graph":[{"@type":"WebPage","@id":"https:\/\/mirjamlandolt.com\/ver-keit\/","url":"https:\/\/mirjamlandolt.com\/ver-keit\/","name":"ver-keit - Mirjam Landolt","isPartOf":{"@id":"https:\/\/mirjamlandolt.com\/#website"},"datePublished":"2022-06-13T15:17:21+00:00","dateModified":"2022-06-13T15:28:02+00:00","description":"Ausstellung von Mirjam Landolt, Fotografien, K\u00fcssnacht am Rigi, FOTOSZ, FOTOBOX, Stadt& Landschaften","breadcrumb":{"@id":"https:\/\/mirjamlandolt.com\/ver-keit\/#breadcrumb"},"inLanguage":"de-CH","potentialAction":[{"@type":"ReadAction","target":["https:\/\/mirjamlandolt.com\/ver-keit\/"]}]},{"@type":"BreadcrumbList","@id":"https:\/\/mirjamlandolt.com\/ver-keit\/#breadcrumb","itemListElement":[{"@type":"ListItem","position":1,"name":"Accueil","item":"https:\/\/mirjamlandolt.com\/"},{"@type":"ListItem","position":2,"name":"ver-keit"}]},{"@type":"WebSite","@id":"https:\/\/mirjamlandolt.com\/#website","url":"https:\/\/mirjamlandolt.com\/","name":"Mirjam Landolt","description":"Portfolio","potentialAction":[{"@type":"SearchAction","target":{"@type":"EntryPoint","urlTemplate":"https:\/\/mirjamlandolt.com\/?s={search_term_string}"},"query-input":{"@type":"PropertyValueSpecification","valueRequired":true,"valueName":"search_term_string"}}],"inLanguage":"de-CH"}]}},"_links":{"self":[{"href":"https:\/\/mirjamlandolt.com\/de\/wp-json\/wp\/v2\/pages\/2033","targetHints":{"allow":["GET"]}}],"collection":[{"href":"https:\/\/mirjamlandolt.com\/de\/wp-json\/wp\/v2\/pages"}],"about":[{"href":"https:\/\/mirjamlandolt.com\/de\/wp-json\/wp\/v2\/types\/page"}],"author":[{"embeddable":true,"href":"https:\/\/mirjamlandolt.com\/de\/wp-json\/wp\/v2\/users\/1"}],"replies":[{"embeddable":true,"href":"https:\/\/mirjamlandolt.com\/de\/wp-json\/wp\/v2\/comments?post=2033"}],"version-history":[{"count":3,"href":"https:\/\/mirjamlandolt.com\/de\/wp-json\/wp\/v2\/pages\/2033\/revisions"}],"predecessor-version":[{"id":2038,"href":"https:\/\/mirjamlandolt.com\/de\/wp-json\/wp\/v2\/pages\/2033\/revisions\/2038"}],"wp:attachment":[{"href":"https:\/\/mirjamlandolt.com\/de\/wp-json\/wp\/v2\/media?parent=2033"}],"curies":[{"name":"wp","href":"https:\/\/api.w.org\/{rel}","templated":true}]}}