{"id":2002,"date":"2022-06-09T15:52:44","date_gmt":"2022-06-09T13:52:44","guid":{"rendered":"https:\/\/mirjamlandolt.com\/?page_id=2002"},"modified":"2023-10-01T16:34:21","modified_gmt":"2023-10-01T14:34:21","slug":"heilen","status":"publish","type":"page","link":"https:\/\/mirjamlandolt.com\/de\/heilen\/","title":{"rendered":"heilen"},"content":{"rendered":"<p>[et_pb_section fb_built=\u00a0\u00bb1&Prime; custom_padding_last_edited=\u00a0\u00bbon|phone\u00a0\u00bb _builder_version=\u00a0\u00bb4.16&Prime; background_color=\u00a0\u00bb#fffffb\u00a0\u00bb custom_margin=\u00a0\u00bb||||false|true\u00a0\u00bb custom_padding=\u00a0\u00bb8%|5%|5%|5%|false|true\u00a0\u00bb custom_padding_tablet=\u00a0\u00bb\u00a0\u00bb custom_padding_phone=\u00a0\u00bb1%||||false|true\u00a0\u00bb global_colors_info=\u00a0\u00bb{}\u00a0\u00bb][et_pb_row column_structure=\u00a0\u00bb3_5,2_5&Prime; custom_padding_last_edited=\u00a0\u00bbon|phone\u00a0\u00bb _builder_version=\u00a0\u00bb4.16&Prime; width=\u00a0\u00bb100%\u00a0\u00bb max_width=\u00a0\u00bb2560px\u00a0\u00bb custom_margin=\u00a0\u00bb||||false|false\u00a0\u00bb custom_padding=\u00a0\u00bb||||false|true\u00a0\u00bb custom_padding_tablet=\u00a0\u00bb||||false|true\u00a0\u00bb custom_padding_phone=\u00a0\u00bb||||false|true\u00a0\u00bb global_colors_info=\u00a0\u00bb{}\u00a0\u00bb][et_pb_column type=\u00a0\u00bb3_5&Prime; _builder_version=\u00a0\u00bb4.16&Prime; global_colors_info=\u00a0\u00bb{}\u00a0\u00bb][et_pb_image src=\u00a0\u00bbhttps:\/\/mirjamlandolt.com\/wp-content\/uploads\/2022\/06\/HEILEN_Gif.gif\u00a0\u00bb title_text=\u00a0\u00bbHEILEN_Gif\u00a0\u00bb _builder_version=\u00a0\u00bb4.16&Prime; _module_preset=\u00a0\u00bbdefault\u00a0\u00bb global_colors_info=\u00a0\u00bb{}\u00a0\u00bb][\/et_pb_image][et_pb_text _builder_version=\u00a0\u00bb4.16&Prime; custom_padding=\u00a0\u00bb||||false|false\u00a0\u00bb custom_padding_tablet=\u00a0\u00bb\u00a0\u00bb custom_padding_phone=\u00a0\u00bb2%||||false|false\u00a0\u00bb custom_padding_last_edited=\u00a0\u00bbon|phone\u00a0\u00bb text_font_size_tablet=\u00a0\u00bb\u00a0\u00bb text_font_size_phone=\u00a0\u00bb12px\u00a0\u00bb text_font_size_last_edited=\u00a0\u00bbon|phone\u00a0\u00bb text_line_height_tablet=\u00a0\u00bb\u00a0\u00bb text_line_height_phone=\u00a0\u00bb1em\u00a0\u00bb text_line_height_last_edited=\u00a0\u00bbon|desktop\u00a0\u00bb global_colors_info=\u00a0\u00bb{}\u00a0\u00bb]<\/p>\n<p>heilen\/gu\u00e9rir \u00a9 2022, mirjam landolt &amp; natalia wespi<\/p>\n<p>[\/et_pb_text][\/et_pb_column][et_pb_column type=\u00a0\u00bb2_5&Prime; _builder_version=\u00a0\u00bb4.16&Prime; global_colors_info=\u00a0\u00bb{}\u00a0\u00bb][et_pb_text _builder_version=\u00a0\u00bb4.16&Prime; header_font=\u00a0\u00bbDM Sans||||||||\u00a0\u00bb header_font_size=\u00a0\u00bb4vw\u00a0\u00bb custom_padding=\u00a0\u00bb0px|||||\u00a0\u00bb header_font_size_tablet=\u00a0\u00bb7vw\u00a0\u00bb header_font_size_phone=\u00a0\u00bb10vw\u00a0\u00bb header_font_size_last_edited=\u00a0\u00bbon|phone\u00a0\u00bb global_colors_info=\u00a0\u00bb{}\u00a0\u00bb]<\/p>\n<h1>heilen<br \/><span><\/span><\/h1>\n<p><span>Serie von 7 Cyanotypien von organischen*<br \/>Materialien auf Papier\u00a0<\/span>50x70cm<span><\/span><span><\/span><span><\/span><\/p>\n<p>Verbundenheit 1&amp;2 \/ *Efeu<br \/>Gedanken kl\u00e4ren 1\/*Ahornsamen<br \/>Gedanken kl\u00e4ren 2 \/ *Ahornbl\u00e4tter<br \/>alte Verstrickungen l\u00f6sen 1 \/ *Flechten<br \/>alte Verstrickungen l\u00f6sen 2 \/ *Flechten<br \/>Kosmos \/ *Haare<\/p>\n<p>[\/et_pb_text][et_pb_text _builder_version=\u00a0\u00bb4.21.0&Prime; custom_padding=\u00a0\u00bb3%||3%|0%|true|false\u00a0\u00bb hover_enabled=\u00a0\u00bb0&Prime; border_width_top=\u00a0\u00bb2px\u00a0\u00bb border_width_bottom=\u00a0\u00bb2px\u00a0\u00bb global_colors_info=\u00a0\u00bb{}\u00a0\u00bb sticky_enabled=\u00a0\u00bb0&Prime;]<\/p>\n<p><span>\u2605 30.9. \u2013 21.10.2023 Ausstellung im <a href=\"https:\/\/www.kulturhausmaihof.ch\">Kulturhaus Maihof<\/a> in K\u00fcssnacht am Rigi<br \/><\/span><span>\u26052022 exposition<\/span>\u00a0im <a href=\"http:\/\/www.m\u00fcsigricht.ch\/verwachsen\">M\u00fcsigricht<\/a> in Steinen<span><br \/><\/span><\/p>\n<p>[\/et_pb_text][et_pb_text _builder_version=\u00a0\u00bb4.16&Prime; custom_padding=\u00a0\u00bb||0px|||\u00a0\u00bb global_colors_info=\u00a0\u00bb{}\u00a0\u00bb]<\/p>\n<p>Untersuchung verschiedener organischer Materialien und ihrer Aspekte, insbesondere der Heilanwendungen.<\/p>\n<p>[\/et_pb_text][\/et_pb_column][\/et_pb_row][\/et_pb_section]<\/p>","protected":false},"excerpt":{"rendered":"<p>heilen\/gu\u00e9rir \u00a9 2022, mirjam landolt &amp; natalia wespigu\u00e9rir s\u00e9rie de 7 cyanotypes faites avec des mati\u00e8resorganiques* sur papier\u00a050x70cm connectivit\u00e9 1&amp;2 \/ *lierreclarifier les pens\u00e9es 1\/*graines d&rsquo;\u00e9rableclarifier les pens\u00e9es 2 \/ *feuille d&rsquo;erabledissoudre les anciennes intrications 1 \/ *lichendissoudre les anciennes intrications 2 \/ *lichencosmos \/ *cheveux\u2605 30.9. \u2013 21.10.2023 Exposition Kulturhaus Maihof \u00e0 K\u00fcssnacht am [&hellip;]<\/p>","protected":false},"author":1,"featured_media":0,"parent":0,"menu_order":0,"comment_status":"closed","ping_status":"closed","template":"","meta":{"_et_pb_use_builder":"on","_et_pb_old_content":"","_et_gb_content_width":"","footnotes":""},"class_list":["post-2002","page","type-page","status-publish","hentry"],"yoast_head":"<!-- This site is optimized with the Yoast SEO plugin v23.9 - https:\/\/yoast.com\/wordpress\/plugins\/seo\/ -->\n<title>heilen - Mirjam Landolt<\/title>\n<meta name=\"description\" content=\"Installation von Mirjam Landolt und Natalia Wespi. Diabilder. Organisches unter Glas. Kann man Natur konservieren? Kunst vs. Natur\" \/>\n<meta name=\"robots\" content=\"index, follow, max-snippet:-1, max-image-preview:large, max-video-preview:-1\" \/>\n<link rel=\"canonical\" href=\"https:\/\/mirjamlandolt.com\/de\/heilen\/\" \/>\n<meta property=\"og:locale\" content=\"de_DE\" \/>\n<meta property=\"og:type\" content=\"article\" \/>\n<meta property=\"og:title\" content=\"heilen - Mirjam Landolt\" \/>\n<meta property=\"og:description\" content=\"Installation von Mirjam Landolt und Natalia Wespi. Diabilder. Organisches unter Glas. Kann man Natur konservieren? Kunst vs. Natur\" \/>\n<meta property=\"og:url\" content=\"https:\/\/mirjamlandolt.com\/de\/heilen\/\" \/>\n<meta property=\"og:site_name\" content=\"Mirjam Landolt\" \/>\n<meta property=\"article:modified_time\" content=\"2023-10-01T14:34:21+00:00\" \/>\n<meta name=\"twitter:card\" content=\"summary_large_image\" \/>\n<meta name=\"twitter:label1\" content=\"Gesch\u00e4tzte Lesezeit\" \/>\n\t<meta name=\"twitter:data1\" content=\"2\u00a0Minuten\" \/>\n<script type=\"application\/ld+json\" class=\"yoast-schema-graph\">{\"@context\":\"https:\/\/schema.org\",\"@graph\":[{\"@type\":\"WebPage\",\"@id\":\"https:\/\/mirjamlandolt.com\/heilen\/\",\"url\":\"https:\/\/mirjamlandolt.com\/heilen\/\",\"name\":\"heilen - Mirjam Landolt\",\"isPartOf\":{\"@id\":\"https:\/\/mirjamlandolt.com\/#website\"},\"datePublished\":\"2022-06-09T13:52:44+00:00\",\"dateModified\":\"2023-10-01T14:34:21+00:00\",\"description\":\"Installation von Mirjam Landolt und Natalia Wespi. Diabilder. Organisches unter Glas. Kann man Natur konservieren? Kunst vs. Natur\",\"breadcrumb\":{\"@id\":\"https:\/\/mirjamlandolt.com\/heilen\/#breadcrumb\"},\"inLanguage\":\"de-CH\",\"potentialAction\":[{\"@type\":\"ReadAction\",\"target\":[\"https:\/\/mirjamlandolt.com\/heilen\/\"]}]},{\"@type\":\"BreadcrumbList\",\"@id\":\"https:\/\/mirjamlandolt.com\/heilen\/#breadcrumb\",\"itemListElement\":[{\"@type\":\"ListItem\",\"position\":1,\"name\":\"Accueil\",\"item\":\"https:\/\/mirjamlandolt.com\/\"},{\"@type\":\"ListItem\",\"position\":2,\"name\":\"heilen\"}]},{\"@type\":\"WebSite\",\"@id\":\"https:\/\/mirjamlandolt.com\/#website\",\"url\":\"https:\/\/mirjamlandolt.com\/\",\"name\":\"Mirjam Landolt\",\"description\":\"Portfolio\",\"potentialAction\":[{\"@type\":\"SearchAction\",\"target\":{\"@type\":\"EntryPoint\",\"urlTemplate\":\"https:\/\/mirjamlandolt.com\/?s={search_term_string}\"},\"query-input\":{\"@type\":\"PropertyValueSpecification\",\"valueRequired\":true,\"valueName\":\"search_term_string\"}}],\"inLanguage\":\"de-CH\"}]}<\/script>\n<!-- \/ Yoast SEO plugin. -->","yoast_head_json":{"title":"heilen - Mirjam Landolt","description":"Installation von Mirjam Landolt und Natalia Wespi. Diabilder. Organisches unter Glas. Kann man Natur konservieren? Kunst vs. Natur","robots":{"index":"index","follow":"follow","max-snippet":"max-snippet:-1","max-image-preview":"max-image-preview:large","max-video-preview":"max-video-preview:-1"},"canonical":"https:\/\/mirjamlandolt.com\/de\/heilen\/","og_locale":"de_DE","og_type":"article","og_title":"heilen - Mirjam Landolt","og_description":"Installation von Mirjam Landolt und Natalia Wespi. Diabilder. Organisches unter Glas. Kann man Natur konservieren? Kunst vs. Natur","og_url":"https:\/\/mirjamlandolt.com\/de\/heilen\/","og_site_name":"Mirjam Landolt","article_modified_time":"2023-10-01T14:34:21+00:00","twitter_card":"summary_large_image","twitter_misc":{"Gesch\u00e4tzte Lesezeit":"2\u00a0Minuten"},"schema":{"@context":"https:\/\/schema.org","@graph":[{"@type":"WebPage","@id":"https:\/\/mirjamlandolt.com\/heilen\/","url":"https:\/\/mirjamlandolt.com\/heilen\/","name":"heilen - Mirjam Landolt","isPartOf":{"@id":"https:\/\/mirjamlandolt.com\/#website"},"datePublished":"2022-06-09T13:52:44+00:00","dateModified":"2023-10-01T14:34:21+00:00","description":"Installation von Mirjam Landolt und Natalia Wespi. Diabilder. Organisches unter Glas. Kann man Natur konservieren? Kunst vs. Natur","breadcrumb":{"@id":"https:\/\/mirjamlandolt.com\/heilen\/#breadcrumb"},"inLanguage":"de-CH","potentialAction":[{"@type":"ReadAction","target":["https:\/\/mirjamlandolt.com\/heilen\/"]}]},{"@type":"BreadcrumbList","@id":"https:\/\/mirjamlandolt.com\/heilen\/#breadcrumb","itemListElement":[{"@type":"ListItem","position":1,"name":"Accueil","item":"https:\/\/mirjamlandolt.com\/"},{"@type":"ListItem","position":2,"name":"heilen"}]},{"@type":"WebSite","@id":"https:\/\/mirjamlandolt.com\/#website","url":"https:\/\/mirjamlandolt.com\/","name":"Mirjam Landolt","description":"Portfolio","potentialAction":[{"@type":"SearchAction","target":{"@type":"EntryPoint","urlTemplate":"https:\/\/mirjamlandolt.com\/?s={search_term_string}"},"query-input":{"@type":"PropertyValueSpecification","valueRequired":true,"valueName":"search_term_string"}}],"inLanguage":"de-CH"}]}},"_links":{"self":[{"href":"https:\/\/mirjamlandolt.com\/de\/wp-json\/wp\/v2\/pages\/2002","targetHints":{"allow":["GET"]}}],"collection":[{"href":"https:\/\/mirjamlandolt.com\/de\/wp-json\/wp\/v2\/pages"}],"about":[{"href":"https:\/\/mirjamlandolt.com\/de\/wp-json\/wp\/v2\/types\/page"}],"author":[{"embeddable":true,"href":"https:\/\/mirjamlandolt.com\/de\/wp-json\/wp\/v2\/users\/1"}],"replies":[{"embeddable":true,"href":"https:\/\/mirjamlandolt.com\/de\/wp-json\/wp\/v2\/comments?post=2002"}],"version-history":[{"count":6,"href":"https:\/\/mirjamlandolt.com\/de\/wp-json\/wp\/v2\/pages\/2002\/revisions"}],"predecessor-version":[{"id":2206,"href":"https:\/\/mirjamlandolt.com\/de\/wp-json\/wp\/v2\/pages\/2002\/revisions\/2206"}],"wp:attachment":[{"href":"https:\/\/mirjamlandolt.com\/de\/wp-json\/wp\/v2\/media?parent=2002"}],"curies":[{"name":"wp","href":"https:\/\/api.w.org\/{rel}","templated":true}]}}