{"id":993,"date":"2020-01-23T12:06:52","date_gmt":"2020-01-23T11:06:52","guid":{"rendered":"http:\/\/gwgyaakhw.preview.infomaniak.website\/?page_id=993"},"modified":"2020-04-08T16:04:13","modified_gmt":"2020-04-08T14:04:13","slug":"another-shore","status":"publish","type":"page","link":"http:\/\/mirjamlandolt.com\/de\/another-shore\/","title":{"rendered":"another shore"},"content":{"rendered":"<p>[et_pb_section fb_built=\u00a0\u00bb1&Prime; custom_padding_last_edited=\u00a0\u00bbon|phone\u00a0\u00bb _builder_version=\u00a0\u00bb4.2.2&Prime; background_color=\u00a0\u00bb#fffffb\u00a0\u00bb custom_margin=\u00a0\u00bb||||false|true\u00a0\u00bb custom_padding=\u00a0\u00bb8%|5%|5%|5%|false|true\u00a0\u00bb custom_padding_tablet=\u00a0\u00bb\u00a0\u00bb custom_padding_phone=\u00a0\u00bb1%||||false|true\u00a0\u00bb hover_enabled=\u00a0\u00bb0&Prime;][et_pb_row column_structure=\u00a0\u00bb3_5,2_5&Prime; custom_padding_last_edited=\u00a0\u00bbon|phone\u00a0\u00bb _builder_version=\u00a0\u00bb4.2.2&Prime; width=\u00a0\u00bb100%\u00a0\u00bb max_width=\u00a0\u00bb2560px\u00a0\u00bb custom_margin=\u00a0\u00bb||||false|false\u00a0\u00bb custom_padding=\u00a0\u00bb||||true|true\u00a0\u00bb custom_padding_tablet=\u00a0\u00bb||||false|true\u00a0\u00bb custom_padding_phone=\u00a0\u00bb||||false|true\u00a0\u00bb][et_pb_column type=\u00a0\u00bb3_5&Prime; _builder_version=\u00a0\u00bb4.1&Prime;][et_pb_code _builder_version=\u00a0\u00bb4.2.2&Prime; custom_margin=\u00a0\u00bb||0px||false|false\u00a0\u00bb]<iframe loading=\"lazy\" src=\"https:\/\/player.vimeo.com\/video\/260261488\" width=\"640\" height=\"360\" frameborder=\"0\" allow=\"autoplay; fullscreen\" allowfullscreen><\/iframe>[\/et_pb_code][et_pb_text _builder_version=\u00a0\u00bb4.4.2&Prime; custom_padding=\u00a0\u00bb0%||||false|false\u00a0\u00bb custom_padding_tablet=\u00a0\u00bb\u00a0\u00bb custom_padding_phone=\u00a0\u00bb2%||||false|false\u00a0\u00bb custom_padding_last_edited=\u00a0\u00bbon|phone\u00a0\u00bb hover_enabled=\u00a0\u00bb0&Prime; text_font_size_tablet=\u00a0\u00bb\u00a0\u00bb text_font_size_phone=\u00a0\u00bb12px\u00a0\u00bb text_font_size_last_edited=\u00a0\u00bbon|desktop\u00a0\u00bb text_line_height_tablet=\u00a0\u00bb\u00a0\u00bb text_line_height_phone=\u00a0\u00bb1em\u00a0\u00bb text_line_height_last_edited=\u00a0\u00bbon|desktop\u00a0\u00bb]<\/p>\n<p>une autre rive \u2013 teaser \u00a9 2017, anne pictet<\/p>\n<p>[\/et_pb_text][\/et_pb_column][et_pb_column type=\u00a0\u00bb2_5&Prime; _builder_version=\u00a0\u00bb4.1&Prime;][et_pb_text _builder_version=\u00a0\u00bb4.4.2&Prime; header_font=\u00a0\u00bbDM Sans||||||||\u00a0\u00bb header_font_size=\u00a0\u00bb4vw\u00a0\u00bb custom_padding=\u00a0\u00bb||||false|false\u00a0\u00bb hover_enabled=\u00a0\u00bb0&Prime; header_font_size_tablet=\u00a0\u00bb8vw\u00a0\u00bb header_font_size_phone=\u00a0\u00bb10vw\u00a0\u00bb header_font_size_last_edited=\u00a0\u00bbon|phone\u00a0\u00bb]<\/p>\n<h1>another shore<\/h1>\n<p>image sur le court-m\u00e9trage documentaire d&rsquo;<a href=\"http:\/\/www.ateliersvaran.com\/fr\/reseau\/annuaire\/anne-pictet_5043\" target=\"_blank\" rel=\"noopener noreferrer\"><span style=\"text-decoration: underline;\">anne pictet<\/span><\/a>, 2017<\/p>\n<p>[\/et_pb_text][et_pb_text _builder_version=\u00a0\u00bb4.4.2&Prime; custom_padding=\u00a0\u00bb3%||3%|0%|true|false\u00a0\u00bb hover_enabled=\u00a0\u00bb0&Prime; border_width_top=\u00a0\u00bb2px\u00a0\u00bb border_width_bottom=\u00a0\u00bb2px\u00a0\u00bb]<\/p>\n<p>HD \/ couleur \/ 33 min \/ Suisse<br \/>\u2605 s\u00e9lections 2018 (&#8230;) <span style=\"text-decoration: underline;\">Corsica Docs<\/span>, <span style=\"text-decoration: underline;\">Traces de Vie<\/span>\u00a0Clermont-Ferrand, <span style=\"text-decoration: underline;\">Off cin\u00e9ma Festival<\/span>\u00a0Poznan, <span style=\"text-decoration: underline;\">Commffest<\/span>\u00a0Toronto.<br \/>2019 (&#8230;)\u00a0<span style=\"text-decoration: underline;\">Mumbai Shorts International Film<\/span>, <span style=\"text-decoration: underline;\">BLOW-UP<\/span>\u00a0Chicago<\/p>\n<p>[\/et_pb_text][et_pb_text _builder_version=\u00a0\u00bb4.4.2&Prime; custom_margin=\u00a0\u00bb||||false|false\u00a0\u00bb hover_enabled=\u00a0\u00bb0&Prime;]<\/p>\n<p>Un couple de retrait\u00e9s suisses, issu de l\u2019establishment genevois install\u00e9 sur le m\u00eame territoire depuis des si\u00e8cles, d\u00e9cide\u00a0d\u2019accueillir pour une dur\u00e9e ind\u00e9termin\u00e9e un couple de Kurdes trentenaires et leurs deux filles qui ont fuit la guerre en\u00a0Syrie. Le film capture des moments progressifs de d\u00e9couverte mutuelle, alternant entre craintes et attentes.\u00a0<\/p>\n<p>[\/et_pb_text][\/et_pb_column][\/et_pb_row][\/et_pb_section]<\/p>","protected":false},"excerpt":{"rendered":"<p>une autre rive \u2013 teaser \u00a9 2017, anne pictet une autre rive image sur le court-m\u00e9trage documentaire d&rsquo;anne pictet, 2017 HD \/ couleur \/ 33 min \/ Suisse\u2605 s\u00e9lections 2018 (&#8230;) Corsica Docs, Traces de Vie\u00a0Clermont-Ferrand, Off cin\u00e9ma Festival\u00a0Poznan, Commffest\u00a0Toronto.2019 (&#8230;)\u00a0Mumbai Shorts International Film, BLOW-UP\u00a0Chicago Un couple de retrait\u00e9s suisses, issu de l\u2019establishment genevois install\u00e9 [&hellip;]<\/p>","protected":false},"author":1,"featured_media":0,"parent":0,"menu_order":0,"comment_status":"closed","ping_status":"closed","template":"","meta":{"_et_pb_use_builder":"on","_et_pb_old_content":"","_et_gb_content_width":"","footnotes":""},"class_list":["post-993","page","type-page","status-publish","hentry"],"yoast_head":"<!-- This site is optimized with the Yoast SEO plugin v23.9 - https:\/\/yoast.com\/wordpress\/plugins\/seo\/ -->\n<title>une autre rive - Mirjam Landolt<\/title>\n<meta name=\"description\" content=\"une autre rive, court-m\u00e9trage documentaire d&#039;Anne Pictet. 2017 \/ HD \/ couleur \/ 33 min. \/ Suisse. Cheffe-Op\u00e9ratrice : Mirjam Landolt.\" \/>\n<meta name=\"robots\" content=\"index, follow, max-snippet:-1, max-image-preview:large, max-video-preview:-1\" \/>\n<link rel=\"canonical\" href=\"https:\/\/mirjamlandolt.com\/de\/another-shore\/\" \/>\n<meta property=\"og:locale\" content=\"de_DE\" \/>\n<meta property=\"og:type\" content=\"article\" \/>\n<meta property=\"og:title\" content=\"une autre rive - Mirjam Landolt\" \/>\n<meta property=\"og:description\" content=\"une autre rive, court-m\u00e9trage documentaire d&#039;Anne Pictet. 2017 \/ HD \/ couleur \/ 33 min. \/ Suisse. Cheffe-Op\u00e9ratrice : Mirjam Landolt.\" \/>\n<meta property=\"og:url\" content=\"https:\/\/mirjamlandolt.com\/de\/another-shore\/\" \/>\n<meta property=\"og:site_name\" content=\"Mirjam Landolt\" \/>\n<meta property=\"article:modified_time\" content=\"2020-04-08T14:04:13+00:00\" \/>\n<meta name=\"twitter:card\" content=\"summary_large_image\" \/>\n<meta name=\"twitter:label1\" content=\"Gesch\u00e4tzte Lesezeit\" \/>\n\t<meta name=\"twitter:data1\" content=\"2\u00a0Minuten\" \/>\n<script type=\"application\/ld+json\" class=\"yoast-schema-graph\">{\"@context\":\"https:\/\/schema.org\",\"@graph\":[{\"@type\":\"WebPage\",\"@id\":\"https:\/\/mirjamlandolt.com\/another-shore\/\",\"url\":\"https:\/\/mirjamlandolt.com\/another-shore\/\",\"name\":\"une autre rive - Mirjam Landolt\",\"isPartOf\":{\"@id\":\"https:\/\/mirjamlandolt.com\/#website\"},\"datePublished\":\"2020-01-23T11:06:52+00:00\",\"dateModified\":\"2020-04-08T14:04:13+00:00\",\"description\":\"une autre rive, court-m\u00e9trage documentaire d'Anne Pictet. 2017 \/ HD \/ couleur \/ 33 min. \/ Suisse. Cheffe-Op\u00e9ratrice : Mirjam Landolt.\",\"breadcrumb\":{\"@id\":\"https:\/\/mirjamlandolt.com\/another-shore\/#breadcrumb\"},\"inLanguage\":\"de-CH\",\"potentialAction\":[{\"@type\":\"ReadAction\",\"target\":[\"https:\/\/mirjamlandolt.com\/another-shore\/\"]}]},{\"@type\":\"BreadcrumbList\",\"@id\":\"https:\/\/mirjamlandolt.com\/another-shore\/#breadcrumb\",\"itemListElement\":[{\"@type\":\"ListItem\",\"position\":1,\"name\":\"Accueil\",\"item\":\"https:\/\/mirjamlandolt.com\/\"},{\"@type\":\"ListItem\",\"position\":2,\"name\":\"une autre rive\"}]},{\"@type\":\"WebSite\",\"@id\":\"https:\/\/mirjamlandolt.com\/#website\",\"url\":\"https:\/\/mirjamlandolt.com\/\",\"name\":\"Mirjam Landolt\",\"description\":\"Portfolio\",\"potentialAction\":[{\"@type\":\"SearchAction\",\"target\":{\"@type\":\"EntryPoint\",\"urlTemplate\":\"https:\/\/mirjamlandolt.com\/?s={search_term_string}\"},\"query-input\":{\"@type\":\"PropertyValueSpecification\",\"valueRequired\":true,\"valueName\":\"search_term_string\"}}],\"inLanguage\":\"de-CH\"}]}<\/script>\n<!-- \/ Yoast SEO plugin. -->","yoast_head_json":{"title":"une autre rive - Mirjam Landolt","description":"une autre rive, court-m\u00e9trage documentaire d'Anne Pictet. 2017 \/ HD \/ couleur \/ 33 min. \/ Suisse. Cheffe-Op\u00e9ratrice : Mirjam Landolt.","robots":{"index":"index","follow":"follow","max-snippet":"max-snippet:-1","max-image-preview":"max-image-preview:large","max-video-preview":"max-video-preview:-1"},"canonical":"https:\/\/mirjamlandolt.com\/de\/another-shore\/","og_locale":"de_DE","og_type":"article","og_title":"une autre rive - Mirjam Landolt","og_description":"une autre rive, court-m\u00e9trage documentaire d'Anne Pictet. 2017 \/ HD \/ couleur \/ 33 min. \/ Suisse. Cheffe-Op\u00e9ratrice : Mirjam Landolt.","og_url":"https:\/\/mirjamlandolt.com\/de\/another-shore\/","og_site_name":"Mirjam Landolt","article_modified_time":"2020-04-08T14:04:13+00:00","twitter_card":"summary_large_image","twitter_misc":{"Gesch\u00e4tzte Lesezeit":"2\u00a0Minuten"},"schema":{"@context":"https:\/\/schema.org","@graph":[{"@type":"WebPage","@id":"https:\/\/mirjamlandolt.com\/another-shore\/","url":"https:\/\/mirjamlandolt.com\/another-shore\/","name":"une autre rive - Mirjam Landolt","isPartOf":{"@id":"https:\/\/mirjamlandolt.com\/#website"},"datePublished":"2020-01-23T11:06:52+00:00","dateModified":"2020-04-08T14:04:13+00:00","description":"une autre rive, court-m\u00e9trage documentaire d'Anne Pictet. 2017 \/ HD \/ couleur \/ 33 min. \/ Suisse. Cheffe-Op\u00e9ratrice : Mirjam Landolt.","breadcrumb":{"@id":"https:\/\/mirjamlandolt.com\/another-shore\/#breadcrumb"},"inLanguage":"de-CH","potentialAction":[{"@type":"ReadAction","target":["https:\/\/mirjamlandolt.com\/another-shore\/"]}]},{"@type":"BreadcrumbList","@id":"https:\/\/mirjamlandolt.com\/another-shore\/#breadcrumb","itemListElement":[{"@type":"ListItem","position":1,"name":"Accueil","item":"https:\/\/mirjamlandolt.com\/"},{"@type":"ListItem","position":2,"name":"une autre rive"}]},{"@type":"WebSite","@id":"https:\/\/mirjamlandolt.com\/#website","url":"https:\/\/mirjamlandolt.com\/","name":"Mirjam Landolt","description":"Portfolio","potentialAction":[{"@type":"SearchAction","target":{"@type":"EntryPoint","urlTemplate":"https:\/\/mirjamlandolt.com\/?s={search_term_string}"},"query-input":{"@type":"PropertyValueSpecification","valueRequired":true,"valueName":"search_term_string"}}],"inLanguage":"de-CH"}]}},"_links":{"self":[{"href":"http:\/\/mirjamlandolt.com\/de\/wp-json\/wp\/v2\/pages\/993","targetHints":{"allow":["GET"]}}],"collection":[{"href":"http:\/\/mirjamlandolt.com\/de\/wp-json\/wp\/v2\/pages"}],"about":[{"href":"http:\/\/mirjamlandolt.com\/de\/wp-json\/wp\/v2\/types\/page"}],"author":[{"embeddable":true,"href":"http:\/\/mirjamlandolt.com\/de\/wp-json\/wp\/v2\/users\/1"}],"replies":[{"embeddable":true,"href":"http:\/\/mirjamlandolt.com\/de\/wp-json\/wp\/v2\/comments?post=993"}],"version-history":[{"count":14,"href":"http:\/\/mirjamlandolt.com\/de\/wp-json\/wp\/v2\/pages\/993\/revisions"}],"predecessor-version":[{"id":1571,"href":"http:\/\/mirjamlandolt.com\/de\/wp-json\/wp\/v2\/pages\/993\/revisions\/1571"}],"wp:attachment":[{"href":"http:\/\/mirjamlandolt.com\/de\/wp-json\/wp\/v2\/media?parent=993"}],"curies":[{"name":"wp","href":"https:\/\/api.w.org\/{rel}","templated":true}]}}