{"id":981,"date":"2020-01-23T12:04:34","date_gmt":"2020-01-23T11:04:34","guid":{"rendered":"http:\/\/gwgyaakhw.preview.infomaniak.website\/?page_id=981"},"modified":"2020-01-30T11:32:47","modified_gmt":"2020-01-30T10:32:47","slug":"tout-ca","status":"publish","type":"page","link":"http:\/\/mirjamlandolt.com\/de\/tout-ca\/","title":{"rendered":"all that"},"content":{"rendered":"<p>[et_pb_section fb_built=\u00a0\u00bb1&Prime; custom_padding_last_edited=\u00a0\u00bbon|phone\u00a0\u00bb _builder_version=\u00a0\u00bb4.2.2&Prime; background_color=\u00a0\u00bb#fffffb\u00a0\u00bb custom_margin=\u00a0\u00bb||||false|true\u00a0\u00bb custom_padding=\u00a0\u00bb8%|5%|5%|5%|false|true\u00a0\u00bb custom_padding_tablet=\u00a0\u00bb\u00a0\u00bb custom_padding_phone=\u00a0\u00bb1%||||false|true\u00a0\u00bb][et_pb_row column_structure=\u00a0\u00bb3_5,2_5&Prime; custom_padding_last_edited=\u00a0\u00bbon|phone\u00a0\u00bb _builder_version=\u00a0\u00bb4.2.2&Prime; width=\u00a0\u00bb100%\u00a0\u00bb max_width=\u00a0\u00bb2560px\u00a0\u00bb custom_margin=\u00a0\u00bb||||false|false\u00a0\u00bb custom_padding=\u00a0\u00bb||||true|true\u00a0\u00bb custom_padding_tablet=\u00a0\u00bb||||false|true\u00a0\u00bb custom_padding_phone=\u00a0\u00bb||||false|true\u00a0\u00bb][et_pb_column type=\u00a0\u00bb3_5&Prime; _builder_version=\u00a0\u00bb4.1&Prime;][et_pb_image src=\u00a0\u00bbhttp:\/\/gwgyaakhw.preview.infomaniak.website\/wp-content\/uploads\/2020\/01\/toutca.gif\u00a0\u00bb align=\u00a0\u00bbcenter\u00a0\u00bb _builder_version=\u00a0\u00bb4.2.2&Prime; background_color=\u00a0\u00bb#000000&Prime; custom_margin=\u00a0\u00bb||0px||false|false\u00a0\u00bb][\/et_pb_image][et_pb_text _builder_version=\u00a0\u00bb4.2.2&Prime; custom_padding=\u00a0\u00bb||||false|false\u00a0\u00bb hover_enabled=\u00a0\u00bb0&Prime; content_last_edited=\u00a0\u00bbon|desktop\u00a0\u00bb content_phone=\u00a0\u00bb<\/p>\n<p>tout \u00e7a \u2013 court-m\u00e9trage <br \/>\u00a9 2013,\u00a0nalia giovanoli<\/p>\n<p>\u00a0\u00bb text_font_size_last_edited=\u00a0\u00bbon|phone\u00a0\u00bb text_font_size_phone=\u00a0\u00bb12px\u00a0\u00bb text_line_height_last_edited=\u00a0\u00bbon|phone\u00a0\u00bb text_line_height_phone=\u00a0\u00bb1em\u00a0\u00bb custom_padding_last_edited=\u00a0\u00bbon|phone\u00a0\u00bb custom_padding_phone=\u00a0\u00bb2%||||false|false\u00a0\u00bb]<\/p>\n<p>all that \u2013 kurzfilm \u00a9 2013, nalia giovanoli<\/p>\n<p>[\/et_pb_text][\/et_pb_column][et_pb_column type=\u00a0\u00bb2_5&Prime; _builder_version=\u00a0\u00bb4.1&Prime;][et_pb_text _builder_version=\u00a0\u00bb4.2.2&Prime; header_font=\u00a0\u00bbDM Sans||||||||\u00a0\u00bb header_font_size=\u00a0\u00bb4vw\u00a0\u00bb custom_padding=\u00a0\u00bb||||false|false\u00a0\u00bb header_font_size_tablet=\u00a0\u00bb8vw\u00a0\u00bb header_font_size_phone=\u00a0\u00bb10vw\u00a0\u00bb header_font_size_last_edited=\u00a0\u00bbon|phone\u00a0\u00bb]<\/p>\n<h1>all that<\/h1>\n<p>Kamera f\u00fcr Dokumentar-Kurzfilm<br \/> von\u00a0<a href=\"https:\/\/www.swissfilms.ch\/de\/film_search\/filmdetails\/-\/id_person\/51E5F14F5E2F475889E4842EF90F436B\" target=\"_blank\" rel=\"noopener noreferrer\"><span style=\"text-decoration: underline;\">nalia giovanoli<\/span><\/a>, 2013<\/p>\n<p>[\/et_pb_text][et_pb_text _builder_version=\u00a0\u00bb4.2.2&Prime; custom_padding=\u00a0\u00bb3%||3%||true|false\u00a0\u00bb border_width_top=\u00a0\u00bb2px\u00a0\u00bb border_width_bottom=\u00a0\u00bb2px\u00a0\u00bb]<\/p>\n<p><span>HD \/ Farbe \/ 2013 \/ Schweiz<br \/>Produktion <span style=\"text-decoration: underline;\">HEAD<br \/><\/span>\u2605 Selektion 2014\u00a0<span style=\"text-decoration: underline;\">Visions du r\u00e9el<\/span><span style=\"text-decoration: underline;\"><br \/><\/span><\/span><\/p>\n<p>[\/et_pb_text][et_pb_text _builder_version=\u00a0\u00bb4.2.2&Prime; custom_margin=\u00a0\u00bb||||false|false\u00a0\u00bb]<\/p>\n<p>Die Filmemacherin Nalia Giovanoli, hinterfragt die Spuren. Was behalten wir von unseren Liebsten? Wie und warum behalten wir diese Spuren? Um Antworten zu finden, befragt sie ihre Gro\u00dfeltern nach ihrer Beziehung zu Gegenst\u00e4nden, Erinnerungen und ihrem eigenen Verschwinden.<\/p>\n<p>[\/et_pb_text][\/et_pb_column][\/et_pb_row][\/et_pb_section]<\/p>","protected":false},"excerpt":{"rendered":"<p>tout \u00e7a \u2013 court-m\u00e9trage \u00a9 2013,\u00a0nalia giovanoli tout \u00e7a image sur le court-m\u00e9trage documentaire de\u00a0nalia giovanoli, 2013HD \/ couleur \/ 2013 \/ SuisseProduction HEAD\u2605 s\u00e9lection 2014\u00a0Visions du r\u00e9elLa cin\u00e9aste Nalia Giovanoli, questionne les traces. Que gardons-nous des \u00eatres qui nous sont\u00a0chers ? Comment et pourquoi garder ces traces ? Afin de trouver des r\u00e9ponses, elle [&hellip;]<\/p>","protected":false},"author":1,"featured_media":0,"parent":0,"menu_order":0,"comment_status":"closed","ping_status":"closed","template":"","meta":{"_et_pb_use_builder":"on","_et_pb_old_content":"","_et_gb_content_width":"","footnotes":""},"class_list":["post-981","page","type-page","status-publish","hentry"],"yoast_head":"<!-- This site is optimized with the Yoast SEO plugin v23.9 - https:\/\/yoast.com\/wordpress\/plugins\/seo\/ -->\n<title>tout \u00e7a - Mirjam Landolt<\/title>\n<meta name=\"description\" content=\"court-m\u00e9trage documentaire de la r\u00e9alisatrice et monteuse Nalia Giovanoli. 2013. HD \/ couleur \/ Suisse. Production HEAD. Cheffe-Op\u00e9ratrice : Mirjam Landolt\" \/>\n<meta name=\"robots\" content=\"index, follow, max-snippet:-1, max-image-preview:large, max-video-preview:-1\" \/>\n<link rel=\"canonical\" href=\"http:\/\/mirjamlandolt.com\/de\/tout-ca\/\" \/>\n<meta property=\"og:locale\" content=\"de_DE\" \/>\n<meta property=\"og:type\" content=\"article\" \/>\n<meta property=\"og:title\" content=\"tout \u00e7a - Mirjam Landolt\" \/>\n<meta property=\"og:description\" content=\"court-m\u00e9trage documentaire de la r\u00e9alisatrice et monteuse Nalia Giovanoli. 2013. HD \/ couleur \/ Suisse. Production HEAD. Cheffe-Op\u00e9ratrice : Mirjam Landolt\" \/>\n<meta property=\"og:url\" content=\"http:\/\/mirjamlandolt.com\/de\/tout-ca\/\" \/>\n<meta property=\"og:site_name\" content=\"Mirjam Landolt\" \/>\n<meta property=\"article:modified_time\" content=\"2020-01-30T10:32:47+00:00\" \/>\n<meta name=\"twitter:card\" content=\"summary_large_image\" \/>\n<meta name=\"twitter:label1\" content=\"Gesch\u00e4tzte Lesezeit\" \/>\n\t<meta name=\"twitter:data1\" content=\"2\u00a0Minuten\" \/>\n<script type=\"application\/ld+json\" class=\"yoast-schema-graph\">{\"@context\":\"https:\/\/schema.org\",\"@graph\":[{\"@type\":\"WebPage\",\"@id\":\"http:\/\/mirjamlandolt.com\/de\/tout-ca\/\",\"url\":\"http:\/\/mirjamlandolt.com\/de\/tout-ca\/\",\"name\":\"tout \u00e7a - Mirjam Landolt\",\"isPartOf\":{\"@id\":\"https:\/\/mirjamlandolt.com\/#website\"},\"datePublished\":\"2020-01-23T11:04:34+00:00\",\"dateModified\":\"2020-01-30T10:32:47+00:00\",\"description\":\"court-m\u00e9trage documentaire de la r\u00e9alisatrice et monteuse Nalia Giovanoli. 2013. HD \/ couleur \/ Suisse. Production HEAD. Cheffe-Op\u00e9ratrice : Mirjam Landolt\",\"breadcrumb\":{\"@id\":\"http:\/\/mirjamlandolt.com\/de\/tout-ca\/#breadcrumb\"},\"inLanguage\":\"de-CH\",\"potentialAction\":[{\"@type\":\"ReadAction\",\"target\":[\"http:\/\/mirjamlandolt.com\/de\/tout-ca\/\"]}]},{\"@type\":\"BreadcrumbList\",\"@id\":\"http:\/\/mirjamlandolt.com\/de\/tout-ca\/#breadcrumb\",\"itemListElement\":[{\"@type\":\"ListItem\",\"position\":1,\"name\":\"Accueil\",\"item\":\"https:\/\/mirjamlandolt.com\/\"},{\"@type\":\"ListItem\",\"position\":2,\"name\":\"tout \u00e7a\"}]},{\"@type\":\"WebSite\",\"@id\":\"https:\/\/mirjamlandolt.com\/#website\",\"url\":\"https:\/\/mirjamlandolt.com\/\",\"name\":\"Mirjam Landolt\",\"description\":\"Portfolio\",\"potentialAction\":[{\"@type\":\"SearchAction\",\"target\":{\"@type\":\"EntryPoint\",\"urlTemplate\":\"https:\/\/mirjamlandolt.com\/?s={search_term_string}\"},\"query-input\":{\"@type\":\"PropertyValueSpecification\",\"valueRequired\":true,\"valueName\":\"search_term_string\"}}],\"inLanguage\":\"de-CH\"}]}<\/script>\n<!-- \/ Yoast SEO plugin. -->","yoast_head_json":{"title":"tout \u00e7a - Mirjam Landolt","description":"court-m\u00e9trage documentaire de la r\u00e9alisatrice et monteuse Nalia Giovanoli. 2013. HD \/ couleur \/ Suisse. Production HEAD. Cheffe-Op\u00e9ratrice : Mirjam Landolt","robots":{"index":"index","follow":"follow","max-snippet":"max-snippet:-1","max-image-preview":"max-image-preview:large","max-video-preview":"max-video-preview:-1"},"canonical":"http:\/\/mirjamlandolt.com\/de\/tout-ca\/","og_locale":"de_DE","og_type":"article","og_title":"tout \u00e7a - Mirjam Landolt","og_description":"court-m\u00e9trage documentaire de la r\u00e9alisatrice et monteuse Nalia Giovanoli. 2013. HD \/ couleur \/ Suisse. Production HEAD. Cheffe-Op\u00e9ratrice : Mirjam Landolt","og_url":"http:\/\/mirjamlandolt.com\/de\/tout-ca\/","og_site_name":"Mirjam Landolt","article_modified_time":"2020-01-30T10:32:47+00:00","twitter_card":"summary_large_image","twitter_misc":{"Gesch\u00e4tzte Lesezeit":"2\u00a0Minuten"},"schema":{"@context":"https:\/\/schema.org","@graph":[{"@type":"WebPage","@id":"http:\/\/mirjamlandolt.com\/de\/tout-ca\/","url":"http:\/\/mirjamlandolt.com\/de\/tout-ca\/","name":"tout \u00e7a - Mirjam Landolt","isPartOf":{"@id":"https:\/\/mirjamlandolt.com\/#website"},"datePublished":"2020-01-23T11:04:34+00:00","dateModified":"2020-01-30T10:32:47+00:00","description":"court-m\u00e9trage documentaire de la r\u00e9alisatrice et monteuse Nalia Giovanoli. 2013. HD \/ couleur \/ Suisse. Production HEAD. Cheffe-Op\u00e9ratrice : Mirjam Landolt","breadcrumb":{"@id":"http:\/\/mirjamlandolt.com\/de\/tout-ca\/#breadcrumb"},"inLanguage":"de-CH","potentialAction":[{"@type":"ReadAction","target":["http:\/\/mirjamlandolt.com\/de\/tout-ca\/"]}]},{"@type":"BreadcrumbList","@id":"http:\/\/mirjamlandolt.com\/de\/tout-ca\/#breadcrumb","itemListElement":[{"@type":"ListItem","position":1,"name":"Accueil","item":"https:\/\/mirjamlandolt.com\/"},{"@type":"ListItem","position":2,"name":"tout \u00e7a"}]},{"@type":"WebSite","@id":"https:\/\/mirjamlandolt.com\/#website","url":"https:\/\/mirjamlandolt.com\/","name":"Mirjam Landolt","description":"Portfolio","potentialAction":[{"@type":"SearchAction","target":{"@type":"EntryPoint","urlTemplate":"https:\/\/mirjamlandolt.com\/?s={search_term_string}"},"query-input":{"@type":"PropertyValueSpecification","valueRequired":true,"valueName":"search_term_string"}}],"inLanguage":"de-CH"}]}},"_links":{"self":[{"href":"http:\/\/mirjamlandolt.com\/de\/wp-json\/wp\/v2\/pages\/981","targetHints":{"allow":["GET"]}}],"collection":[{"href":"http:\/\/mirjamlandolt.com\/de\/wp-json\/wp\/v2\/pages"}],"about":[{"href":"http:\/\/mirjamlandolt.com\/de\/wp-json\/wp\/v2\/types\/page"}],"author":[{"embeddable":true,"href":"http:\/\/mirjamlandolt.com\/de\/wp-json\/wp\/v2\/users\/1"}],"replies":[{"embeddable":true,"href":"http:\/\/mirjamlandolt.com\/de\/wp-json\/wp\/v2\/comments?post=981"}],"version-history":[{"count":13,"href":"http:\/\/mirjamlandolt.com\/de\/wp-json\/wp\/v2\/pages\/981\/revisions"}],"predecessor-version":[{"id":1546,"href":"http:\/\/mirjamlandolt.com\/de\/wp-json\/wp\/v2\/pages\/981\/revisions\/1546"}],"wp:attachment":[{"href":"http:\/\/mirjamlandolt.com\/de\/wp-json\/wp\/v2\/media?parent=981"}],"curies":[{"name":"wp","href":"https:\/\/api.w.org\/{rel}","templated":true}]}}