{"id":732,"date":"2020-01-20T16:14:36","date_gmt":"2020-01-20T15:14:36","guid":{"rendered":"http:\/\/gwgyaakhw.preview.infomaniak.website\/?page_id=732"},"modified":"2023-10-01T16:18:43","modified_gmt":"2023-10-01T14:18:43","slug":"aquatic-curiosity-cabinet","status":"publish","type":"page","link":"http:\/\/mirjamlandolt.com\/de\/aquatic-curiosity-cabinet\/","title":{"rendered":"aquatic curiosity cabinet"},"content":{"rendered":"<p>[et_pb_section fb_built=\u00a0\u00bb1&Prime; custom_padding_last_edited=\u00a0\u00bbon|phone\u00a0\u00bb _builder_version=\u00a0\u00bb4.16&Prime; background_color=\u00a0\u00bb#fffffb\u00a0\u00bb custom_margin=\u00a0\u00bb||||false|true\u00a0\u00bb custom_padding=\u00a0\u00bb8%|5%|5%|5%|false|true\u00a0\u00bb custom_padding_tablet=\u00a0\u00bb\u00a0\u00bb custom_padding_phone=\u00a0\u00bb1%||||false|true\u00a0\u00bb global_colors_info=\u00a0\u00bb{}\u00a0\u00bb][et_pb_row column_structure=\u00a0\u00bb3_5,2_5&Prime; custom_padding_last_edited=\u00a0\u00bbon|phone\u00a0\u00bb _builder_version=\u00a0\u00bb4.16&Prime; width=\u00a0\u00bb100%\u00a0\u00bb max_width=\u00a0\u00bb2560px\u00a0\u00bb custom_margin=\u00a0\u00bb||||false|false\u00a0\u00bb custom_padding=\u00a0\u00bb||||false|false\u00a0\u00bb custom_padding_tablet=\u00a0\u00bb||||false|false\u00a0\u00bb custom_padding_phone=\u00a0\u00bb||||false|false\u00a0\u00bb global_colors_info=\u00a0\u00bb{}\u00a0\u00bb][et_pb_column type=\u00a0\u00bb3_5&Prime; _builder_version=\u00a0\u00bb4.16&Prime; global_colors_info=\u00a0\u00bb{}\u00a0\u00bb][et_pb_image src=\u00a0\u00bbhttp:\/\/gwgyaakhw.preview.infomaniak.website\/wp-content\/uploads\/2020\/01\/ac-cabinet.gif\u00a0\u00bb _builder_version=\u00a0\u00bb4.16&Prime; custom_margin=\u00a0\u00bb||0px||false|false\u00a0\u00bb global_colors_info=\u00a0\u00bb{}\u00a0\u00bb][\/et_pb_image][et_pb_text content_tablet=\u00a0\u00bb<\/p>\n<p style=\"%22text-align:\" left;%22>aquatic curiosity cabinet \u2013 \u00a9 2018 und 2019, mirjam landolt und marine midy<\/p>\n<p>\u00a0\u00bb content_phone=\u00a0\u00bb<\/p>\n<p style=\"%22text-align:\" left;%22>aquatic curiosity cabinet \u2013 \u00a9 2018 et 2019,<br \/>mirjam landolt et marine midy<\/p>\n<p>\u00a0\u00bb content_last_edited=\u00a0\u00bbon|phone\u00a0\u00bb _builder_version=\u00a0\u00bb4.16&Prime; custom_padding_tablet=\u00a0\u00bb\u00a0\u00bb custom_padding_phone=\u00a0\u00bb2%||||false|false\u00a0\u00bb custom_padding_last_edited=\u00a0\u00bbon|tablet\u00a0\u00bb text_font_size_tablet=\u00a0\u00bb\u00a0\u00bb text_font_size_phone=\u00a0\u00bb12px\u00a0\u00bb text_font_size_last_edited=\u00a0\u00bbon|phone\u00a0\u00bb text_line_height_tablet=\u00a0\u00bb\u00a0\u00bb text_line_height_phone=\u00a0\u00bb1em\u00a0\u00bb text_line_height_last_edited=\u00a0\u00bbon|phone\u00a0\u00bb global_colors_info=\u00a0\u00bb{}\u00a0\u00bb]<\/p>\n<p style=\"text-align: left;\">aquatic curiosity cabinet \u2013 \u00a9 2018 und 2019, mirjam landolt und marine midy<\/p>\n<p>[\/et_pb_text][\/et_pb_column][et_pb_column type=\u00a0\u00bb2_5&Prime; _builder_version=\u00a0\u00bb4.16&Prime; global_colors_info=\u00a0\u00bb{}\u00a0\u00bb][et_pb_text _builder_version=\u00a0\u00bb4.21.0&Prime; header_font=\u00a0\u00bbDM Sans||||||||\u00a0\u00bb header_font_size=\u00a0\u00bb4vw\u00a0\u00bb custom_padding=\u00a0\u00bb||||false|false\u00a0\u00bb header_font_size_tablet=\u00a0\u00bb7vw\u00a0\u00bb header_font_size_phone=\u00a0\u00bb10vw\u00a0\u00bb header_font_size_last_edited=\u00a0\u00bbon|phone\u00a0\u00bb global_colors_info=\u00a0\u00bb{}\u00a0\u00bb]<\/p>\n<h1>aquatic curiosity cabinet<\/h1>\n<p>Eine Sammlung von Werken mit diversen Techiken von <a href=\"http:\/\/www.marinemidy.fr\" target=\"_blank\" rel=\"noopener noreferrer\"><span style=\"text-decoration: underline;\">marine midy<\/span><\/a> und <span style=\"text-decoration: underline;\">mirjam landolt<\/span><\/p>\n<p>[\/et_pb_text][et_pb_text _builder_version=\u00a0\u00bb4.21.0&Prime; hover_enabled=\u00a0\u00bb0&Prime; global_colors_info=\u00a0\u00bb{}\u00a0\u00bb sticky_enabled=\u00a0\u00bb0&Prime;]<\/p>\n<p><span>\u2605 30.9. \u2013 21.10.2023 Ausstellung im <a href=\"https:\/\/www.kulturhausmaihof.ch\">Kulturhaus Maihof<\/a> in K\u00fcssnacht am Rigi<\/span><span><br \/><\/span><\/p>\n<p>[\/et_pb_text][et_pb_text _builder_version=\u00a0\u00bb4.21.0&Prime; global_colors_info=\u00a0\u00bb{}\u00a0\u00bb]<\/p>\n<p>Das aquatische Kuriost\u00e4tenkabinett -ist ein Projekt von Marine Midy und Mirjam Landolt. W\u00e4hrend eines Aufenthalts in Indonesien im Jahr 2018<span class=\"gmail-Apple-converted-space\">\u00a0<\/span>arbeiteten Mirjam und Marine gemeinsam am Theaterst\u00fcck \u00abAquavitae\u00bb. Aus diesem gemeinsamen Erlebnis entstand das Kabinet. Es ist eine Sammlung von pers\u00f6nlichen und kollektiven Werken, die vom Wasser und vom Ozean inspiriert sind. - und von all den Kuriosit\u00e4ten, Ph\u00e4nomenen und der Poesie, die wir dort finden und sehen.<\/p>\n<p>[\/et_pb_text][\/et_pb_column][\/et_pb_row][\/et_pb_section]<\/p>","protected":false},"excerpt":{"rendered":"<p>aquatic curiosity cabinet \u2013 \u00a9 2018 et 2019, mirjam landolt et marine midyaquatic curiosity cabinet cr\u00e9ation d\u2019une collection d\u2019oeuvres de techniques divers de marine midy et mirjam landolt\u2605 30.9. \u2013 21.10.2023 Exposition Kulturhaus Maihof \u00e0 K\u00fcssnacht am RigiLe cabinet de curiosit\u00e9s aquatiques &#8211; est un projet de Marine Midy et Mirjam Landolt. En 2018 lors [&hellip;]<\/p>","protected":false},"author":1,"featured_media":0,"parent":0,"menu_order":0,"comment_status":"closed","ping_status":"closed","template":"","meta":{"_et_pb_use_builder":"on","_et_pb_old_content":"","_et_gb_content_width":"","footnotes":""},"class_list":["post-732","page","type-page","status-publish","hentry"],"yoast_head":"<!-- This site is optimized with the Yoast SEO plugin v23.9 - https:\/\/yoast.com\/wordpress\/plugins\/seo\/ -->\n<title>aquatic curiosity cabinet - Mirjam Landolt<\/title>\n<meta name=\"description\" content=\"cr\u00e9ation d&#039;un cabinet de curiosit\u00e9s : photographies, cyanotypes, polaroid transfers, vid\u00e9os et installations des artistes Marine Midy et Mirjam Landolt.\" \/>\n<meta name=\"robots\" content=\"index, follow, max-snippet:-1, max-image-preview:large, max-video-preview:-1\" \/>\n<link rel=\"canonical\" href=\"https:\/\/mirjamlandolt.com\/de\/aquatic-curiosity-cabinet\/\" \/>\n<meta property=\"og:locale\" content=\"de_DE\" \/>\n<meta property=\"og:type\" content=\"article\" \/>\n<meta property=\"og:title\" content=\"aquatic curiosity cabinet - Mirjam Landolt\" \/>\n<meta property=\"og:description\" content=\"cr\u00e9ation d&#039;un cabinet de curiosit\u00e9s : photographies, cyanotypes, polaroid transfers, vid\u00e9os et installations des artistes Marine Midy et Mirjam Landolt.\" \/>\n<meta property=\"og:url\" content=\"https:\/\/mirjamlandolt.com\/de\/aquatic-curiosity-cabinet\/\" \/>\n<meta property=\"og:site_name\" content=\"Mirjam Landolt\" \/>\n<meta property=\"article:modified_time\" content=\"2023-10-01T14:18:43+00:00\" \/>\n<meta name=\"twitter:card\" content=\"summary_large_image\" \/>\n<meta name=\"twitter:label1\" content=\"Gesch\u00e4tzte Lesezeit\" \/>\n\t<meta name=\"twitter:data1\" content=\"1\u00a0Minute\" \/>\n<script type=\"application\/ld+json\" class=\"yoast-schema-graph\">{\"@context\":\"https:\/\/schema.org\",\"@graph\":[{\"@type\":\"WebPage\",\"@id\":\"https:\/\/mirjamlandolt.com\/aquatic-curiosity-cabinet\/\",\"url\":\"https:\/\/mirjamlandolt.com\/aquatic-curiosity-cabinet\/\",\"name\":\"aquatic curiosity cabinet - Mirjam Landolt\",\"isPartOf\":{\"@id\":\"https:\/\/mirjamlandolt.com\/#website\"},\"datePublished\":\"2020-01-20T15:14:36+00:00\",\"dateModified\":\"2023-10-01T14:18:43+00:00\",\"description\":\"cr\u00e9ation d'un cabinet de curiosit\u00e9s : photographies, cyanotypes, polaroid transfers, vid\u00e9os et installations des artistes Marine Midy et Mirjam Landolt.\",\"breadcrumb\":{\"@id\":\"https:\/\/mirjamlandolt.com\/aquatic-curiosity-cabinet\/#breadcrumb\"},\"inLanguage\":\"de-CH\",\"potentialAction\":[{\"@type\":\"ReadAction\",\"target\":[\"https:\/\/mirjamlandolt.com\/aquatic-curiosity-cabinet\/\"]}]},{\"@type\":\"BreadcrumbList\",\"@id\":\"https:\/\/mirjamlandolt.com\/aquatic-curiosity-cabinet\/#breadcrumb\",\"itemListElement\":[{\"@type\":\"ListItem\",\"position\":1,\"name\":\"Accueil\",\"item\":\"https:\/\/mirjamlandolt.com\/\"},{\"@type\":\"ListItem\",\"position\":2,\"name\":\"aquatic curiosity cabinet\"}]},{\"@type\":\"WebSite\",\"@id\":\"https:\/\/mirjamlandolt.com\/#website\",\"url\":\"https:\/\/mirjamlandolt.com\/\",\"name\":\"Mirjam Landolt\",\"description\":\"Portfolio\",\"potentialAction\":[{\"@type\":\"SearchAction\",\"target\":{\"@type\":\"EntryPoint\",\"urlTemplate\":\"https:\/\/mirjamlandolt.com\/?s={search_term_string}\"},\"query-input\":{\"@type\":\"PropertyValueSpecification\",\"valueRequired\":true,\"valueName\":\"search_term_string\"}}],\"inLanguage\":\"de-CH\"}]}<\/script>\n<!-- \/ Yoast SEO plugin. -->","yoast_head_json":{"title":"aquatic curiosity cabinet - Mirjam Landolt","description":"cr\u00e9ation d'un cabinet de curiosit\u00e9s : photographies, cyanotypes, polaroid transfers, vid\u00e9os et installations des artistes Marine Midy et Mirjam Landolt.","robots":{"index":"index","follow":"follow","max-snippet":"max-snippet:-1","max-image-preview":"max-image-preview:large","max-video-preview":"max-video-preview:-1"},"canonical":"https:\/\/mirjamlandolt.com\/de\/aquatic-curiosity-cabinet\/","og_locale":"de_DE","og_type":"article","og_title":"aquatic curiosity cabinet - Mirjam Landolt","og_description":"cr\u00e9ation d'un cabinet de curiosit\u00e9s : photographies, cyanotypes, polaroid transfers, vid\u00e9os et installations des artistes Marine Midy et Mirjam Landolt.","og_url":"https:\/\/mirjamlandolt.com\/de\/aquatic-curiosity-cabinet\/","og_site_name":"Mirjam Landolt","article_modified_time":"2023-10-01T14:18:43+00:00","twitter_card":"summary_large_image","twitter_misc":{"Gesch\u00e4tzte Lesezeit":"1\u00a0Minute"},"schema":{"@context":"https:\/\/schema.org","@graph":[{"@type":"WebPage","@id":"https:\/\/mirjamlandolt.com\/aquatic-curiosity-cabinet\/","url":"https:\/\/mirjamlandolt.com\/aquatic-curiosity-cabinet\/","name":"aquatic curiosity cabinet - Mirjam Landolt","isPartOf":{"@id":"https:\/\/mirjamlandolt.com\/#website"},"datePublished":"2020-01-20T15:14:36+00:00","dateModified":"2023-10-01T14:18:43+00:00","description":"cr\u00e9ation d'un cabinet de curiosit\u00e9s : photographies, cyanotypes, polaroid transfers, vid\u00e9os et installations des artistes Marine Midy et Mirjam Landolt.","breadcrumb":{"@id":"https:\/\/mirjamlandolt.com\/aquatic-curiosity-cabinet\/#breadcrumb"},"inLanguage":"de-CH","potentialAction":[{"@type":"ReadAction","target":["https:\/\/mirjamlandolt.com\/aquatic-curiosity-cabinet\/"]}]},{"@type":"BreadcrumbList","@id":"https:\/\/mirjamlandolt.com\/aquatic-curiosity-cabinet\/#breadcrumb","itemListElement":[{"@type":"ListItem","position":1,"name":"Accueil","item":"https:\/\/mirjamlandolt.com\/"},{"@type":"ListItem","position":2,"name":"aquatic curiosity cabinet"}]},{"@type":"WebSite","@id":"https:\/\/mirjamlandolt.com\/#website","url":"https:\/\/mirjamlandolt.com\/","name":"Mirjam Landolt","description":"Portfolio","potentialAction":[{"@type":"SearchAction","target":{"@type":"EntryPoint","urlTemplate":"https:\/\/mirjamlandolt.com\/?s={search_term_string}"},"query-input":{"@type":"PropertyValueSpecification","valueRequired":true,"valueName":"search_term_string"}}],"inLanguage":"de-CH"}]}},"_links":{"self":[{"href":"http:\/\/mirjamlandolt.com\/de\/wp-json\/wp\/v2\/pages\/732","targetHints":{"allow":["GET"]}}],"collection":[{"href":"http:\/\/mirjamlandolt.com\/de\/wp-json\/wp\/v2\/pages"}],"about":[{"href":"http:\/\/mirjamlandolt.com\/de\/wp-json\/wp\/v2\/types\/page"}],"author":[{"embeddable":true,"href":"http:\/\/mirjamlandolt.com\/de\/wp-json\/wp\/v2\/users\/1"}],"replies":[{"embeddable":true,"href":"http:\/\/mirjamlandolt.com\/de\/wp-json\/wp\/v2\/comments?post=732"}],"version-history":[{"count":34,"href":"http:\/\/mirjamlandolt.com\/de\/wp-json\/wp\/v2\/pages\/732\/revisions"}],"predecessor-version":[{"id":2203,"href":"http:\/\/mirjamlandolt.com\/de\/wp-json\/wp\/v2\/pages\/732\/revisions\/2203"}],"wp:attachment":[{"href":"http:\/\/mirjamlandolt.com\/de\/wp-json\/wp\/v2\/media?parent=732"}],"curies":[{"name":"wp","href":"https:\/\/api.w.org\/{rel}","templated":true}]}}