{"id":661,"date":"2020-01-20T14:50:19","date_gmt":"2020-01-20T13:50:19","guid":{"rendered":"http:\/\/gwgyaakhw.preview.infomaniak.website\/?page_id=661"},"modified":"2020-01-30T11:24:48","modified_gmt":"2020-01-30T10:24:48","slug":"la-maison-du-chat-noir","status":"publish","type":"page","link":"http:\/\/mirjamlandolt.com\/de\/la-maison-du-chat-noir\/","title":{"rendered":"das haus der schwarzen katze"},"content":{"rendered":"<p>[et_pb_section fb_built=\u00a0\u00bb1&Prime; custom_padding_last_edited=\u00a0\u00bbon|phone\u00a0\u00bb _builder_version=\u00a0\u00bb4.2.2&Prime; background_color=\u00a0\u00bb#fffffb\u00a0\u00bb custom_margin=\u00a0\u00bb||||false|true\u00a0\u00bb custom_padding=\u00a0\u00bb8%|5%|5%|5%|false|true\u00a0\u00bb custom_padding_tablet=\u00a0\u00bb\u00a0\u00bb custom_padding_phone=\u00a0\u00bb1%||||false|true\u00a0\u00bb][et_pb_row column_structure=\u00a0\u00bb3_5,2_5&Prime; custom_padding_last_edited=\u00a0\u00bbon|phone\u00a0\u00bb _builder_version=\u00a0\u00bb4.2.2&Prime; width=\u00a0\u00bb100%\u00a0\u00bb max_width=\u00a0\u00bb2560px\u00a0\u00bb custom_margin=\u00a0\u00bb||||false|false\u00a0\u00bb custom_padding=\u00a0\u00bb||||false|true\u00a0\u00bb custom_padding_tablet=\u00a0\u00bb||||false|true\u00a0\u00bb custom_padding_phone=\u00a0\u00bb||||false|true\u00a0\u00bb][et_pb_column type=\u00a0\u00bb3_5&Prime; _builder_version=\u00a0\u00bb4.1&Prime;][et_pb_code _builder_version=\u00a0\u00bb4.1&Prime; background_color=\u00a0\u00bb#000000&Prime; custom_margin=\u00a0\u00bb0px||0px||true|false\u00a0\u00bb custom_padding=\u00a0\u00bb||0px||false|false\u00a0\u00bb]<iframe loading=\"lazy\" src=\"https:\/\/player.vimeo.com\/video\/35792851?color=b2dfdb&#038;title=0&#038;byline=0&#038;portrait=0\" width=\"640\" height=\"360\" frameborder=\"0\" allow=\"autoplay; fullscreen\" allowfullscreen><\/iframe>[\/et_pb_code][et_pb_text content_tablet=\u00a0\u00bb\u00a0\u00bb content_phone=\u00a0\u00bb<\/p>\n<p>la maison du chat noir \u2013 court-m\u00e9trage <br \/>\u00a9 2011, mirjam landolt<\/p>\n<p>\u00a0\u00bb content_last_edited=\u00a0\u00bbon|desktop\u00a0\u00bb _builder_version=\u00a0\u00bb4.2.2&Prime; text_line_height=\u00a0\u00bb1em\u00a0\u00bb custom_padding=\u00a0\u00bb1%||||false|false\u00a0\u00bb hover_enabled=\u00a0\u00bb0&Prime; text_font_size_tablet=\u00a0\u00bb\u00a0\u00bb text_font_size_phone=\u00a0\u00bb12px\u00a0\u00bb text_font_size_last_edited=\u00a0\u00bbon|phone\u00a0\u00bb custom_padding_last_edited=\u00a0\u00bbon|phone\u00a0\u00bb custom_padding_phone=\u00a0\u00bb2%||||false|false\u00a0\u00bb]<\/p>\n<p>la maison du chat noir \u2013 court-m\u00e9trage\u00a0\u00a9 2011, mirjam landolt<\/p>\n<p>[\/et_pb_text][\/et_pb_column][et_pb_column type=\u00a0\u00bb2_5&Prime; _builder_version=\u00a0\u00bb4.1&Prime;][et_pb_text content_tablet=\u00a0\u00bb\u00a0\u00bb content_phone=\u00a0\u00bb<\/p>\n<h1>la maison <br \/>du chat noir<\/h1>\n<p>von <span style=\"%22text-decoration:\" underline;%22>mirjam landolt<\/span>, 2011<\/p>\n<p>\u00a0\u00bb content_last_edited=\u00a0\u00bbon|phone\u00a0\u00bb _builder_version=\u00a0\u00bb4.2.2&Prime; header_font=\u00a0\u00bbDM Sans||||||||\u00a0\u00bb header_font_size=\u00a0\u00bb4vw\u00a0\u00bb custom_padding=\u00a0\u00bb0px|||||\u00a0\u00bb header_font_size_tablet=\u00a0\u00bb7vw\u00a0\u00bb header_font_size_phone=\u00a0\u00bb10vw\u00a0\u00bb header_font_size_last_edited=\u00a0\u00bbon|phone\u00a0\u00bb]<\/p>\n<h1>das haus der schwarzen katze<\/h1>\n<p>von <span style=\"text-decoration: underline;\">mirjam landolt<\/span>, 2011<\/p>\n<p>[\/et_pb_text][et_pb_text _builder_version=\u00a0\u00bb4.1&Prime; custom_padding=\u00a0\u00bb3%||3%|0%|true|false\u00a0\u00bb border_width_top=\u00a0\u00bb2px\u00a0\u00bb border_width_bottom=\u00a0\u00bb2px\u00a0\u00bb]<\/p>\n<p>HD \/ Farbe \/ 8 min \/ Thailand<br \/> Produktion <span style=\"text-decoration: underline;\">HEAD<\/span><\/p>\n<p>[\/et_pb_text][et_pb_text _builder_version=\u00a0\u00bb4.2.2&Prime;]<\/p>\n<p>Eine alte Dame und ihre schwarze Katze<span class=\"Apple-converted-space\"><br \/> <\/span>leben von grossen Bl\u00e4ttern umgeben<br \/> in einer kleinen H\u00fctte im Norden Thailands.<br \/>Am Abend arbeitet sie in ihrem Haus<br \/> vor dem Fernseher, dessen Ton ihre Gedanken begleitet...<br \/> oder sind es die der Katze\u00a0?<\/p>\n<p>[\/et_pb_text][\/et_pb_column][\/et_pb_row][\/et_pb_section]<\/p>","protected":false},"excerpt":{"rendered":"<p>la maison du chat noir \u2013 court-m\u00e9trage\u00a0\u00a9 2011, mirjam landoltla maison du chat noir de mirjam landolt, 2011HD \/ couleur \/ 8 min. \/ Tha\u00eflande Production HEADUne vieille dame et son chat noir vivent entour\u00e9s de grandes feuilles dans une petite cabane au nord de la Tha\u00eflande.Le soir elle travaille dans sa maison devant la [&hellip;]<\/p>","protected":false},"author":1,"featured_media":0,"parent":0,"menu_order":0,"comment_status":"closed","ping_status":"closed","template":"","meta":{"_et_pb_use_builder":"on","_et_pb_old_content":"","_et_gb_content_width":"","footnotes":""},"class_list":["post-661","page","type-page","status-publish","hentry"],"yoast_head":"<!-- This site is optimized with the Yoast SEO plugin v23.9 - https:\/\/yoast.com\/wordpress\/plugins\/seo\/ -->\n<title>la maison du chat noir - Mirjam Landolt<\/title>\n<meta name=\"description\" content=\"court-m\u00e9trage de la cin\u00e9aste Mirjam Landolt. 2011. HD \/ couleur \/ 8 min. Tourn\u00e9 en Tha\u00eflande. Production HEAD. Cheffe-Op\u00e9ratrice : Mirjam Landolt.\" \/>\n<meta name=\"robots\" content=\"index, follow, max-snippet:-1, max-image-preview:large, max-video-preview:-1\" \/>\n<link rel=\"canonical\" href=\"https:\/\/mirjamlandolt.com\/de\/la-maison-du-chat-noir\/\" \/>\n<meta property=\"og:locale\" content=\"de_DE\" \/>\n<meta property=\"og:type\" content=\"article\" \/>\n<meta property=\"og:title\" content=\"la maison du chat noir - Mirjam Landolt\" \/>\n<meta property=\"og:description\" content=\"court-m\u00e9trage de la cin\u00e9aste Mirjam Landolt. 2011. HD \/ couleur \/ 8 min. Tourn\u00e9 en Tha\u00eflande. Production HEAD. Cheffe-Op\u00e9ratrice : Mirjam Landolt.\" \/>\n<meta property=\"og:url\" content=\"https:\/\/mirjamlandolt.com\/de\/la-maison-du-chat-noir\/\" \/>\n<meta property=\"og:site_name\" content=\"Mirjam Landolt\" \/>\n<meta property=\"article:modified_time\" content=\"2020-01-30T10:24:48+00:00\" \/>\n<meta name=\"twitter:card\" content=\"summary_large_image\" \/>\n<meta name=\"twitter:label1\" content=\"Gesch\u00e4tzte Lesezeit\" \/>\n\t<meta name=\"twitter:data1\" content=\"2\u00a0Minuten\" \/>\n<script type=\"application\/ld+json\" class=\"yoast-schema-graph\">{\"@context\":\"https:\/\/schema.org\",\"@graph\":[{\"@type\":\"WebPage\",\"@id\":\"https:\/\/mirjamlandolt.com\/la-maison-du-chat-noir\/\",\"url\":\"https:\/\/mirjamlandolt.com\/la-maison-du-chat-noir\/\",\"name\":\"la maison du chat noir - Mirjam Landolt\",\"isPartOf\":{\"@id\":\"https:\/\/mirjamlandolt.com\/#website\"},\"datePublished\":\"2020-01-20T13:50:19+00:00\",\"dateModified\":\"2020-01-30T10:24:48+00:00\",\"description\":\"court-m\u00e9trage de la cin\u00e9aste Mirjam Landolt. 2011. HD \/ couleur \/ 8 min. Tourn\u00e9 en Tha\u00eflande. Production HEAD. Cheffe-Op\u00e9ratrice : Mirjam Landolt.\",\"breadcrumb\":{\"@id\":\"https:\/\/mirjamlandolt.com\/la-maison-du-chat-noir\/#breadcrumb\"},\"inLanguage\":\"de-CH\",\"potentialAction\":[{\"@type\":\"ReadAction\",\"target\":[\"https:\/\/mirjamlandolt.com\/la-maison-du-chat-noir\/\"]}]},{\"@type\":\"BreadcrumbList\",\"@id\":\"https:\/\/mirjamlandolt.com\/la-maison-du-chat-noir\/#breadcrumb\",\"itemListElement\":[{\"@type\":\"ListItem\",\"position\":1,\"name\":\"Accueil\",\"item\":\"https:\/\/mirjamlandolt.com\/\"},{\"@type\":\"ListItem\",\"position\":2,\"name\":\"la maison du chat noir\"}]},{\"@type\":\"WebSite\",\"@id\":\"https:\/\/mirjamlandolt.com\/#website\",\"url\":\"https:\/\/mirjamlandolt.com\/\",\"name\":\"Mirjam Landolt\",\"description\":\"Portfolio\",\"potentialAction\":[{\"@type\":\"SearchAction\",\"target\":{\"@type\":\"EntryPoint\",\"urlTemplate\":\"https:\/\/mirjamlandolt.com\/?s={search_term_string}\"},\"query-input\":{\"@type\":\"PropertyValueSpecification\",\"valueRequired\":true,\"valueName\":\"search_term_string\"}}],\"inLanguage\":\"de-CH\"}]}<\/script>\n<!-- \/ Yoast SEO plugin. -->","yoast_head_json":{"title":"la maison du chat noir - Mirjam Landolt","description":"court-m\u00e9trage de la cin\u00e9aste Mirjam Landolt. 2011. HD \/ couleur \/ 8 min. Tourn\u00e9 en Tha\u00eflande. Production HEAD. Cheffe-Op\u00e9ratrice : Mirjam Landolt.","robots":{"index":"index","follow":"follow","max-snippet":"max-snippet:-1","max-image-preview":"max-image-preview:large","max-video-preview":"max-video-preview:-1"},"canonical":"https:\/\/mirjamlandolt.com\/de\/la-maison-du-chat-noir\/","og_locale":"de_DE","og_type":"article","og_title":"la maison du chat noir - Mirjam Landolt","og_description":"court-m\u00e9trage de la cin\u00e9aste Mirjam Landolt. 2011. HD \/ couleur \/ 8 min. Tourn\u00e9 en Tha\u00eflande. Production HEAD. Cheffe-Op\u00e9ratrice : Mirjam Landolt.","og_url":"https:\/\/mirjamlandolt.com\/de\/la-maison-du-chat-noir\/","og_site_name":"Mirjam Landolt","article_modified_time":"2020-01-30T10:24:48+00:00","twitter_card":"summary_large_image","twitter_misc":{"Gesch\u00e4tzte Lesezeit":"2\u00a0Minuten"},"schema":{"@context":"https:\/\/schema.org","@graph":[{"@type":"WebPage","@id":"https:\/\/mirjamlandolt.com\/la-maison-du-chat-noir\/","url":"https:\/\/mirjamlandolt.com\/la-maison-du-chat-noir\/","name":"la maison du chat noir - Mirjam Landolt","isPartOf":{"@id":"https:\/\/mirjamlandolt.com\/#website"},"datePublished":"2020-01-20T13:50:19+00:00","dateModified":"2020-01-30T10:24:48+00:00","description":"court-m\u00e9trage de la cin\u00e9aste Mirjam Landolt. 2011. HD \/ couleur \/ 8 min. Tourn\u00e9 en Tha\u00eflande. Production HEAD. Cheffe-Op\u00e9ratrice : Mirjam Landolt.","breadcrumb":{"@id":"https:\/\/mirjamlandolt.com\/la-maison-du-chat-noir\/#breadcrumb"},"inLanguage":"de-CH","potentialAction":[{"@type":"ReadAction","target":["https:\/\/mirjamlandolt.com\/la-maison-du-chat-noir\/"]}]},{"@type":"BreadcrumbList","@id":"https:\/\/mirjamlandolt.com\/la-maison-du-chat-noir\/#breadcrumb","itemListElement":[{"@type":"ListItem","position":1,"name":"Accueil","item":"https:\/\/mirjamlandolt.com\/"},{"@type":"ListItem","position":2,"name":"la maison du chat noir"}]},{"@type":"WebSite","@id":"https:\/\/mirjamlandolt.com\/#website","url":"https:\/\/mirjamlandolt.com\/","name":"Mirjam Landolt","description":"Portfolio","potentialAction":[{"@type":"SearchAction","target":{"@type":"EntryPoint","urlTemplate":"https:\/\/mirjamlandolt.com\/?s={search_term_string}"},"query-input":{"@type":"PropertyValueSpecification","valueRequired":true,"valueName":"search_term_string"}}],"inLanguage":"de-CH"}]}},"_links":{"self":[{"href":"http:\/\/mirjamlandolt.com\/de\/wp-json\/wp\/v2\/pages\/661","targetHints":{"allow":["GET"]}}],"collection":[{"href":"http:\/\/mirjamlandolt.com\/de\/wp-json\/wp\/v2\/pages"}],"about":[{"href":"http:\/\/mirjamlandolt.com\/de\/wp-json\/wp\/v2\/types\/page"}],"author":[{"embeddable":true,"href":"http:\/\/mirjamlandolt.com\/de\/wp-json\/wp\/v2\/users\/1"}],"replies":[{"embeddable":true,"href":"http:\/\/mirjamlandolt.com\/de\/wp-json\/wp\/v2\/comments?post=661"}],"version-history":[{"count":23,"href":"http:\/\/mirjamlandolt.com\/de\/wp-json\/wp\/v2\/pages\/661\/revisions"}],"predecessor-version":[{"id":1536,"href":"http:\/\/mirjamlandolt.com\/de\/wp-json\/wp\/v2\/pages\/661\/revisions\/1536"}],"wp:attachment":[{"href":"http:\/\/mirjamlandolt.com\/de\/wp-json\/wp\/v2\/media?parent=661"}],"curies":[{"name":"wp","href":"https:\/\/api.w.org\/{rel}","templated":true}]}}