{"id":654,"date":"2020-01-20T14:48:36","date_gmt":"2020-01-20T13:48:36","guid":{"rendered":"http:\/\/gwgyaakhw.preview.infomaniak.website\/?page_id=654"},"modified":"2021-04-26T15:40:22","modified_gmt":"2021-04-26T13:40:22","slug":"chlorophylle","status":"publish","type":"page","link":"http:\/\/mirjamlandolt.com\/de\/chlorophylle\/","title":{"rendered":"chlorophyll"},"content":{"rendered":"<p>[et_pb_section fb_built=\u00a0\u00bb1&Prime; custom_padding_last_edited=\u00a0\u00bbon|phone\u00a0\u00bb _builder_version=\u00a0\u00bb4.2.2&Prime; background_color=\u00a0\u00bb#fffffb\u00a0\u00bb custom_margin=\u00a0\u00bb||||false|true\u00a0\u00bb custom_padding=\u00a0\u00bb8%|5%|5%|5%|false|true\u00a0\u00bb custom_padding_tablet=\u00a0\u00bb\u00a0\u00bb custom_padding_phone=\u00a0\u00bb1%||||false|true\u00a0\u00bb][et_pb_row column_structure=\u00a0\u00bb3_5,2_5&Prime; custom_padding_last_edited=\u00a0\u00bbon|phone\u00a0\u00bb _builder_version=\u00a0\u00bb4.2.2&Prime; width=\u00a0\u00bb100%\u00a0\u00bb max_width=\u00a0\u00bb2560px\u00a0\u00bb custom_margin=\u00a0\u00bb||||false|false\u00a0\u00bb custom_padding=\u00a0\u00bb||||false|true\u00a0\u00bb custom_padding_tablet=\u00a0\u00bb||||false|true\u00a0\u00bb custom_padding_phone=\u00a0\u00bb||||false|true\u00a0\u00bb][et_pb_column type=\u00a0\u00bb3_5&Prime; _builder_version=\u00a0\u00bb4.1&Prime;][et_pb_code _builder_version=\u00a0\u00bb4.9.4&Prime; _module_preset=\u00a0\u00bbdefault\u00a0\u00bb link_option_url=\u00a0\u00bbhttps:\/\/player.vimeo.com\/video\/540587749&Prime; custom_padding=\u00a0\u00bb0px||0px|||\u00a0\u00bb]<iframe loading=\"lazy\" src=\"https:\/\/player.vimeo.com\/video\/540587749\" width=\"640\" height=\"564\" frameborder=\"0\" allow=\"autoplay; fullscreen\" allowfullscreen><\/iframe>[\/et_pb_code][et_pb_text _builder_version=\u00a0\u00bb4.9.4&Prime; custom_padding_tablet=\u00a0\u00bb\u00a0\u00bb custom_padding_phone=\u00a0\u00bb1%||||false|false\u00a0\u00bb custom_padding_last_edited=\u00a0\u00bbon|phone\u00a0\u00bb text_font_size_tablet=\u00a0\u00bb\u00a0\u00bb text_font_size_phone=\u00a0\u00bb12px\u00a0\u00bb text_font_size_last_edited=\u00a0\u00bbon|phone\u00a0\u00bb text_line_height_tablet=\u00a0\u00bb\u00a0\u00bb text_line_height_phone=\u00a0\u00bb1em\u00a0\u00bb text_line_height_last_edited=\u00a0\u00bbon|phone\u00a0\u00bb]<\/p>\n<p>chlorophyll \u2013 trailer \u2013 work in progress \u00a9 2021, mirjam landolt<\/p>\n<p>[\/et_pb_text][\/et_pb_column][et_pb_column type=\u00a0\u00bb2_5&Prime; _builder_version=\u00a0\u00bb4.1&Prime;][et_pb_text _builder_version=\u00a0\u00bb4.8.1&Prime; header_font=\u00a0\u00bbDM Sans||||||||\u00a0\u00bb header_font_size=\u00a0\u00bb4vw\u00a0\u00bb custom_padding=\u00a0\u00bb||||false|false\u00a0\u00bb header_font_size_tablet=\u00a0\u00bb7vw\u00a0\u00bb header_font_size_phone=\u00a0\u00bb10vw\u00a0\u00bb header_font_size_last_edited=\u00a0\u00bbon|phone\u00a0\u00bb]<\/p>\n<h1>chlorophyll<\/h1>\n<p>drehbuchentwicklung f\u00fcr langspielfilm<br \/> von <span style=\"text-decoration: underline;\">mirjam landolt<\/span>, seit 2015<\/p>\n<p>[\/et_pb_text][et_pb_text _builder_version=\u00a0\u00bb4.8.1&Prime; custom_padding=\u00a0\u00bb3%||3%|0%|true|false\u00a0\u00bb border_width_top=\u00a0\u00bb2px\u00a0\u00bb border_width_bottom=\u00a0\u00bb2px\u00a0\u00bb]<\/p>\n<p><span>\u2605 u<\/span>nterst\u00fctz mit <span>einem Drehbuchentwicklungs-Beitrag von<\/span>\u00a0<span class=\"Apple-tab-span\"> <\/span><span style=\"text-decoration: underline;\">Cineforom<\/span>, 2015<br \/><span>\u2605 in Schreibresidenz in <a href=\"https:\/\/nairs.ch\/de\/kuenstlerhaus\/\">NAIRS<\/a>, Scuol, 2021<\/span><\/p>\n<p>[\/et_pb_text][et_pb_text _builder_version=\u00a0\u00bb4.2.2&Prime;]<\/p>\n<p>Ein toter Frosch,\u00a0<br \/>ein Junge der sich um ihn k\u00fcmmert,\u00a0<br \/>eine Mutter die mit dem Storch tanzt,\u00a0<br \/>ein Vater und ein Bruder die in der Stille ertrinken<br \/>ein Film \u00fcber das z\u00e4hmen von Tod und Leben.<\/p>\n<p>[\/et_pb_text][\/et_pb_column][\/et_pb_row][\/et_pb_section]<\/p>","protected":false},"excerpt":{"rendered":"<p>chlorophylle \u2013 trailer &#8211; work in progress \u00a9 2021, mirjam landoltchlorophylle \u00e9criture d\u2019un sc\u00e9nario de long-m\u00e9trage de mirjam landolt, depuis 2015\u2605 soutenu par une aide \u00e0 l\u2019\u00e9criture de\u00a0 Cineforom, 2015\u2605 en r\u00e9sidence d&rsquo;\u00e9criture \u00e0 NAIRS, Scuol, 2021Une grenouille morte,\u00a0un gar\u00e7on qui s&rsquo;en occupe,\u00a0une m\u00e8re qui danse avec la cigogne,\u00a0un p\u00e8re et un fr\u00e8re qui se [&hellip;]<\/p>","protected":false},"author":1,"featured_media":0,"parent":0,"menu_order":0,"comment_status":"closed","ping_status":"closed","template":"","meta":{"_et_pb_use_builder":"on","_et_pb_old_content":"","_et_gb_content_width":"","footnotes":""},"class_list":["post-654","page","type-page","status-publish","hentry"],"yoast_head":"<!-- This site is optimized with the Yoast SEO plugin v23.9 - https:\/\/yoast.com\/wordpress\/plugins\/seo\/ -->\n<title>chlorophylle - Mirjam Landolt<\/title>\n<meta name=\"description\" content=\"chlorophylle. \u00e9criture d\u2019un sc\u00e9nario de long-m\u00e9trage fiction de la cin\u00e9aste Mirjam Landolt. Depuis 2015. Un film sur l\u2019apprivoisement de la mort et de la vie.\" \/>\n<meta name=\"robots\" content=\"index, follow, max-snippet:-1, max-image-preview:large, max-video-preview:-1\" \/>\n<link rel=\"canonical\" href=\"https:\/\/mirjamlandolt.com\/de\/chlorophylle\/\" \/>\n<meta property=\"og:locale\" content=\"de_DE\" \/>\n<meta property=\"og:type\" content=\"article\" \/>\n<meta property=\"og:title\" content=\"chlorophylle - Mirjam Landolt\" \/>\n<meta property=\"og:description\" content=\"chlorophylle. \u00e9criture d\u2019un sc\u00e9nario de long-m\u00e9trage fiction de la cin\u00e9aste Mirjam Landolt. Depuis 2015. Un film sur l\u2019apprivoisement de la mort et de la vie.\" \/>\n<meta property=\"og:url\" content=\"https:\/\/mirjamlandolt.com\/de\/chlorophylle\/\" \/>\n<meta property=\"og:site_name\" content=\"Mirjam Landolt\" \/>\n<meta property=\"article:modified_time\" content=\"2021-04-26T13:40:22+00:00\" \/>\n<meta name=\"twitter:card\" content=\"summary_large_image\" \/>\n<meta name=\"twitter:label1\" content=\"Gesch\u00e4tzte Lesezeit\" \/>\n\t<meta name=\"twitter:data1\" content=\"2\u00a0Minuten\" \/>\n<script type=\"application\/ld+json\" class=\"yoast-schema-graph\">{\"@context\":\"https:\/\/schema.org\",\"@graph\":[{\"@type\":\"WebPage\",\"@id\":\"https:\/\/mirjamlandolt.com\/chlorophylle\/\",\"url\":\"https:\/\/mirjamlandolt.com\/chlorophylle\/\",\"name\":\"chlorophylle - Mirjam Landolt\",\"isPartOf\":{\"@id\":\"https:\/\/mirjamlandolt.com\/#website\"},\"datePublished\":\"2020-01-20T13:48:36+00:00\",\"dateModified\":\"2021-04-26T13:40:22+00:00\",\"description\":\"chlorophylle. \u00e9criture d\u2019un sc\u00e9nario de long-m\u00e9trage fiction de la cin\u00e9aste Mirjam Landolt. Depuis 2015. Un film sur l\u2019apprivoisement de la mort et de la vie.\",\"breadcrumb\":{\"@id\":\"https:\/\/mirjamlandolt.com\/chlorophylle\/#breadcrumb\"},\"inLanguage\":\"de-CH\",\"potentialAction\":[{\"@type\":\"ReadAction\",\"target\":[\"https:\/\/mirjamlandolt.com\/chlorophylle\/\"]}]},{\"@type\":\"BreadcrumbList\",\"@id\":\"https:\/\/mirjamlandolt.com\/chlorophylle\/#breadcrumb\",\"itemListElement\":[{\"@type\":\"ListItem\",\"position\":1,\"name\":\"Accueil\",\"item\":\"https:\/\/mirjamlandolt.com\/\"},{\"@type\":\"ListItem\",\"position\":2,\"name\":\"chlorophylle\"}]},{\"@type\":\"WebSite\",\"@id\":\"https:\/\/mirjamlandolt.com\/#website\",\"url\":\"https:\/\/mirjamlandolt.com\/\",\"name\":\"Mirjam Landolt\",\"description\":\"Portfolio\",\"potentialAction\":[{\"@type\":\"SearchAction\",\"target\":{\"@type\":\"EntryPoint\",\"urlTemplate\":\"https:\/\/mirjamlandolt.com\/?s={search_term_string}\"},\"query-input\":{\"@type\":\"PropertyValueSpecification\",\"valueRequired\":true,\"valueName\":\"search_term_string\"}}],\"inLanguage\":\"de-CH\"}]}<\/script>\n<!-- \/ Yoast SEO plugin. -->","yoast_head_json":{"title":"chlorophylle - Mirjam Landolt","description":"chlorophylle. \u00e9criture d\u2019un sc\u00e9nario de long-m\u00e9trage fiction de la cin\u00e9aste Mirjam Landolt. Depuis 2015. Un film sur l\u2019apprivoisement de la mort et de la vie.","robots":{"index":"index","follow":"follow","max-snippet":"max-snippet:-1","max-image-preview":"max-image-preview:large","max-video-preview":"max-video-preview:-1"},"canonical":"https:\/\/mirjamlandolt.com\/de\/chlorophylle\/","og_locale":"de_DE","og_type":"article","og_title":"chlorophylle - Mirjam Landolt","og_description":"chlorophylle. \u00e9criture d\u2019un sc\u00e9nario de long-m\u00e9trage fiction de la cin\u00e9aste Mirjam Landolt. Depuis 2015. Un film sur l\u2019apprivoisement de la mort et de la vie.","og_url":"https:\/\/mirjamlandolt.com\/de\/chlorophylle\/","og_site_name":"Mirjam Landolt","article_modified_time":"2021-04-26T13:40:22+00:00","twitter_card":"summary_large_image","twitter_misc":{"Gesch\u00e4tzte Lesezeit":"2\u00a0Minuten"},"schema":{"@context":"https:\/\/schema.org","@graph":[{"@type":"WebPage","@id":"https:\/\/mirjamlandolt.com\/chlorophylle\/","url":"https:\/\/mirjamlandolt.com\/chlorophylle\/","name":"chlorophylle - Mirjam Landolt","isPartOf":{"@id":"https:\/\/mirjamlandolt.com\/#website"},"datePublished":"2020-01-20T13:48:36+00:00","dateModified":"2021-04-26T13:40:22+00:00","description":"chlorophylle. \u00e9criture d\u2019un sc\u00e9nario de long-m\u00e9trage fiction de la cin\u00e9aste Mirjam Landolt. Depuis 2015. Un film sur l\u2019apprivoisement de la mort et de la vie.","breadcrumb":{"@id":"https:\/\/mirjamlandolt.com\/chlorophylle\/#breadcrumb"},"inLanguage":"de-CH","potentialAction":[{"@type":"ReadAction","target":["https:\/\/mirjamlandolt.com\/chlorophylle\/"]}]},{"@type":"BreadcrumbList","@id":"https:\/\/mirjamlandolt.com\/chlorophylle\/#breadcrumb","itemListElement":[{"@type":"ListItem","position":1,"name":"Accueil","item":"https:\/\/mirjamlandolt.com\/"},{"@type":"ListItem","position":2,"name":"chlorophylle"}]},{"@type":"WebSite","@id":"https:\/\/mirjamlandolt.com\/#website","url":"https:\/\/mirjamlandolt.com\/","name":"Mirjam Landolt","description":"Portfolio","potentialAction":[{"@type":"SearchAction","target":{"@type":"EntryPoint","urlTemplate":"https:\/\/mirjamlandolt.com\/?s={search_term_string}"},"query-input":{"@type":"PropertyValueSpecification","valueRequired":true,"valueName":"search_term_string"}}],"inLanguage":"de-CH"}]}},"_links":{"self":[{"href":"http:\/\/mirjamlandolt.com\/de\/wp-json\/wp\/v2\/pages\/654","targetHints":{"allow":["GET"]}}],"collection":[{"href":"http:\/\/mirjamlandolt.com\/de\/wp-json\/wp\/v2\/pages"}],"about":[{"href":"http:\/\/mirjamlandolt.com\/de\/wp-json\/wp\/v2\/types\/page"}],"author":[{"embeddable":true,"href":"http:\/\/mirjamlandolt.com\/de\/wp-json\/wp\/v2\/users\/1"}],"replies":[{"embeddable":true,"href":"http:\/\/mirjamlandolt.com\/de\/wp-json\/wp\/v2\/comments?post=654"}],"version-history":[{"count":42,"href":"http:\/\/mirjamlandolt.com\/de\/wp-json\/wp\/v2\/pages\/654\/revisions"}],"predecessor-version":[{"id":1851,"href":"http:\/\/mirjamlandolt.com\/de\/wp-json\/wp\/v2\/pages\/654\/revisions\/1851"}],"wp:attachment":[{"href":"http:\/\/mirjamlandolt.com\/de\/wp-json\/wp\/v2\/media?parent=654"}],"curies":[{"name":"wp","href":"https:\/\/api.w.org\/{rel}","templated":true}]}}