{"id":386,"date":"2020-01-13T14:12:13","date_gmt":"2020-01-13T13:12:13","guid":{"rendered":"http:\/\/gwgyaakhw.preview.infomaniak.website\/?page_id=386"},"modified":"2020-01-30T11:23:47","modified_gmt":"2020-01-30T10:23:47","slug":"la-haut","status":"publish","type":"page","link":"http:\/\/mirjamlandolt.com\/de\/la-haut\/","title":{"rendered":"det obe"},"content":{"rendered":"<p>[et_pb_section fb_built=\u00a0\u00bb1&Prime; _builder_version=\u00a0\u00bb4.2.2&Prime; background_color=\u00a0\u00bb#fffffb\u00a0\u00bb custom_margin=\u00a0\u00bb||||false|true\u00a0\u00bb custom_padding=\u00a0\u00bb8%|5%|5%|5%|false|true\u00a0\u00bb hover_enabled=\u00a0\u00bb0&Prime; custom_padding_last_edited=\u00a0\u00bbon|phone\u00a0\u00bb custom_padding_phone=\u00a0\u00bb1%||||false|true\u00a0\u00bb][et_pb_row column_structure=\u00a0\u00bb3_5,2_5&Prime; custom_padding_last_edited=\u00a0\u00bbon|phone\u00a0\u00bb _builder_version=\u00a0\u00bb4.2.2&Prime; width=\u00a0\u00bb100%\u00a0\u00bb max_width=\u00a0\u00bb2560px\u00a0\u00bb custom_margin=\u00a0\u00bb||||false|false\u00a0\u00bb custom_padding=\u00a0\u00bb||||false|true\u00a0\u00bb custom_padding_tablet=\u00a0\u00bb||||false|true\u00a0\u00bb custom_padding_phone=\u00a0\u00bb||||false|true\u00a0\u00bb][et_pb_column type=\u00a0\u00bb3_5&Prime; _builder_version=\u00a0\u00bb4.1&Prime;][et_pb_code _builder_version=\u00a0\u00bb4.1&Prime; background_color=\u00a0\u00bb#000000&Prime; custom_margin=\u00a0\u00bb0px||0px||true|false\u00a0\u00bb custom_padding=\u00a0\u00bb||0px||false|false\u00a0\u00bb]<iframe loading=\"lazy\" src=\"https:\/\/player.vimeo.com\/video\/58367133\" width=\"640\" height=\"360\" frameborder=\"0\" allow=\"autoplay; fullscreen\" allowfullscreen><\/iframe>[\/et_pb_code][et_pb_text _builder_version=\u00a0\u00bb4.2.2&Prime; custom_padding_tablet=\u00a0\u00bb\u00a0\u00bb custom_padding_phone=\u00a0\u00bb2%||||false|false\u00a0\u00bb custom_padding_last_edited=\u00a0\u00bbon|phone\u00a0\u00bb text_font_size_tablet=\u00a0\u00bb\u00a0\u00bb text_font_size_phone=\u00a0\u00bb12px\u00a0\u00bb text_font_size_last_edited=\u00a0\u00bbon|phone\u00a0\u00bb text_line_height_tablet=\u00a0\u00bb\u00a0\u00bb text_line_height_phone=\u00a0\u00bb1em\u00a0\u00bb text_line_height_last_edited=\u00a0\u00bbon|phone\u00a0\u00bb]<\/p>\n<p>det obe \u2013 kurzfilm \u00a9 2012, mirjam landolt<\/p>\n<p>[\/et_pb_text][\/et_pb_column][et_pb_column type=\u00a0\u00bb2_5&Prime; _builder_version=\u00a0\u00bb4.1&Prime;][et_pb_text _builder_version=\u00a0\u00bb4.2.2&Prime; header_font=\u00a0\u00bbDM Sans||||||||\u00a0\u00bb header_font_size=\u00a0\u00bb4vw\u00a0\u00bb custom_padding=\u00a0\u00bb0px|||||\u00a0\u00bb header_font_size_tablet=\u00a0\u00bb7vw\u00a0\u00bb header_font_size_phone=\u00a0\u00bb10vw\u00a0\u00bb header_font_size_last_edited=\u00a0\u00bbon|phone\u00a0\u00bb]<\/p>\n<h1>det obe<\/h1>\n<p>von <span style=\"text-decoration: underline;\">mirjam landolt<\/span>, 2012<br \/> mit <span style=\"text-decoration: underline;\"><a href=\"https:\/\/www.patricgehrig.com\" target=\"_blank\" rel=\"noopener noreferrer\">p<\/a><\/span><span><span style=\"text-decoration: underline;\"><a href=\"https:\/\/www.patricgehrig.com\" target=\"_blank\" rel=\"noopener noreferrer\">atric gehrig<\/a><\/span>, <span style=\"text-decoration: underline;\">rea l\u00f6tscher<\/span><\/span> &amp; <span style=\"text-decoration: underline;\">yvette<\/span><\/p>\n<p>[\/et_pb_text][et_pb_text content_tablet=\u00a0\u00bb\u00a0\u00bb content_phone=\u00a0\u00bb<\/p>\n<p>16mm \/ couleur \/ 10 min. \/ <br \/><span>G\u00f6scheneralp, <\/span>Suisse<br \/> Produktion <span style=\"%22text-decoration:\" underline;%22>HEAD<\/span><br \/> <span>\u2605 <\/span>S\u00e9lection <span style=\"%22text-decoration:\" underline;%22>Kurzfilmtage Winterthur,<\/span> 2012,<br \/> Festival <span style=\"%22text-decoration:\" underline;%22>TOUS \u00c9CRANS<\/span>, Gen\u00e8ve, 2012<\/p>\n<p>\u00a0\u00bb content_last_edited=\u00a0\u00bbon|phone\u00a0\u00bb _builder_version=\u00a0\u00bb4.2.2&Prime; custom_padding=\u00a0\u00bb3%||3%|0%|true|false\u00a0\u00bb border_width_top=\u00a0\u00bb2px\u00a0\u00bb border_width_bottom=\u00a0\u00bb2px\u00a0\u00bb]<\/p>\n<p>16mm \/ couleur \/ 10 min. \/\u00a0<span>G\u00f6scheneralp,\u00a0<\/span>Suisse<br \/> Produktion <span style=\"text-decoration: underline;\">HEAD<\/span><br \/> <span>\u2605\u00a0<\/span>S\u00e9lection\u00a0<span style=\"text-decoration: underline;\">Kurzfilmtage Winterthur,<\/span> 2012,<br \/> Festival\u00a0<span style=\"text-decoration: underline;\">TOUS \u00c9CRANS<\/span>, Gen\u00e8ve, 2012<\/p>\n<p>[\/et_pb_text][et_pb_text _builder_version=\u00a0\u00bb4.2.2&Prime;]<\/p>\n<p>In einem kleinen Haus,<br \/> umgeben von Bergen,<br \/> wohnen Vater und Tochter.<br \/> Die Tochter entschliesst eines Tages,<br \/> ihrer Ziege zu folgen.<\/p>\n<p>[\/et_pb_text][\/et_pb_column][\/et_pb_row][\/et_pb_section]<\/p>","protected":false},"excerpt":{"rendered":"<p>l\u00e0-haut \u2013 court-m\u00e9trage \u00a9 2012, mirjam landoltl\u00e0-haut de mirjam landolt, 2012 avec patric gehrig, rea l\u00f6tscher &amp; yvette16mm \/ couleur \/ 10 min. \/\u00a0G\u00f6scheneralp,\u00a0Suisse Production HEAD \u2605\u00a0S\u00e9lection\u00a0Kurzfilmtage Winterthur, 2012, Festival\u00a0TOUS \u00c9CRANS, Gen\u00e8ve, 2012Une maison, un paysage entour\u00e9 de montagnes, une fille, son p\u00e8re et une ch\u00e8vre, un jour la fille d\u00e9cide de suivre la ch\u00e8vre [&hellip;]<\/p>","protected":false},"author":1,"featured_media":0,"parent":0,"menu_order":0,"comment_status":"closed","ping_status":"closed","template":"","meta":{"_et_pb_use_builder":"on","_et_pb_old_content":"","_et_gb_content_width":"","footnotes":""},"class_list":["post-386","page","type-page","status-publish","hentry"],"yoast_head":"<!-- This site is optimized with the Yoast SEO plugin v23.9 - https:\/\/yoast.com\/wordpress\/plugins\/seo\/ -->\n<title>l\u00e0-haut - Mirjam Landolt<\/title>\n<meta name=\"description\" content=\"film court-m\u00e9trage de la r\u00e9alisatrice Mirjam Landolt. 2012. Avec Patric Gehrig, Rea L\u00f6tscher &amp; Yvette. 16mm \/ couleur \/ 10 min. \/ G\u00f6scheneralp, Suisse.\" \/>\n<meta name=\"robots\" content=\"index, follow, max-snippet:-1, max-image-preview:large, max-video-preview:-1\" \/>\n<link rel=\"canonical\" href=\"https:\/\/mirjamlandolt.com\/de\/la-haut\/\" \/>\n<meta property=\"og:locale\" content=\"de_DE\" \/>\n<meta property=\"og:type\" content=\"article\" \/>\n<meta property=\"og:title\" content=\"l\u00e0-haut - Mirjam Landolt\" \/>\n<meta property=\"og:description\" content=\"film court-m\u00e9trage de la r\u00e9alisatrice Mirjam Landolt. 2012. Avec Patric Gehrig, Rea L\u00f6tscher &amp; Yvette. 16mm \/ couleur \/ 10 min. \/ G\u00f6scheneralp, Suisse.\" \/>\n<meta property=\"og:url\" content=\"https:\/\/mirjamlandolt.com\/de\/la-haut\/\" \/>\n<meta property=\"og:site_name\" content=\"Mirjam Landolt\" \/>\n<meta property=\"article:modified_time\" content=\"2020-01-30T10:23:47+00:00\" \/>\n<meta name=\"twitter:card\" content=\"summary_large_image\" \/>\n<meta name=\"twitter:label1\" content=\"Gesch\u00e4tzte Lesezeit\" \/>\n\t<meta name=\"twitter:data1\" content=\"2\u00a0Minuten\" \/>\n<script type=\"application\/ld+json\" class=\"yoast-schema-graph\">{\"@context\":\"https:\/\/schema.org\",\"@graph\":[{\"@type\":\"WebPage\",\"@id\":\"https:\/\/mirjamlandolt.com\/la-haut\/\",\"url\":\"https:\/\/mirjamlandolt.com\/la-haut\/\",\"name\":\"l\u00e0-haut - Mirjam Landolt\",\"isPartOf\":{\"@id\":\"https:\/\/mirjamlandolt.com\/#website\"},\"datePublished\":\"2020-01-13T13:12:13+00:00\",\"dateModified\":\"2020-01-30T10:23:47+00:00\",\"description\":\"film court-m\u00e9trage de la r\u00e9alisatrice Mirjam Landolt. 2012. Avec Patric Gehrig, Rea L\u00f6tscher & Yvette. 16mm \/ couleur \/ 10 min. \/ G\u00f6scheneralp, Suisse.\",\"breadcrumb\":{\"@id\":\"https:\/\/mirjamlandolt.com\/la-haut\/#breadcrumb\"},\"inLanguage\":\"de-CH\",\"potentialAction\":[{\"@type\":\"ReadAction\",\"target\":[\"https:\/\/mirjamlandolt.com\/la-haut\/\"]}]},{\"@type\":\"BreadcrumbList\",\"@id\":\"https:\/\/mirjamlandolt.com\/la-haut\/#breadcrumb\",\"itemListElement\":[{\"@type\":\"ListItem\",\"position\":1,\"name\":\"Accueil\",\"item\":\"https:\/\/mirjamlandolt.com\/\"},{\"@type\":\"ListItem\",\"position\":2,\"name\":\"l\u00e0-haut\"}]},{\"@type\":\"WebSite\",\"@id\":\"https:\/\/mirjamlandolt.com\/#website\",\"url\":\"https:\/\/mirjamlandolt.com\/\",\"name\":\"Mirjam Landolt\",\"description\":\"Portfolio\",\"potentialAction\":[{\"@type\":\"SearchAction\",\"target\":{\"@type\":\"EntryPoint\",\"urlTemplate\":\"https:\/\/mirjamlandolt.com\/?s={search_term_string}\"},\"query-input\":{\"@type\":\"PropertyValueSpecification\",\"valueRequired\":true,\"valueName\":\"search_term_string\"}}],\"inLanguage\":\"de-CH\"}]}<\/script>\n<!-- \/ Yoast SEO plugin. -->","yoast_head_json":{"title":"l\u00e0-haut - Mirjam Landolt","description":"film court-m\u00e9trage de la r\u00e9alisatrice Mirjam Landolt. 2012. Avec Patric Gehrig, Rea L\u00f6tscher & Yvette. 16mm \/ couleur \/ 10 min. \/ G\u00f6scheneralp, Suisse.","robots":{"index":"index","follow":"follow","max-snippet":"max-snippet:-1","max-image-preview":"max-image-preview:large","max-video-preview":"max-video-preview:-1"},"canonical":"https:\/\/mirjamlandolt.com\/de\/la-haut\/","og_locale":"de_DE","og_type":"article","og_title":"l\u00e0-haut - Mirjam Landolt","og_description":"film court-m\u00e9trage de la r\u00e9alisatrice Mirjam Landolt. 2012. Avec Patric Gehrig, Rea L\u00f6tscher & Yvette. 16mm \/ couleur \/ 10 min. \/ G\u00f6scheneralp, Suisse.","og_url":"https:\/\/mirjamlandolt.com\/de\/la-haut\/","og_site_name":"Mirjam Landolt","article_modified_time":"2020-01-30T10:23:47+00:00","twitter_card":"summary_large_image","twitter_misc":{"Gesch\u00e4tzte Lesezeit":"2\u00a0Minuten"},"schema":{"@context":"https:\/\/schema.org","@graph":[{"@type":"WebPage","@id":"https:\/\/mirjamlandolt.com\/la-haut\/","url":"https:\/\/mirjamlandolt.com\/la-haut\/","name":"l\u00e0-haut - Mirjam Landolt","isPartOf":{"@id":"https:\/\/mirjamlandolt.com\/#website"},"datePublished":"2020-01-13T13:12:13+00:00","dateModified":"2020-01-30T10:23:47+00:00","description":"film court-m\u00e9trage de la r\u00e9alisatrice Mirjam Landolt. 2012. Avec Patric Gehrig, Rea L\u00f6tscher & Yvette. 16mm \/ couleur \/ 10 min. \/ G\u00f6scheneralp, Suisse.","breadcrumb":{"@id":"https:\/\/mirjamlandolt.com\/la-haut\/#breadcrumb"},"inLanguage":"de-CH","potentialAction":[{"@type":"ReadAction","target":["https:\/\/mirjamlandolt.com\/la-haut\/"]}]},{"@type":"BreadcrumbList","@id":"https:\/\/mirjamlandolt.com\/la-haut\/#breadcrumb","itemListElement":[{"@type":"ListItem","position":1,"name":"Accueil","item":"https:\/\/mirjamlandolt.com\/"},{"@type":"ListItem","position":2,"name":"l\u00e0-haut"}]},{"@type":"WebSite","@id":"https:\/\/mirjamlandolt.com\/#website","url":"https:\/\/mirjamlandolt.com\/","name":"Mirjam Landolt","description":"Portfolio","potentialAction":[{"@type":"SearchAction","target":{"@type":"EntryPoint","urlTemplate":"https:\/\/mirjamlandolt.com\/?s={search_term_string}"},"query-input":{"@type":"PropertyValueSpecification","valueRequired":true,"valueName":"search_term_string"}}],"inLanguage":"de-CH"}]}},"_links":{"self":[{"href":"http:\/\/mirjamlandolt.com\/de\/wp-json\/wp\/v2\/pages\/386","targetHints":{"allow":["GET"]}}],"collection":[{"href":"http:\/\/mirjamlandolt.com\/de\/wp-json\/wp\/v2\/pages"}],"about":[{"href":"http:\/\/mirjamlandolt.com\/de\/wp-json\/wp\/v2\/types\/page"}],"author":[{"embeddable":true,"href":"http:\/\/mirjamlandolt.com\/de\/wp-json\/wp\/v2\/users\/1"}],"replies":[{"embeddable":true,"href":"http:\/\/mirjamlandolt.com\/de\/wp-json\/wp\/v2\/comments?post=386"}],"version-history":[{"count":46,"href":"http:\/\/mirjamlandolt.com\/de\/wp-json\/wp\/v2\/pages\/386\/revisions"}],"predecessor-version":[{"id":1535,"href":"http:\/\/mirjamlandolt.com\/de\/wp-json\/wp\/v2\/pages\/386\/revisions\/1535"}],"wp:attachment":[{"href":"http:\/\/mirjamlandolt.com\/de\/wp-json\/wp\/v2\/media?parent=386"}],"curies":[{"name":"wp","href":"https:\/\/api.w.org\/{rel}","templated":true}]}}