{"id":2274,"date":"2024-11-27T08:37:34","date_gmt":"2024-11-27T07:37:34","guid":{"rendered":"https:\/\/mirjamlandolt.com\/?page_id=2274"},"modified":"2026-04-15T19:30:37","modified_gmt":"2026-04-15T17:30:37","slug":"yoga","status":"publish","type":"page","link":"http:\/\/mirjamlandolt.com\/de\/yoga\/","title":{"rendered":"yoga"},"content":{"rendered":"<p>[et_pb_section fb_built=\u00a0\u00bb1&Prime; custom_padding_last_edited=\u00a0\u00bbon|phone\u00a0\u00bb _builder_version=\u00a0\u00bb4.16&Prime; background_color=\u00a0\u00bb#fffffb\u00a0\u00bb custom_margin=\u00a0\u00bb||||false|true\u00a0\u00bb custom_padding=\u00a0\u00bb8%|5%|5%|5%|false|true\u00a0\u00bb custom_padding_tablet=\u00a0\u00bb\u00a0\u00bb custom_padding_phone=\u00a0\u00bb1%||||false|true\u00a0\u00bb global_colors_info=\u00a0\u00bb{}\u00a0\u00bb][et_pb_row column_structure=\u00a0\u00bb3_5,2_5&Prime; custom_padding_last_edited=\u00a0\u00bbon|phone\u00a0\u00bb _builder_version=\u00a0\u00bb4.21.0&Prime; width=\u00a0\u00bb100%\u00a0\u00bb max_width=\u00a0\u00bb2560px\u00a0\u00bb custom_margin=\u00a0\u00bb||||false|false\u00a0\u00bb custom_padding=\u00a0\u00bb||||false|true\u00a0\u00bb custom_padding_tablet=\u00a0\u00bb||||false|true\u00a0\u00bb custom_padding_phone=\u00a0\u00bb||||false|true\u00a0\u00bb global_colors_info=\u00a0\u00bb{}\u00a0\u00bb][et_pb_column type=\u00a0\u00bb3_5&Prime; _builder_version=\u00a0\u00bb4.16&Prime; global_colors_info=\u00a0\u00bb{}\u00a0\u00bb][et_pb_image src=\u00a0\u00bbhttps:\/\/mirjamlandolt.com\/wp-content\/uploads\/2026\/04\/2026.fluorescentpink-yellow.preview.png\u00a0\u00bb title_text=\u00a0\u00bb2026.fluorescentpink-yellow.preview\u00a0\u00bb align=\u00a0\u00bbcenter\u00a0\u00bb _builder_version=\u00a0\u00bb4.27.5&Prime; background_color=\u00a0\u00bb#000000&Prime; custom_margin=\u00a0\u00bb||0px||false|false\u00a0\u00bb global_colors_info=\u00a0\u00bb{}\u00a0\u00bb][\/et_pb_image][\/et_pb_column][et_pb_column type=\u00a0\u00bb2_5&Prime; _builder_version=\u00a0\u00bb4.16&Prime; global_colors_info=\u00a0\u00bb{}\u00a0\u00bb][et_pb_text _builder_version=\u00a0\u00bb4.27.5&Prime; header_font=\u00a0\u00bbDM Sans||||||||\u00a0\u00bb header_font_size=\u00a0\u00bb4vw\u00a0\u00bb custom_padding=\u00a0\u00bb0px|||||\u00a0\u00bb hover_enabled=\u00a0\u00bb0&Prime; header_font_size_tablet=\u00a0\u00bb7vw\u00a0\u00bb header_font_size_phone=\u00a0\u00bb10vw\u00a0\u00bb header_font_size_last_edited=\u00a0\u00bbon|phone\u00a0\u00bb global_colors_info=\u00a0\u00bb{}\u00a0\u00bb sticky_enabled=\u00a0\u00bb0&Prime;]<\/p>\n<h1>yoga f\u00fcr alle<\/h1>\n<p><b><\/b><\/p>\n<p><b>n\u00e4chste Kurse <\/b><span class=\"Apple-converted-space\"><span class=\"Apple-tab-span\">im<\/span><\/span><b><span class=\"Apple-converted-space\"><span class=\"Apple-tab-span\"> Schloss-Hotel <\/span><\/span><\/b><span class=\"Apple-converted-space\"><span class=\"Apple-tab-span\">in<\/span> <\/span><b><span class=\"Apple-converted-space\"><span class=\"Apple-tab-span\">Merlischachen<\/span>,<\/span><\/b><span class=\"Apple-converted-space\"><br \/>2-st\u00fcndige Yogapraxis um sich richtig Zeit nehmen zu k\u00f6nnen:<\/span><b><span class=\"Apple-converted-space\"><br \/><\/span><\/b><em><\/em><\/p>\n<p><em>Sonntag 3. Mai 2026 18h-20h<br \/>Montag 25. Mai 2026 18h-20h<br \/>Donnerstag 4. Juni 2026 8h30-10h30<\/em><br \/><em>Samstag 4. Juli 2026 8h30-10h30<\/em><em><\/em><em><\/em><\/p>\n<p><span>\u2605 <\/span>Die Kurse sind einzeln buchbar<br \/>\u2605 Gerne sp\u00e4testens 3 Tage im voraus anmelden<br \/>\u2605 Yoga Matte selber mitbringen<br \/><b><\/b><span>\u2605 <\/span>Preis CHF 40 f\u00fcr die Doppel-Stunde, Bar oder Twint.<br \/>\u00a0 \u00a0 \u00a030% Reduktion mit der <a href=\"https:\/\/www.kulturlegi.ch\/zentralschweiz\/kulturlegi-beantragen\/was-ist-die-kulturlegi\">Kulturlegi<\/a><\/p>\n<p>[\/et_pb_text][et_pb_text _builder_version=\u00a0\u00bb4.27.5&Prime; min_height=\u00a0\u00bb152.9px\u00a0\u00bb custom_margin=\u00a0\u00bb||16px|||\u00a0\u00bb custom_padding=\u00a0\u00bb3%||3%|0%|true|false\u00a0\u00bb border_width_top=\u00a0\u00bb2px\u00a0\u00bb border_width_bottom=\u00a0\u00bb2px\u00a0\u00bb global_colors_info=\u00a0\u00bb{}\u00a0\u00bb]<\/p>\n<p><b>Privatstunden auf Anfrage <br \/><\/b><i><span>\u2605 <\/span><\/i>CHF 100. &#8211;<br \/><i>cours particuliers aussi en fran\u00e7ais<br \/><\/i><i>private lessons also in english<\/i><\/p>\n<p>[\/et_pb_text][et_pb_text _builder_version=\u00a0\u00bb4.27.5&Prime; min_height=\u00a0\u00bb52.9px\u00a0\u00bb custom_margin=\u00a0\u00bb||16px|||\u00a0\u00bb custom_padding=\u00a0\u00bb3%||3%|0%|true|false\u00a0\u00bb border_width_top=\u00a0\u00bb2px\u00a0\u00bb border_width_bottom=\u00a0\u00bb2px\u00a0\u00bb global_colors_info=\u00a0\u00bb{}\u00a0\u00bb]<\/p>\n<h3><strong><i>bei Fragen &amp; Anmeldung \u00a0 <\/i><\/strong>079 639 89 04<i><span><\/span><\/i><i><\/i><i><span><\/span><\/i><i><\/i><\/h3>\n<p>[\/et_pb_text][et_pb_text _builder_version=\u00a0\u00bb4.27.5&Prime; min_height=\u00a0\u00bb181.9px\u00a0\u00bb custom_padding=\u00a0\u00bb3%||3%|0%|true|false\u00a0\u00bb border_width_top=\u00a0\u00bb2px\u00a0\u00bb border_width_bottom=\u00a0\u00bb2px\u00a0\u00bb global_colors_info=\u00a0\u00bb{}\u00a0\u00bb]<\/p>\n<p><b>Kurse <\/b><span class=\"Apple-converted-space\"><span class=\"Apple-tab-span\">im<\/span><\/span><b><span class=\"Apple-converted-space\"><span class=\"Apple-tab-span\">\u00a0<\/span>K\u00fcsterhaus<span class=\"Apple-tab-span\">\u00a0<\/span><\/span><\/b><span class=\"Apple-converted-space\"><span class=\"Apple-tab-span\">in<\/span> <\/span><b><span class=\"Apple-converted-space\"><span class=\"Apple-tab-span\">M<\/span>eggen<\/span><\/b><span class=\"Apple-converted-space\">:<\/span><b><span class=\"Apple-converted-space\"><br \/><\/span><\/b><em>Montags 17h45-18h45<br \/>Mittwochs 19h-20h<\/em><\/p>\n<p><em><\/em><em><\/em><span>\u2605 <\/span>Die Kurse f\u00fcr das 2. Halbjahr 2026 sind ab dem 1. Juni direkt beim <strong><a href=\"https:\/\/frauennetz.ch\/angebot\/kurse\/fintnesskurse\">Frauennetz Meggen<\/a><\/strong> buchbar.<\/p>\n<p>[\/et_pb_text][et_pb_text _builder_version=\u00a0\u00bb4.21.0&Prime; min_height=\u00a0\u00bb553.9px\u00a0\u00bb custom_padding=\u00a0\u00bb3%||3%|0%|true|false\u00a0\u00bb border_width_top=\u00a0\u00bb2px\u00a0\u00bb border_width_bottom=\u00a0\u00bb2px\u00a0\u00bb global_colors_info=\u00a0\u00bb{}\u00a0\u00bb]<\/p>\n<p data-start=\"319\" data-end=\"362\"><strong data-start=\"321\" data-end=\"360\">\u00dcber mich und meinen Yogaunterricht<\/strong><\/p>\n<p data-start=\"364\" data-end=\"691\">Mein bleibender Eindruck nach meiner allerersten Yogastunde war, wie wohl und lebendig ich mich in meinem K\u00f6rper gef\u00fchlt habe. Was mich von Anfang an am Yoga fasziniert hat, ist die Vielseitigkeit der \u00dcbungen: Jeder K\u00f6rper findet darin etwas, das ihm leichtf\u00e4llt \u2013 und entdeckt gleichzeitig Bereiche, die noch wachsen d\u00fcrfen.<\/p>\n<p data-start=\"693\" data-end=\"1190\">In meinem Unterricht m\u00f6chte ich einen Raum schaffen, in dem sich alle wohlf\u00fchlen und gleichzeitig weiterentwickeln k\u00f6nnen. \u00dcber die Jahre habe ich verschiedene Yogastile kennengelernt \u2013 manche intensiv, andere nur ausprobiert. Alle haben mich inspiriert, und ich nehme daraus jeweils das, was mich am meisten ber\u00fchrt. Besonders am Herzen liegen mir Mobilit\u00e4ts\u00fcbungen, da ich an mir selbst erfahren habe, wie wertvoll sie sind: Sie erweitern den Bewegungsradius und st\u00e4rken die K\u00f6rperwahrnehmung.<\/p>\n<p data-start=\"1192\" data-end=\"1465\">Ich biete Gruppen- und Einzelunterricht an \u2013 sowohl f\u00fcr Einsteiger:innen, die mit Yoga beginnen m\u00f6chten, als auch f\u00fcr Menschen, die ihre Praxis vertiefen wollen. Yoga ist f\u00fcr mich keine starre Disziplin, sondern etwas Lebendiges, das sich an jeden Menschen anpassen darf.<\/p>\n<p data-start=\"1467\" data-end=\"1804\">Gepr\u00e4gt wurde mein Weg vor allem durch Jean Lechim, bei dem ich viele Jahre in Lausanne mein Yoga gen\u00e4hrt habe. Im Fr\u00fchling 2023 habe ich die 200h Yogalehrer-Ausbildung (Yoga Alliance) bei Ana\u00efs Varnier und Assan Beyeck Rifoe abgeschlossen. Zurzeit mache ich zudem eine Weiterbildung zur Yin-Yoga-Lehrerin, ebenfalls bei Ana\u00efs Varnier.<\/p>\n<p data-start=\"1467\" data-end=\"1804\">Komm doch gerne vorbei und probiere es aus \u2013 vielleicht ist Yoga auch etwas f\u00fcr dich!<\/p>\n<p>[\/et_pb_text][\/et_pb_column][\/et_pb_row][\/et_pb_section]<\/p>","protected":false},"excerpt":{"rendered":"<p>Merlischachen K\u00fcssnacht Meggen Yoga f\u00fcr Alle Frauen M\u00e4nner Merlischachen Meggen K\u00fcssnacht am Rigi Gruppenlektionen Yoga Privatstunden Yoga Cours de Yoga particuliers en fran\u00e7ais private Yoga lessons in English<\/p>","protected":false},"author":1,"featured_media":0,"parent":0,"menu_order":0,"comment_status":"closed","ping_status":"closed","template":"","meta":{"_et_pb_use_builder":"on","_et_pb_old_content":"","_et_gb_content_width":"","footnotes":""},"class_list":["post-2274","page","type-page","status-publish","hentry"],"yoast_head":"<!-- This site is optimized with the Yoast SEO plugin v23.9 - https:\/\/yoast.com\/wordpress\/plugins\/seo\/ -->\n<title>yoga - Mirjam Landolt<\/title>\n<meta name=\"description\" content=\"Yoga f\u00fcr Alle in Merlischachen, zwischen K\u00fcssnacht am Rigi und Meggen. F\u00fcr Anf\u00e4nger und Fortgeschrittene. Gruppenkurse und Privatstunden.\" \/>\n<meta name=\"robots\" content=\"index, follow, max-snippet:-1, max-image-preview:large, max-video-preview:-1\" \/>\n<link rel=\"canonical\" href=\"https:\/\/mirjamlandolt.com\/de\/yoga\/\" \/>\n<meta property=\"og:locale\" content=\"de_DE\" \/>\n<meta property=\"og:type\" content=\"article\" \/>\n<meta property=\"og:title\" content=\"yoga - Mirjam Landolt\" \/>\n<meta property=\"og:description\" content=\"Yoga f\u00fcr Alle in Merlischachen, zwischen K\u00fcssnacht am Rigi und Meggen. F\u00fcr Anf\u00e4nger und Fortgeschrittene. Gruppenkurse und Privatstunden.\" \/>\n<meta property=\"og:url\" content=\"https:\/\/mirjamlandolt.com\/de\/yoga\/\" \/>\n<meta property=\"og:site_name\" content=\"Mirjam Landolt\" \/>\n<meta property=\"article:modified_time\" content=\"2026-04-15T17:30:37+00:00\" \/>\n<meta name=\"twitter:card\" content=\"summary_large_image\" \/>\n<meta name=\"twitter:label1\" content=\"Gesch\u00e4tzte Lesezeit\" \/>\n\t<meta name=\"twitter:data1\" content=\"2\u00a0Minuten\" \/>\n<script type=\"application\/ld+json\" class=\"yoast-schema-graph\">{\"@context\":\"https:\/\/schema.org\",\"@graph\":[{\"@type\":\"WebPage\",\"@id\":\"https:\/\/mirjamlandolt.com\/yoga\/\",\"url\":\"https:\/\/mirjamlandolt.com\/yoga\/\",\"name\":\"yoga - Mirjam Landolt\",\"isPartOf\":{\"@id\":\"https:\/\/mirjamlandolt.com\/#website\"},\"datePublished\":\"2024-11-27T07:37:34+00:00\",\"dateModified\":\"2026-04-15T17:30:37+00:00\",\"description\":\"Yoga f\u00fcr Alle in Merlischachen, zwischen K\u00fcssnacht am Rigi und Meggen. F\u00fcr Anf\u00e4nger und Fortgeschrittene. Gruppenkurse und Privatstunden.\",\"breadcrumb\":{\"@id\":\"https:\/\/mirjamlandolt.com\/yoga\/#breadcrumb\"},\"inLanguage\":\"de-CH\",\"potentialAction\":[{\"@type\":\"ReadAction\",\"target\":[\"https:\/\/mirjamlandolt.com\/yoga\/\"]}]},{\"@type\":\"BreadcrumbList\",\"@id\":\"https:\/\/mirjamlandolt.com\/yoga\/#breadcrumb\",\"itemListElement\":[{\"@type\":\"ListItem\",\"position\":1,\"name\":\"Accueil\",\"item\":\"https:\/\/mirjamlandolt.com\/\"},{\"@type\":\"ListItem\",\"position\":2,\"name\":\"yoga\"}]},{\"@type\":\"WebSite\",\"@id\":\"https:\/\/mirjamlandolt.com\/#website\",\"url\":\"https:\/\/mirjamlandolt.com\/\",\"name\":\"Mirjam Landolt\",\"description\":\"Portfolio\",\"potentialAction\":[{\"@type\":\"SearchAction\",\"target\":{\"@type\":\"EntryPoint\",\"urlTemplate\":\"https:\/\/mirjamlandolt.com\/?s={search_term_string}\"},\"query-input\":{\"@type\":\"PropertyValueSpecification\",\"valueRequired\":true,\"valueName\":\"search_term_string\"}}],\"inLanguage\":\"de-CH\"}]}<\/script>\n<!-- \/ Yoast SEO plugin. -->","yoast_head_json":{"title":"yoga - Mirjam Landolt","description":"Yoga f\u00fcr Alle in Merlischachen, zwischen K\u00fcssnacht am Rigi und Meggen. F\u00fcr Anf\u00e4nger und Fortgeschrittene. Gruppenkurse und Privatstunden.","robots":{"index":"index","follow":"follow","max-snippet":"max-snippet:-1","max-image-preview":"max-image-preview:large","max-video-preview":"max-video-preview:-1"},"canonical":"https:\/\/mirjamlandolt.com\/de\/yoga\/","og_locale":"de_DE","og_type":"article","og_title":"yoga - Mirjam Landolt","og_description":"Yoga f\u00fcr Alle in Merlischachen, zwischen K\u00fcssnacht am Rigi und Meggen. F\u00fcr Anf\u00e4nger und Fortgeschrittene. Gruppenkurse und Privatstunden.","og_url":"https:\/\/mirjamlandolt.com\/de\/yoga\/","og_site_name":"Mirjam Landolt","article_modified_time":"2026-04-15T17:30:37+00:00","twitter_card":"summary_large_image","twitter_misc":{"Gesch\u00e4tzte Lesezeit":"2\u00a0Minuten"},"schema":{"@context":"https:\/\/schema.org","@graph":[{"@type":"WebPage","@id":"https:\/\/mirjamlandolt.com\/yoga\/","url":"https:\/\/mirjamlandolt.com\/yoga\/","name":"yoga - Mirjam Landolt","isPartOf":{"@id":"https:\/\/mirjamlandolt.com\/#website"},"datePublished":"2024-11-27T07:37:34+00:00","dateModified":"2026-04-15T17:30:37+00:00","description":"Yoga f\u00fcr Alle in Merlischachen, zwischen K\u00fcssnacht am Rigi und Meggen. F\u00fcr Anf\u00e4nger und Fortgeschrittene. Gruppenkurse und Privatstunden.","breadcrumb":{"@id":"https:\/\/mirjamlandolt.com\/yoga\/#breadcrumb"},"inLanguage":"de-CH","potentialAction":[{"@type":"ReadAction","target":["https:\/\/mirjamlandolt.com\/yoga\/"]}]},{"@type":"BreadcrumbList","@id":"https:\/\/mirjamlandolt.com\/yoga\/#breadcrumb","itemListElement":[{"@type":"ListItem","position":1,"name":"Accueil","item":"https:\/\/mirjamlandolt.com\/"},{"@type":"ListItem","position":2,"name":"yoga"}]},{"@type":"WebSite","@id":"https:\/\/mirjamlandolt.com\/#website","url":"https:\/\/mirjamlandolt.com\/","name":"Mirjam Landolt","description":"Portfolio","potentialAction":[{"@type":"SearchAction","target":{"@type":"EntryPoint","urlTemplate":"https:\/\/mirjamlandolt.com\/?s={search_term_string}"},"query-input":{"@type":"PropertyValueSpecification","valueRequired":true,"valueName":"search_term_string"}}],"inLanguage":"de-CH"}]}},"_links":{"self":[{"href":"http:\/\/mirjamlandolt.com\/de\/wp-json\/wp\/v2\/pages\/2274","targetHints":{"allow":["GET"]}}],"collection":[{"href":"http:\/\/mirjamlandolt.com\/de\/wp-json\/wp\/v2\/pages"}],"about":[{"href":"http:\/\/mirjamlandolt.com\/de\/wp-json\/wp\/v2\/types\/page"}],"author":[{"embeddable":true,"href":"http:\/\/mirjamlandolt.com\/de\/wp-json\/wp\/v2\/users\/1"}],"replies":[{"embeddable":true,"href":"http:\/\/mirjamlandolt.com\/de\/wp-json\/wp\/v2\/comments?post=2274"}],"version-history":[{"count":20,"href":"http:\/\/mirjamlandolt.com\/de\/wp-json\/wp\/v2\/pages\/2274\/revisions"}],"predecessor-version":[{"id":2428,"href":"http:\/\/mirjamlandolt.com\/de\/wp-json\/wp\/v2\/pages\/2274\/revisions\/2428"}],"wp:attachment":[{"href":"http:\/\/mirjamlandolt.com\/de\/wp-json\/wp\/v2\/media?parent=2274"}],"curies":[{"name":"wp","href":"https:\/\/api.w.org\/{rel}","templated":true}]}}