{"id":2023,"date":"2022-06-10T15:32:29","date_gmt":"2022-06-10T13:32:29","guid":{"rendered":"https:\/\/mirjamlandolt.com\/?page_id=2023"},"modified":"2022-06-10T15:54:13","modified_gmt":"2022-06-10T13:54:13","slug":"entrailles-de-la-terre","status":"publish","type":"page","link":"http:\/\/mirjamlandolt.com\/de\/entrailles-de-la-terre\/","title":{"rendered":"erdinnereien"},"content":{"rendered":"<p>[et_pb_section fb_built=\u00a0\u00bb1&Prime; custom_padding_last_edited=\u00a0\u00bbon|phone\u00a0\u00bb _builder_version=\u00a0\u00bb4.2.2&Prime; background_color=\u00a0\u00bb#fffffb\u00a0\u00bb custom_margin=\u00a0\u00bb||||false|true\u00a0\u00bb custom_padding=\u00a0\u00bb8%|5%|5%|5%|false|true\u00a0\u00bb custom_padding_tablet=\u00a0\u00bb\u00a0\u00bb custom_padding_phone=\u00a0\u00bb1%||||false|true\u00a0\u00bb][et_pb_row column_structure=\u00a0\u00bb3_5,2_5&Prime; custom_padding_last_edited=\u00a0\u00bbon|phone\u00a0\u00bb _builder_version=\u00a0\u00bb4.2.2&Prime; width=\u00a0\u00bb100%\u00a0\u00bb max_width=\u00a0\u00bb2560px\u00a0\u00bb custom_margin=\u00a0\u00bb||||false|false\u00a0\u00bb custom_padding=\u00a0\u00bb||||false|true\u00a0\u00bb custom_padding_tablet=\u00a0\u00bb||||false|true\u00a0\u00bb custom_padding_phone=\u00a0\u00bb||||false|true\u00a0\u00bb][et_pb_column type=\u00a0\u00bb3_5&Prime; _builder_version=\u00a0\u00bb4.1&Prime;][et_pb_image src=\u00a0\u00bbhttps:\/\/mirjamlandolt.com\/wp-content\/uploads\/2022\/06\/ERDINNEREIEN_Gif.gif\u00a0\u00bb title_text=\u00a0\u00bbERDINNEREIEN_Gif\u00a0\u00bb _builder_version=\u00a0\u00bb4.9.4&Prime; _module_preset=\u00a0\u00bbdefault\u00a0\u00bb hover_enabled=\u00a0\u00bb0&Prime; sticky_enabled=\u00a0\u00bb0&Prime;][\/et_pb_image][et_pb_text _builder_version=\u00a0\u00bb4.9.4&Prime; custom_padding=\u00a0\u00bb||||false|false\u00a0\u00bb custom_padding_tablet=\u00a0\u00bb\u00a0\u00bb custom_padding_phone=\u00a0\u00bb2%||||false|false\u00a0\u00bb custom_padding_last_edited=\u00a0\u00bbon|phone\u00a0\u00bb hover_enabled=\u00a0\u00bb0&Prime; text_font_size_tablet=\u00a0\u00bb\u00a0\u00bb text_font_size_phone=\u00a0\u00bb12px\u00a0\u00bb text_font_size_last_edited=\u00a0\u00bbon|phone\u00a0\u00bb text_line_height_tablet=\u00a0\u00bb\u00a0\u00bb text_line_height_phone=\u00a0\u00bb1em\u00a0\u00bb text_line_height_last_edited=\u00a0\u00bbon|desktop\u00a0\u00bb sticky_enabled=\u00a0\u00bb0&Prime;]<\/p>\n<p>Erdinnereien \u00a9 2022, mirjam landolt &amp; natalia wespi &amp; can etterlin<\/p>\n<p>[\/et_pb_text][\/et_pb_column][et_pb_column type=\u00a0\u00bb2_5&Prime; _builder_version=\u00a0\u00bb4.1&Prime;][et_pb_text _builder_version=\u00a0\u00bb4.9.4&Prime; header_font=\u00a0\u00bbDM Sans||||||||\u00a0\u00bb header_font_size=\u00a0\u00bb4vw\u00a0\u00bb custom_padding=\u00a0\u00bb0px|||||\u00a0\u00bb hover_enabled=\u00a0\u00bb0&Prime; header_font_size_tablet=\u00a0\u00bb7vw\u00a0\u00bb header_font_size_phone=\u00a0\u00bb10vw\u00a0\u00bb header_font_size_last_edited=\u00a0\u00bbon|phone\u00a0\u00bb sticky_enabled=\u00a0\u00bb0&Prime;]<\/p>\n<h1>erdinnereien<\/h1>\n<p><span>Installation\u00a0<\/span><span>in Zusammenarbeit mit <a href=\"http:\/\/www.nataliawespi.ch\">Natalia Wespi<\/a><br \/>&amp; <a href=\"https:\/\/www.instagram.com\/can.abi.can\/?hl=fr\">Can Etterlin<\/a><\/span><span><\/span><span><\/span><\/p>\n<p>[\/et_pb_text][et_pb_text _builder_version=\u00a0\u00bb4.9.4&Prime; custom_padding=\u00a0\u00bb3%||3%|0%|true|false\u00a0\u00bb border_width_top=\u00a0\u00bb2px\u00a0\u00bb border_width_bottom=\u00a0\u00bb2px\u00a0\u00bb]<\/p>\n<p><span>\u2605\u00a0<\/span>war ausgestellt im <a href=\"http:\/\/www.m\u00fcsigricht.ch\/verwachsen\">M\u00fcsigricht<\/a> in Steinen<br \/><span>Vom 13. Mai bis 6. Juni 2022<br \/><\/span><span><\/span><span><\/span><span><\/span><span><\/span><\/p>\n<p>[\/et_pb_text][et_pb_text _builder_version=\u00a0\u00bb4.9.4&Prime; custom_padding=\u00a0\u00bb||0px|||\u00a0\u00bb hover_enabled=\u00a0\u00bb0&Prime; sticky_enabled=\u00a0\u00bb0&Prime;]<\/p>\n<div>Als \u00ab\u00a0 G\u00fcllenbucki\u00a0 \u00bb (G\u00fcllenloch oder Jauchebeh\u00e4lter) bezeichnet man das \t\t\t\tunterirdische Auffangbecken f\u00fcr die braune und nicht sehr wohlriechende \t\t\t\t\tFl\u00fcssigkeit, meistens von K\u00fchen stammend. Diese Jauche wird dann \t\t\t\t\twiederum auf den Wiesen verteilt und als D\u00fcnger verwendet damit das \t\t\t\t\tWachstum des Grases gef\u00f6rdert wird.\u00a0<\/div>\n<div><span class=\"Apple-tab-span\"> <\/span>Durch den rissigen Asphaltboden, unter dem fr\u00fcher die G\u00fcllenbucki war, \t\t\t\t\tbrodeln T\u00f6ne hinauf zum Betrachter. Die Erde unter uns lebt, brodelt - und \t\t\t\tschweigt nicht!<\/div>\n<div><span class=\"Apple-tab-span\"> <\/span>Die Natur findet immer wieder einen Weg, alles ist Prozess, verw\u00e4chst von \t\t\t\teinem Zustand in den N\u00e4chsten \u00fcber. Aber wir Menschen kennen unseren \t\t\t\tBoden eigentlich nur oberfl\u00e4chlich.<\/div>\n<p>[\/et_pb_text][\/et_pb_column][\/et_pb_row][\/et_pb_section]<\/p>","protected":false},"excerpt":{"rendered":"<p>Erdinnereien \u00a9 2022, mirjam landolt &amp; natalia wespi &amp; can etterlinentrailles de la terre installation\u00a0en collaboration avec Natalia Wespi&amp; Can Etterlin\u2605\u00a0a \u00e9t\u00e9 expos\u00e9 au M\u00fcsigricht \u00e0 Steinendu 13 mai au 6 juin 2022La \u00ab\u00a0G\u00fcllenbucki\u00a0\u00bb (trou \u00e0 purin ou r\u00e9servoir \u00e0 purin) d\u00e9signe le bassin de r\u00e9tention souterrain pour le liquide brun et pas tr\u00e8s bien [&hellip;]<\/p>","protected":false},"author":1,"featured_media":0,"parent":0,"menu_order":0,"comment_status":"closed","ping_status":"closed","template":"","meta":{"_et_pb_use_builder":"on","_et_pb_old_content":"","_et_gb_content_width":"","footnotes":""},"class_list":["post-2023","page","type-page","status-publish","hentry"],"yoast_head":"<!-- This site is optimized with the Yoast SEO plugin v23.9 - https:\/\/yoast.com\/wordpress\/plugins\/seo\/ -->\n<title>entrailles de la terre - Mirjam Landolt<\/title>\n<meta name=\"description\" content=\"Ausstellung von Mirjam Landolt, Fotografien, K\u00fcssnacht am Rigi, FOTOSZ, FOTOBOX, Stadt&amp; Landschaften\" \/>\n<meta name=\"robots\" content=\"index, follow, max-snippet:-1, max-image-preview:large, max-video-preview:-1\" \/>\n<link rel=\"canonical\" href=\"https:\/\/mirjamlandolt.com\/de\/entrailles-de-la-terre\/\" \/>\n<meta property=\"og:locale\" content=\"de_DE\" \/>\n<meta property=\"og:type\" content=\"article\" \/>\n<meta property=\"og:title\" content=\"entrailles de la terre - Mirjam Landolt\" \/>\n<meta property=\"og:description\" content=\"Ausstellung von Mirjam Landolt, Fotografien, K\u00fcssnacht am Rigi, FOTOSZ, FOTOBOX, Stadt&amp; Landschaften\" \/>\n<meta property=\"og:url\" content=\"https:\/\/mirjamlandolt.com\/de\/entrailles-de-la-terre\/\" \/>\n<meta property=\"og:site_name\" content=\"Mirjam Landolt\" \/>\n<meta property=\"article:modified_time\" content=\"2022-06-10T13:54:13+00:00\" \/>\n<meta name=\"twitter:card\" content=\"summary_large_image\" \/>\n<meta name=\"twitter:label1\" content=\"Gesch\u00e4tzte Lesezeit\" \/>\n\t<meta name=\"twitter:data1\" content=\"2\u00a0Minuten\" \/>\n<script type=\"application\/ld+json\" class=\"yoast-schema-graph\">{\"@context\":\"https:\/\/schema.org\",\"@graph\":[{\"@type\":\"WebPage\",\"@id\":\"https:\/\/mirjamlandolt.com\/entrailles-de-la-terre\/\",\"url\":\"https:\/\/mirjamlandolt.com\/entrailles-de-la-terre\/\",\"name\":\"entrailles de la terre - Mirjam Landolt\",\"isPartOf\":{\"@id\":\"https:\/\/mirjamlandolt.com\/#website\"},\"datePublished\":\"2022-06-10T13:32:29+00:00\",\"dateModified\":\"2022-06-10T13:54:13+00:00\",\"description\":\"Ausstellung von Mirjam Landolt, Fotografien, K\u00fcssnacht am Rigi, FOTOSZ, FOTOBOX, Stadt& Landschaften\",\"breadcrumb\":{\"@id\":\"https:\/\/mirjamlandolt.com\/entrailles-de-la-terre\/#breadcrumb\"},\"inLanguage\":\"de-CH\",\"potentialAction\":[{\"@type\":\"ReadAction\",\"target\":[\"https:\/\/mirjamlandolt.com\/entrailles-de-la-terre\/\"]}]},{\"@type\":\"BreadcrumbList\",\"@id\":\"https:\/\/mirjamlandolt.com\/entrailles-de-la-terre\/#breadcrumb\",\"itemListElement\":[{\"@type\":\"ListItem\",\"position\":1,\"name\":\"Accueil\",\"item\":\"https:\/\/mirjamlandolt.com\/\"},{\"@type\":\"ListItem\",\"position\":2,\"name\":\"entrailles de la terre\"}]},{\"@type\":\"WebSite\",\"@id\":\"https:\/\/mirjamlandolt.com\/#website\",\"url\":\"https:\/\/mirjamlandolt.com\/\",\"name\":\"Mirjam Landolt\",\"description\":\"Portfolio\",\"potentialAction\":[{\"@type\":\"SearchAction\",\"target\":{\"@type\":\"EntryPoint\",\"urlTemplate\":\"https:\/\/mirjamlandolt.com\/?s={search_term_string}\"},\"query-input\":{\"@type\":\"PropertyValueSpecification\",\"valueRequired\":true,\"valueName\":\"search_term_string\"}}],\"inLanguage\":\"de-CH\"}]}<\/script>\n<!-- \/ Yoast SEO plugin. -->","yoast_head_json":{"title":"entrailles de la terre - Mirjam Landolt","description":"Ausstellung von Mirjam Landolt, Fotografien, K\u00fcssnacht am Rigi, FOTOSZ, FOTOBOX, Stadt& Landschaften","robots":{"index":"index","follow":"follow","max-snippet":"max-snippet:-1","max-image-preview":"max-image-preview:large","max-video-preview":"max-video-preview:-1"},"canonical":"https:\/\/mirjamlandolt.com\/de\/entrailles-de-la-terre\/","og_locale":"de_DE","og_type":"article","og_title":"entrailles de la terre - Mirjam Landolt","og_description":"Ausstellung von Mirjam Landolt, Fotografien, K\u00fcssnacht am Rigi, FOTOSZ, FOTOBOX, Stadt& Landschaften","og_url":"https:\/\/mirjamlandolt.com\/de\/entrailles-de-la-terre\/","og_site_name":"Mirjam Landolt","article_modified_time":"2022-06-10T13:54:13+00:00","twitter_card":"summary_large_image","twitter_misc":{"Gesch\u00e4tzte Lesezeit":"2\u00a0Minuten"},"schema":{"@context":"https:\/\/schema.org","@graph":[{"@type":"WebPage","@id":"https:\/\/mirjamlandolt.com\/entrailles-de-la-terre\/","url":"https:\/\/mirjamlandolt.com\/entrailles-de-la-terre\/","name":"entrailles de la terre - Mirjam Landolt","isPartOf":{"@id":"https:\/\/mirjamlandolt.com\/#website"},"datePublished":"2022-06-10T13:32:29+00:00","dateModified":"2022-06-10T13:54:13+00:00","description":"Ausstellung von Mirjam Landolt, Fotografien, K\u00fcssnacht am Rigi, FOTOSZ, FOTOBOX, Stadt& Landschaften","breadcrumb":{"@id":"https:\/\/mirjamlandolt.com\/entrailles-de-la-terre\/#breadcrumb"},"inLanguage":"de-CH","potentialAction":[{"@type":"ReadAction","target":["https:\/\/mirjamlandolt.com\/entrailles-de-la-terre\/"]}]},{"@type":"BreadcrumbList","@id":"https:\/\/mirjamlandolt.com\/entrailles-de-la-terre\/#breadcrumb","itemListElement":[{"@type":"ListItem","position":1,"name":"Accueil","item":"https:\/\/mirjamlandolt.com\/"},{"@type":"ListItem","position":2,"name":"entrailles de la terre"}]},{"@type":"WebSite","@id":"https:\/\/mirjamlandolt.com\/#website","url":"https:\/\/mirjamlandolt.com\/","name":"Mirjam Landolt","description":"Portfolio","potentialAction":[{"@type":"SearchAction","target":{"@type":"EntryPoint","urlTemplate":"https:\/\/mirjamlandolt.com\/?s={search_term_string}"},"query-input":{"@type":"PropertyValueSpecification","valueRequired":true,"valueName":"search_term_string"}}],"inLanguage":"de-CH"}]}},"_links":{"self":[{"href":"http:\/\/mirjamlandolt.com\/de\/wp-json\/wp\/v2\/pages\/2023","targetHints":{"allow":["GET"]}}],"collection":[{"href":"http:\/\/mirjamlandolt.com\/de\/wp-json\/wp\/v2\/pages"}],"about":[{"href":"http:\/\/mirjamlandolt.com\/de\/wp-json\/wp\/v2\/types\/page"}],"author":[{"embeddable":true,"href":"http:\/\/mirjamlandolt.com\/de\/wp-json\/wp\/v2\/users\/1"}],"replies":[{"embeddable":true,"href":"http:\/\/mirjamlandolt.com\/de\/wp-json\/wp\/v2\/comments?post=2023"}],"version-history":[{"count":4,"href":"http:\/\/mirjamlandolt.com\/de\/wp-json\/wp\/v2\/pages\/2023\/revisions"}],"predecessor-version":[{"id":2030,"href":"http:\/\/mirjamlandolt.com\/de\/wp-json\/wp\/v2\/pages\/2023\/revisions\/2030"}],"wp:attachment":[{"href":"http:\/\/mirjamlandolt.com\/de\/wp-json\/wp\/v2\/media?parent=2023"}],"curies":[{"name":"wp","href":"https:\/\/api.w.org\/{rel}","templated":true}]}}