{"id":1978,"date":"2022-06-09T16:32:52","date_gmt":"2022-06-09T14:32:52","guid":{"rendered":"https:\/\/mirjamlandolt.com\/?page_id=1978"},"modified":"2022-06-10T15:33:49","modified_gmt":"2022-06-10T13:33:49","slug":"die-taube-das-moos","status":"publish","type":"page","link":"http:\/\/mirjamlandolt.com\/de\/die-taube-das-moos\/","title":{"rendered":"die taube &#038; das Moos"},"content":{"rendered":"<p>[et_pb_section fb_built=\u00a0\u00bb1&Prime; custom_padding_last_edited=\u00a0\u00bbon|phone\u00a0\u00bb _builder_version=\u00a0\u00bb4.2.2&Prime; background_color=\u00a0\u00bb#fffffb\u00a0\u00bb custom_margin=\u00a0\u00bb||||false|true\u00a0\u00bb custom_padding=\u00a0\u00bb8%|5%|5%|5%|false|true\u00a0\u00bb custom_padding_tablet=\u00a0\u00bb\u00a0\u00bb custom_padding_phone=\u00a0\u00bb1%||||false|true\u00a0\u00bb][et_pb_row column_structure=\u00a0\u00bb3_5,2_5&Prime; custom_padding_last_edited=\u00a0\u00bbon|phone\u00a0\u00bb _builder_version=\u00a0\u00bb4.2.2&Prime; width=\u00a0\u00bb100%\u00a0\u00bb max_width=\u00a0\u00bb2560px\u00a0\u00bb custom_margin=\u00a0\u00bb||||false|false\u00a0\u00bb custom_padding=\u00a0\u00bb||||false|true\u00a0\u00bb custom_padding_tablet=\u00a0\u00bb||||false|true\u00a0\u00bb custom_padding_phone=\u00a0\u00bb||||false|true\u00a0\u00bb][et_pb_column type=\u00a0\u00bb3_5&Prime; _builder_version=\u00a0\u00bb4.1&Prime;][et_pb_image src=\u00a0\u00bbhttps:\/\/mirjamlandolt.com\/wp-content\/uploads\/2022\/06\/TAUBE_Gif.gif\u00a0\u00bb title_text=\u00a0\u00bbTAUBE_Gif\u00a0\u00bb _builder_version=\u00a0\u00bb4.9.4&Prime; _module_preset=\u00a0\u00bbdefault\u00a0\u00bb hover_enabled=\u00a0\u00bb0&Prime; sticky_enabled=\u00a0\u00bb0&Prime;][\/et_pb_image][et_pb_text _builder_version=\u00a0\u00bb4.9.4&Prime; custom_padding=\u00a0\u00bb||||false|false\u00a0\u00bb custom_padding_tablet=\u00a0\u00bb\u00a0\u00bb custom_padding_phone=\u00a0\u00bb2%||||false|false\u00a0\u00bb custom_padding_last_edited=\u00a0\u00bbon|phone\u00a0\u00bb text_font_size_tablet=\u00a0\u00bb\u00a0\u00bb text_font_size_phone=\u00a0\u00bb12px\u00a0\u00bb text_font_size_last_edited=\u00a0\u00bbon|phone\u00a0\u00bb text_line_height_tablet=\u00a0\u00bb\u00a0\u00bb text_line_height_phone=\u00a0\u00bb1em\u00a0\u00bb text_line_height_last_edited=\u00a0\u00bbon|desktop\u00a0\u00bb]<\/p>\n<p>die Taube &amp; das Moos \u00a9 2022, mirjam landolt &amp; natalia wespi<\/p>\n<p>[\/et_pb_text][\/et_pb_column][et_pb_column type=\u00a0\u00bb2_5&Prime; _builder_version=\u00a0\u00bb4.1&Prime;][et_pb_text _builder_version=\u00a0\u00bb4.9.4&Prime; header_font=\u00a0\u00bbDM Sans||||||||\u00a0\u00bb header_font_size=\u00a0\u00bb4vw\u00a0\u00bb custom_padding=\u00a0\u00bb0px|||||\u00a0\u00bb header_font_size_tablet=\u00a0\u00bb7vw\u00a0\u00bb header_font_size_phone=\u00a0\u00bb10vw\u00a0\u00bb header_font_size_last_edited=\u00a0\u00bbon|phone\u00a0\u00bb]<\/p>\n<h1>die Taube &amp; das Moos<\/h1>\n<p><span>organische Installation<br \/><\/span><span>in Zusammenarbeit mit <a href=\"http:\/\/www.nataliawespi.ch\">Natalia Wespi<\/a><\/span><span><\/span><span><\/span><\/p>\n<p><span>ausgestopfte Taube, Moos, Taubenkasten, <br \/><\/span><span>Vogelabwehrspikes und Licht. <\/span><\/p>\n<p>[\/et_pb_text][et_pb_text _builder_version=\u00a0\u00bb4.9.4&Prime; custom_padding=\u00a0\u00bb3%||3%|0%|true|false\u00a0\u00bb border_width_top=\u00a0\u00bb2px\u00a0\u00bb border_width_bottom=\u00a0\u00bb2px\u00a0\u00bb]<\/p>\n<p><span>\u2605\u00a0<\/span>war ausgestellt im <a href=\"http:\/\/www.m\u00fcsigricht.ch\/verwachsen\">M\u00fcsigricht<\/a> in Steinen<br \/><span>Vom 13. Mai bis 6. Juni 2022<br \/><\/span><span><\/span><span><\/span><span><\/span><span><\/span><\/p>\n<p>[\/et_pb_text][et_pb_text _builder_version=\u00a0\u00bb4.9.4&Prime; custom_padding=\u00a0\u00bb||0px|||\u00a0\u00bb]<\/p>\n<p>Die Taube ist die \u00dcberbringerin der Friedensbotschaft. Tauben geh\u00f6rten zu \t\t\t\tden ersten Haustieren des Menschen und wurden fr\u00fcher als \t\t\t\t\t\tKommunikationsmittel eingesetzt aber auch als Delikatesse gegessen. Heute \t\t\t\tsind sie zur Plage geworden, sie sind die fliegenden Ratten der St\u00e4dte. <br \/>Aus dem Taubenkasten, dessen Eingang mit Vogel-Abwehrspikes barrikadiert \t\t\t\tist, f\u00e4llt Licht auf die Moostaube. Die Spikes, im Kontrast zur Weichheit des \t\t\t\tMooskleides, hindern die Taube daran, sich in ihren vier W\u00e4nden \t\t\t\t\t\tzur\u00fcckzuziehen und Schutz zu finden. Eine Abwehr, die der Mensch \t\t\t\t\tgeschaffen hat.<\/p>\n<p>[\/et_pb_text][\/et_pb_column][\/et_pb_row][\/et_pb_section]<\/p>","protected":false},"excerpt":{"rendered":"<p>die Taube &amp; das Moos \u00a9 2022, mirjam landolt &amp; natalia wespile pigeon &amp; la mousse installation organiqueen collaboration avec Natalia Wespi Pigeon empaill\u00e9, mousse, cage \u00e0 pigeon, pics anti-oiseaux et lumi\u00e8re. \u2605\u00a0a \u00e9t\u00e9 expos\u00e9 au M\u00fcsigricht \u00e0 Steinendu 13 mai au 6 juin 2022Le pigeon est le porteur du message de paix. Les pigeons [&hellip;]<\/p>","protected":false},"author":1,"featured_media":0,"parent":0,"menu_order":0,"comment_status":"closed","ping_status":"closed","template":"","meta":{"_et_pb_use_builder":"on","_et_pb_old_content":"","_et_gb_content_width":"","footnotes":""},"class_list":["post-1978","page","type-page","status-publish","hentry"],"yoast_head":"<!-- This site is optimized with the Yoast SEO plugin v23.9 - https:\/\/yoast.com\/wordpress\/plugins\/seo\/ -->\n<title>die taube &amp; das Moos - Mirjam Landolt<\/title>\n<meta name=\"description\" content=\"Ausstellung von Mirjam Landolt, Fotografien, K\u00fcssnacht am Rigi, FOTOSZ, FOTOBOX, Stadt&amp; Landschaften\" \/>\n<meta name=\"robots\" content=\"index, follow, max-snippet:-1, max-image-preview:large, max-video-preview:-1\" \/>\n<link rel=\"canonical\" href=\"https:\/\/mirjamlandolt.com\/de\/die-taube-das-moos\/\" \/>\n<meta property=\"og:locale\" content=\"de_DE\" \/>\n<meta property=\"og:type\" content=\"article\" \/>\n<meta property=\"og:title\" content=\"die taube &amp; das Moos - Mirjam Landolt\" \/>\n<meta property=\"og:description\" content=\"Ausstellung von Mirjam Landolt, Fotografien, K\u00fcssnacht am Rigi, FOTOSZ, FOTOBOX, Stadt&amp; Landschaften\" \/>\n<meta property=\"og:url\" content=\"https:\/\/mirjamlandolt.com\/de\/die-taube-das-moos\/\" \/>\n<meta property=\"og:site_name\" content=\"Mirjam Landolt\" \/>\n<meta property=\"article:modified_time\" content=\"2022-06-10T13:33:49+00:00\" \/>\n<meta name=\"twitter:card\" content=\"summary_large_image\" \/>\n<meta name=\"twitter:label1\" content=\"Gesch\u00e4tzte Lesezeit\" \/>\n\t<meta name=\"twitter:data1\" content=\"2\u00a0Minuten\" \/>\n<script type=\"application\/ld+json\" class=\"yoast-schema-graph\">{\"@context\":\"https:\/\/schema.org\",\"@graph\":[{\"@type\":\"WebPage\",\"@id\":\"https:\/\/mirjamlandolt.com\/die-taube-das-moos\/\",\"url\":\"https:\/\/mirjamlandolt.com\/die-taube-das-moos\/\",\"name\":\"die taube & das Moos - Mirjam Landolt\",\"isPartOf\":{\"@id\":\"https:\/\/mirjamlandolt.com\/#website\"},\"datePublished\":\"2022-06-09T14:32:52+00:00\",\"dateModified\":\"2022-06-10T13:33:49+00:00\",\"description\":\"Ausstellung von Mirjam Landolt, Fotografien, K\u00fcssnacht am Rigi, FOTOSZ, FOTOBOX, Stadt& Landschaften\",\"breadcrumb\":{\"@id\":\"https:\/\/mirjamlandolt.com\/die-taube-das-moos\/#breadcrumb\"},\"inLanguage\":\"de-CH\",\"potentialAction\":[{\"@type\":\"ReadAction\",\"target\":[\"https:\/\/mirjamlandolt.com\/die-taube-das-moos\/\"]}]},{\"@type\":\"BreadcrumbList\",\"@id\":\"https:\/\/mirjamlandolt.com\/die-taube-das-moos\/#breadcrumb\",\"itemListElement\":[{\"@type\":\"ListItem\",\"position\":1,\"name\":\"Accueil\",\"item\":\"https:\/\/mirjamlandolt.com\/\"},{\"@type\":\"ListItem\",\"position\":2,\"name\":\"die taube &#038; das Moos\"}]},{\"@type\":\"WebSite\",\"@id\":\"https:\/\/mirjamlandolt.com\/#website\",\"url\":\"https:\/\/mirjamlandolt.com\/\",\"name\":\"Mirjam Landolt\",\"description\":\"Portfolio\",\"potentialAction\":[{\"@type\":\"SearchAction\",\"target\":{\"@type\":\"EntryPoint\",\"urlTemplate\":\"https:\/\/mirjamlandolt.com\/?s={search_term_string}\"},\"query-input\":{\"@type\":\"PropertyValueSpecification\",\"valueRequired\":true,\"valueName\":\"search_term_string\"}}],\"inLanguage\":\"de-CH\"}]}<\/script>\n<!-- \/ Yoast SEO plugin. -->","yoast_head_json":{"title":"die taube & das Moos - Mirjam Landolt","description":"Ausstellung von Mirjam Landolt, Fotografien, K\u00fcssnacht am Rigi, FOTOSZ, FOTOBOX, Stadt& Landschaften","robots":{"index":"index","follow":"follow","max-snippet":"max-snippet:-1","max-image-preview":"max-image-preview:large","max-video-preview":"max-video-preview:-1"},"canonical":"https:\/\/mirjamlandolt.com\/de\/die-taube-das-moos\/","og_locale":"de_DE","og_type":"article","og_title":"die taube & das Moos - Mirjam Landolt","og_description":"Ausstellung von Mirjam Landolt, Fotografien, K\u00fcssnacht am Rigi, FOTOSZ, FOTOBOX, Stadt& Landschaften","og_url":"https:\/\/mirjamlandolt.com\/de\/die-taube-das-moos\/","og_site_name":"Mirjam Landolt","article_modified_time":"2022-06-10T13:33:49+00:00","twitter_card":"summary_large_image","twitter_misc":{"Gesch\u00e4tzte Lesezeit":"2\u00a0Minuten"},"schema":{"@context":"https:\/\/schema.org","@graph":[{"@type":"WebPage","@id":"https:\/\/mirjamlandolt.com\/die-taube-das-moos\/","url":"https:\/\/mirjamlandolt.com\/die-taube-das-moos\/","name":"die taube & das Moos - Mirjam Landolt","isPartOf":{"@id":"https:\/\/mirjamlandolt.com\/#website"},"datePublished":"2022-06-09T14:32:52+00:00","dateModified":"2022-06-10T13:33:49+00:00","description":"Ausstellung von Mirjam Landolt, Fotografien, K\u00fcssnacht am Rigi, FOTOSZ, FOTOBOX, Stadt& Landschaften","breadcrumb":{"@id":"https:\/\/mirjamlandolt.com\/die-taube-das-moos\/#breadcrumb"},"inLanguage":"de-CH","potentialAction":[{"@type":"ReadAction","target":["https:\/\/mirjamlandolt.com\/die-taube-das-moos\/"]}]},{"@type":"BreadcrumbList","@id":"https:\/\/mirjamlandolt.com\/die-taube-das-moos\/#breadcrumb","itemListElement":[{"@type":"ListItem","position":1,"name":"Accueil","item":"https:\/\/mirjamlandolt.com\/"},{"@type":"ListItem","position":2,"name":"die taube &#038; das Moos"}]},{"@type":"WebSite","@id":"https:\/\/mirjamlandolt.com\/#website","url":"https:\/\/mirjamlandolt.com\/","name":"Mirjam Landolt","description":"Portfolio","potentialAction":[{"@type":"SearchAction","target":{"@type":"EntryPoint","urlTemplate":"https:\/\/mirjamlandolt.com\/?s={search_term_string}"},"query-input":{"@type":"PropertyValueSpecification","valueRequired":true,"valueName":"search_term_string"}}],"inLanguage":"de-CH"}]}},"_links":{"self":[{"href":"http:\/\/mirjamlandolt.com\/de\/wp-json\/wp\/v2\/pages\/1978","targetHints":{"allow":["GET"]}}],"collection":[{"href":"http:\/\/mirjamlandolt.com\/de\/wp-json\/wp\/v2\/pages"}],"about":[{"href":"http:\/\/mirjamlandolt.com\/de\/wp-json\/wp\/v2\/types\/page"}],"author":[{"embeddable":true,"href":"http:\/\/mirjamlandolt.com\/de\/wp-json\/wp\/v2\/users\/1"}],"replies":[{"embeddable":true,"href":"http:\/\/mirjamlandolt.com\/de\/wp-json\/wp\/v2\/comments?post=1978"}],"version-history":[{"count":4,"href":"http:\/\/mirjamlandolt.com\/de\/wp-json\/wp\/v2\/pages\/1978\/revisions"}],"predecessor-version":[{"id":2022,"href":"http:\/\/mirjamlandolt.com\/de\/wp-json\/wp\/v2\/pages\/1978\/revisions\/2022"}],"wp:attachment":[{"href":"http:\/\/mirjamlandolt.com\/de\/wp-json\/wp\/v2\/media?parent=1978"}],"curies":[{"name":"wp","href":"https:\/\/api.w.org\/{rel}","templated":true}]}}