{"id":1014,"date":"2020-01-23T12:23:23","date_gmt":"2020-01-23T11:23:23","guid":{"rendered":"http:\/\/gwgyaakhw.preview.infomaniak.website\/?page_id=1014"},"modified":"2020-01-30T11:31:40","modified_gmt":"2020-01-30T10:31:40","slug":"meccarrillos","status":"publish","type":"page","link":"http:\/\/mirjamlandolt.com\/de\/meccarrillos\/","title":{"rendered":"meccarrillos"},"content":{"rendered":"<p>[et_pb_section fb_built=\u00a0\u00bb1&Prime; custom_padding_last_edited=\u00a0\u00bbon|phone\u00a0\u00bb _builder_version=\u00a0\u00bb4.2.2&Prime; background_color=\u00a0\u00bb#fffffb\u00a0\u00bb custom_margin=\u00a0\u00bb||||false|true\u00a0\u00bb custom_padding=\u00a0\u00bb8%|5%|5%|5%|false|true\u00a0\u00bb custom_padding_tablet=\u00a0\u00bb\u00a0\u00bb custom_padding_phone=\u00a0\u00bb1%||||false|true\u00a0\u00bb][et_pb_row column_structure=\u00a0\u00bb3_5,2_5&Prime; custom_padding_last_edited=\u00a0\u00bbon|phone\u00a0\u00bb _builder_version=\u00a0\u00bb4.2.2&Prime; width=\u00a0\u00bb100%\u00a0\u00bb max_width=\u00a0\u00bb2560px\u00a0\u00bb custom_margin=\u00a0\u00bb||||false|false\u00a0\u00bb custom_padding=\u00a0\u00bb||||false|true\u00a0\u00bb custom_padding_tablet=\u00a0\u00bb||||false|true\u00a0\u00bb custom_padding_phone=\u00a0\u00bb||||false|true\u00a0\u00bb][et_pb_column type=\u00a0\u00bb3_5&Prime; _builder_version=\u00a0\u00bb4.1&Prime;][et_pb_code _builder_version=\u00a0\u00bb4.2.2&Prime; custom_margin=\u00a0\u00bb||0px||false|false\u00a0\u00bb]<iframe loading=\"lazy\" src=\"https:\/\/player.vimeo.com\/video\/102779382\" width=\"640\" height=\"360\" frameborder=\"0\" allow=\"autoplay; fullscreen\" allowfullscreen><\/iframe>[\/et_pb_code][et_pb_text _builder_version=\u00a0\u00bb4.2.2&Prime; custom_padding=\u00a0\u00bb||||false|false\u00a0\u00bb hover_enabled=\u00a0\u00bb0&Prime; content_last_edited=\u00a0\u00bbon|phone\u00a0\u00bb content_phone=\u00a0\u00bb<\/p>\n<p>meccarrillos \u2013 court-m\u00e9trage <br \/>\u00a9 2014, aur\u00e9lie pernet<\/p>\n<p>\u00a0\u00bb text_font_size_last_edited=\u00a0\u00bbon|phone\u00a0\u00bb text_font_size_phone=\u00a0\u00bb12px\u00a0\u00bb text_line_height_last_edited=\u00a0\u00bbon|phone\u00a0\u00bb text_line_height_phone=\u00a0\u00bb1em\u00a0\u00bb custom_padding_last_edited=\u00a0\u00bbon|phone\u00a0\u00bb custom_padding_phone=\u00a0\u00bb2%||||false|false\u00a0\u00bb]<\/p>\n<p>meccarrillos \u2013 kurzfilm \u00a9 2014 aur\u00e9lie pernet<\/p>\n<p>[\/et_pb_text][\/et_pb_column][et_pb_column type=\u00a0\u00bb2_5&Prime; _builder_version=\u00a0\u00bb4.1&Prime;][et_pb_text _builder_version=\u00a0\u00bb4.2.2&Prime; header_font=\u00a0\u00bbDM Sans||||||||\u00a0\u00bb header_font_size=\u00a0\u00bb4vw\u00a0\u00bb custom_padding=\u00a0\u00bb||||false|false\u00a0\u00bb header_font_size_tablet=\u00a0\u00bb8vw\u00a0\u00bb header_font_size_phone=\u00a0\u00bb10vw\u00a0\u00bb header_font_size_last_edited=\u00a0\u00bbon|phone\u00a0\u00bb]<\/p>\n<h1>meccarrillos<\/h1>\n<p>Kamera f\u00fcr den Kurzfilm von<a href=\"https:\/\/vimeo.com\/aurelieoliveirapernet\" target=\"_blank\" rel=\"noopener noreferrer\"><span style=\"text-decoration: underline;\">aur\u00e9lie pernet<\/span><\/a>, 2014<\/p>\n<p>[\/et_pb_text][et_pb_text _builder_version=\u00a0\u00bb4.2.2&Prime; custom_padding=\u00a0\u00bb3%||3%||true|false\u00a0\u00bb border_width_top=\u00a0\u00bb2px\u00a0\u00bb border_width_bottom=\u00a0\u00bb2px\u00a0\u00bb]<\/p>\n<p><span>4K \/ Farbe \/ 17min \/ Schweiz<br \/> <\/span>Produktion <span style=\"text-decoration: underline;\">HEAD<br \/> <\/span>\u2605 Selektionen 2014 :\u00a0<span style=\"text-decoration: underline;\">GIFF<\/span> Genf, 2015 :<br \/><span style=\"text-decoration: underline;\">Oberhausen ISFF<\/span>, <span style=\"text-decoration: underline;\">IndieLisboa<\/span>, <span style=\"text-decoration: underline;\">Vienna VIS<\/span>, <span style=\"text-decoration: underline;\">Nara IFF<\/span>, <span style=\"text-decoration: underline;\">Tous Courts<\/span>, <span style=\"text-decoration: underline;\">Okse\u00f8 FF<\/span><span style=\"text-decoration: underline;\"><br \/> <\/span><\/p>\n<p>[\/et_pb_text][et_pb_text _builder_version=\u00a0\u00bb4.2.2&Prime; custom_margin=\u00a0\u00bb||||false|false\u00a0\u00bb]<\/p>\n<p>Als ihr Mann stirbt, <br \/>\u00f6ffnet Suzanne wie \u00fcblich ihre Bar <br \/>und \u00fcberl\u00e4sst ihren beiden T\u00f6chter die Vorbereitung<br \/>der Abschiedszeremonie ihres Vaters.<\/p>\n<p>&nbsp;<\/p>\n<p>[\/et_pb_text][\/et_pb_column][\/et_pb_row][\/et_pb_section]<\/p>","protected":false},"excerpt":{"rendered":"<p>meccarrillos \u2013 court-m\u00e9trage \u00a9 2014, aur\u00e9lie pernetmeccarrillos image sur le court-m\u00e9trage de fiction d\u2019aur\u00e9lie pernet, 20144K \/ couleur \/ 17min \/ Suisse Production HEAD \u2605 s\u00e9lections 2014 :\u00a0GIFF Gen\u00e8ve, 2015 :Oberhausen ISFF, IndieLisboa, Vienna VIS, Nara IFF, Tous Courts, Okse\u00f8 FF \u00c0 la mort de son mari, Suzanne ouvre son bar comme \u00e0 son habitude, [&hellip;]<\/p>","protected":false},"author":1,"featured_media":0,"parent":0,"menu_order":0,"comment_status":"closed","ping_status":"closed","template":"","meta":{"_et_pb_use_builder":"on","_et_pb_old_content":"","_et_gb_content_width":"","footnotes":""},"class_list":["post-1014","page","type-page","status-publish","hentry"],"yoast_head":"<!-- This site is optimized with the Yoast SEO plugin v23.9 - https:\/\/yoast.com\/wordpress\/plugins\/seo\/ -->\n<title>meccarrillos - Mirjam Landolt<\/title>\n<meta name=\"description\" content=\"court-m\u00e9trage de fiction de la r\u00e9alisatrice Aur\u00e9lie Pernet. 2014. 4K \/ couleur \/ 17min \/ Suisse. Production HEAD. Cheffe-Op\u00e9ratrice : Mirjam Landolt\" \/>\n<meta name=\"robots\" content=\"index, follow, max-snippet:-1, max-image-preview:large, max-video-preview:-1\" \/>\n<link rel=\"canonical\" href=\"https:\/\/mirjamlandolt.com\/de\/meccarrillos\/\" \/>\n<meta property=\"og:locale\" content=\"de_DE\" \/>\n<meta property=\"og:type\" content=\"article\" \/>\n<meta property=\"og:title\" content=\"meccarrillos - Mirjam Landolt\" \/>\n<meta property=\"og:description\" content=\"court-m\u00e9trage de fiction de la r\u00e9alisatrice Aur\u00e9lie Pernet. 2014. 4K \/ couleur \/ 17min \/ Suisse. Production HEAD. Cheffe-Op\u00e9ratrice : Mirjam Landolt\" \/>\n<meta property=\"og:url\" content=\"https:\/\/mirjamlandolt.com\/de\/meccarrillos\/\" \/>\n<meta property=\"og:site_name\" content=\"Mirjam Landolt\" \/>\n<meta property=\"article:modified_time\" content=\"2020-01-30T10:31:40+00:00\" \/>\n<meta name=\"twitter:card\" content=\"summary_large_image\" \/>\n<meta name=\"twitter:label1\" content=\"Gesch\u00e4tzte Lesezeit\" \/>\n\t<meta name=\"twitter:data1\" content=\"2\u00a0Minuten\" \/>\n<script type=\"application\/ld+json\" class=\"yoast-schema-graph\">{\"@context\":\"https:\/\/schema.org\",\"@graph\":[{\"@type\":\"WebPage\",\"@id\":\"https:\/\/mirjamlandolt.com\/de\/meccarrillos\/\",\"url\":\"https:\/\/mirjamlandolt.com\/de\/meccarrillos\/\",\"name\":\"meccarrillos - Mirjam Landolt\",\"isPartOf\":{\"@id\":\"https:\/\/mirjamlandolt.com\/#website\"},\"datePublished\":\"2020-01-23T11:23:23+00:00\",\"dateModified\":\"2020-01-30T10:31:40+00:00\",\"description\":\"court-m\u00e9trage de fiction de la r\u00e9alisatrice Aur\u00e9lie Pernet. 2014. 4K \/ couleur \/ 17min \/ Suisse. Production HEAD. Cheffe-Op\u00e9ratrice : Mirjam Landolt\",\"breadcrumb\":{\"@id\":\"https:\/\/mirjamlandolt.com\/de\/meccarrillos\/#breadcrumb\"},\"inLanguage\":\"de-CH\",\"potentialAction\":[{\"@type\":\"ReadAction\",\"target\":[\"https:\/\/mirjamlandolt.com\/de\/meccarrillos\/\"]}]},{\"@type\":\"BreadcrumbList\",\"@id\":\"https:\/\/mirjamlandolt.com\/de\/meccarrillos\/#breadcrumb\",\"itemListElement\":[{\"@type\":\"ListItem\",\"position\":1,\"name\":\"Accueil\",\"item\":\"https:\/\/mirjamlandolt.com\/\"},{\"@type\":\"ListItem\",\"position\":2,\"name\":\"meccarrillos\"}]},{\"@type\":\"WebSite\",\"@id\":\"https:\/\/mirjamlandolt.com\/#website\",\"url\":\"https:\/\/mirjamlandolt.com\/\",\"name\":\"Mirjam Landolt\",\"description\":\"Portfolio\",\"potentialAction\":[{\"@type\":\"SearchAction\",\"target\":{\"@type\":\"EntryPoint\",\"urlTemplate\":\"https:\/\/mirjamlandolt.com\/?s={search_term_string}\"},\"query-input\":{\"@type\":\"PropertyValueSpecification\",\"valueRequired\":true,\"valueName\":\"search_term_string\"}}],\"inLanguage\":\"de-CH\"}]}<\/script>\n<!-- \/ Yoast SEO plugin. -->","yoast_head_json":{"title":"meccarrillos - Mirjam Landolt","description":"court-m\u00e9trage de fiction de la r\u00e9alisatrice Aur\u00e9lie Pernet. 2014. 4K \/ couleur \/ 17min \/ Suisse. Production HEAD. Cheffe-Op\u00e9ratrice : Mirjam Landolt","robots":{"index":"index","follow":"follow","max-snippet":"max-snippet:-1","max-image-preview":"max-image-preview:large","max-video-preview":"max-video-preview:-1"},"canonical":"https:\/\/mirjamlandolt.com\/de\/meccarrillos\/","og_locale":"de_DE","og_type":"article","og_title":"meccarrillos - Mirjam Landolt","og_description":"court-m\u00e9trage de fiction de la r\u00e9alisatrice Aur\u00e9lie Pernet. 2014. 4K \/ couleur \/ 17min \/ Suisse. Production HEAD. Cheffe-Op\u00e9ratrice : Mirjam Landolt","og_url":"https:\/\/mirjamlandolt.com\/de\/meccarrillos\/","og_site_name":"Mirjam Landolt","article_modified_time":"2020-01-30T10:31:40+00:00","twitter_card":"summary_large_image","twitter_misc":{"Gesch\u00e4tzte Lesezeit":"2\u00a0Minuten"},"schema":{"@context":"https:\/\/schema.org","@graph":[{"@type":"WebPage","@id":"https:\/\/mirjamlandolt.com\/de\/meccarrillos\/","url":"https:\/\/mirjamlandolt.com\/de\/meccarrillos\/","name":"meccarrillos - Mirjam Landolt","isPartOf":{"@id":"https:\/\/mirjamlandolt.com\/#website"},"datePublished":"2020-01-23T11:23:23+00:00","dateModified":"2020-01-30T10:31:40+00:00","description":"court-m\u00e9trage de fiction de la r\u00e9alisatrice Aur\u00e9lie Pernet. 2014. 4K \/ couleur \/ 17min \/ Suisse. Production HEAD. Cheffe-Op\u00e9ratrice : Mirjam Landolt","breadcrumb":{"@id":"https:\/\/mirjamlandolt.com\/de\/meccarrillos\/#breadcrumb"},"inLanguage":"de-CH","potentialAction":[{"@type":"ReadAction","target":["https:\/\/mirjamlandolt.com\/de\/meccarrillos\/"]}]},{"@type":"BreadcrumbList","@id":"https:\/\/mirjamlandolt.com\/de\/meccarrillos\/#breadcrumb","itemListElement":[{"@type":"ListItem","position":1,"name":"Accueil","item":"https:\/\/mirjamlandolt.com\/"},{"@type":"ListItem","position":2,"name":"meccarrillos"}]},{"@type":"WebSite","@id":"https:\/\/mirjamlandolt.com\/#website","url":"https:\/\/mirjamlandolt.com\/","name":"Mirjam Landolt","description":"Portfolio","potentialAction":[{"@type":"SearchAction","target":{"@type":"EntryPoint","urlTemplate":"https:\/\/mirjamlandolt.com\/?s={search_term_string}"},"query-input":{"@type":"PropertyValueSpecification","valueRequired":true,"valueName":"search_term_string"}}],"inLanguage":"de-CH"}]}},"_links":{"self":[{"href":"http:\/\/mirjamlandolt.com\/de\/wp-json\/wp\/v2\/pages\/1014","targetHints":{"allow":["GET"]}}],"collection":[{"href":"http:\/\/mirjamlandolt.com\/de\/wp-json\/wp\/v2\/pages"}],"about":[{"href":"http:\/\/mirjamlandolt.com\/de\/wp-json\/wp\/v2\/types\/page"}],"author":[{"embeddable":true,"href":"http:\/\/mirjamlandolt.com\/de\/wp-json\/wp\/v2\/users\/1"}],"replies":[{"embeddable":true,"href":"http:\/\/mirjamlandolt.com\/de\/wp-json\/wp\/v2\/comments?post=1014"}],"version-history":[{"count":11,"href":"http:\/\/mirjamlandolt.com\/de\/wp-json\/wp\/v2\/pages\/1014\/revisions"}],"predecessor-version":[{"id":1545,"href":"http:\/\/mirjamlandolt.com\/de\/wp-json\/wp\/v2\/pages\/1014\/revisions\/1545"}],"wp:attachment":[{"href":"http:\/\/mirjamlandolt.com\/de\/wp-json\/wp\/v2\/media?parent=1014"}],"curies":[{"name":"wp","href":"https:\/\/api.w.org\/{rel}","templated":true}]}}